{"id":1851,"date":"2026-01-10T08:08:24","date_gmt":"2026-01-10T07:08:24","guid":{"rendered":"https:\/\/sk-naturkosmetik.de\/produkt\/balance-creme-a-largousier-jour-et-nuit-pour-peaux-sensibles-et-matures\/"},"modified":"2026-01-10T08:08:24","modified_gmt":"2026-01-10T07:08:24","slug":"balance-creme-a-largousier-jour-et-nuit-pour-peaux-sensibles-et-matures","status":"publish","type":"product","link":"https:\/\/sk-naturkosmetik.de\/fr\/produkt\/balance-creme-a-largousier-jour-et-nuit-pour-peaux-sensibles-et-matures\/","title":{"rendered":"BALANCE &#8211; Cr\u00e8me \u00e0 l&rsquo;argousier jour et nuit pour peaux sensibles et matures"},"excerpt":{"rendered":"<ul>\n<li>Soin riche de jour et de nuit pour les peaux sensibles et matures<\/li>\n<li>Nourrit intens\u00e9ment et favorise la r\u00e9g\u00e9n\u00e9ration<\/li>\n<li>Avec de l&rsquo;huile d&rsquo;argousier, de l&rsquo;hyaluron, du paracress et des extraits de plantes apaisants<\/li>\n<li>Riche en soin mais l\u00e9g\u00e8re sur la peau et non grasse<\/li>\n<li>V\u00e9g\u00e9talien et sans ingr\u00e9dients nocifs<\/li>\n<li>Fait \u00e0 la main en Allemagne<\/li>\n<li>Fabriqu\u00e9 avec l&rsquo;eau de source de la pleine lune de St Leonhard<\/li>\n<\/ul>\n","protected":false},"featured_media":1855,"comment_status":"closed","ping_status":"closed","template":"","meta":{"_acf_changed":false,"_et_pb_use_builder":"off","_et_pb_old_content":"","_et_gb_content_width":""},"product_brand":[],"product_cat":[118],"product_tag":[],"class_list":{"0":"post-1851","1":"product","2":"type-product","3":"status-publish","4":"has-post-thumbnail","6":"product_cat-cremes-de-soin","8":"first","9":"instock","10":"taxable","11":"shipping-taxable","12":"purchasable","13":"product-type-simple"},"acf":[],"yoast_head":"<!-- This site is optimized with the Yoast SEO plugin v27.1 - https:\/\/yoast.com\/product\/yoast-seo-wordpress\/ -->\n<title>BALANCE - Cr\u00e8me \u00e0 l&#039;argousier jour et nuit pour peaux sensibles et matures - SK Naturkosmetik<\/title>\n<meta name=\"robots\" content=\"index, follow, max-snippet:-1, max-image-preview:large, max-video-preview:-1\" \/>\n<link rel=\"canonical\" href=\"https:\/\/sk-naturkosmetik.de\/fr\/produkt\/balance-creme-a-largousier-jour-et-nuit-pour-peaux-sensibles-et-matures\/\" \/>\n<meta property=\"og:locale\" content=\"fr_FR\" \/>\n<meta property=\"og:type\" content=\"article\" \/>\n<meta property=\"og:title\" content=\"BALANCE - Cr\u00e8me \u00e0 l&#039;argousier jour et nuit pour peaux sensibles et matures - SK Naturkosmetik\" \/>\n<meta property=\"og:description\" content=\"Soin riche de jour et de nuit pour les peaux sensibles et matures  Nourrit intens\u00e9ment et favorise la r\u00e9g\u00e9n\u00e9ration  Avec de l&#039;huile d&#039;argousier, de l&#039;hyaluron, du paracress et des extraits de plantes apaisants  Riche en soin mais l\u00e9g\u00e8re sur la peau et non grasse  V\u00e9g\u00e9talien et sans ingr\u00e9dients nocifs  Fait \u00e0 la main en Allemagne  Fabriqu\u00e9 avec l&#039;eau de source de la pleine lune de St Leonhard\" \/>\n<meta property=\"og:url\" content=\"https:\/\/sk-naturkosmetik.de\/fr\/produkt\/balance-creme-a-largousier-jour-et-nuit-pour-peaux-sensibles-et-matures\/\" \/>\n<meta property=\"og:site_name\" content=\"SK Naturkosmetik\" \/>\n<meta property=\"article:publisher\" content=\"https:\/\/www.facebook.com\/sksuggi\" \/>\n<meta property=\"og:image\" content=\"https:\/\/sk-naturkosmetik.de\/wp-content\/uploads\/2025\/12\/Balance_05.jpg\" \/>\n\t<meta property=\"og:image:width\" content=\"1500\" \/>\n\t<meta property=\"og:image:height\" content=\"1500\" \/>\n\t<meta property=\"og:image:type\" content=\"image\/jpeg\" \/>\n<meta name=\"twitter:card\" content=\"summary_large_image\" \/>\n<script type=\"application\/ld+json\" class=\"yoast-schema-graph\">{\"@context\":\"https:\/\/schema.org\",\"@graph\":[{\"@type\":\"WebPage\",\"@id\":\"https:\/\/sk-naturkosmetik.de\/fr\/produkt\/balance-creme-a-largousier-jour-et-nuit-pour-peaux-sensibles-et-matures\/\",\"url\":\"https:\/\/sk-naturkosmetik.de\/fr\/produkt\/balance-creme-a-largousier-jour-et-nuit-pour-peaux-sensibles-et-matures\/\",\"name\":\"BALANCE - Cr\u00e8me \u00e0 l'argousier jour et nuit pour peaux sensibles et matures - SK Naturkosmetik\",\"isPartOf\":{\"@id\":\"https:\/\/sk-naturkosmetik.de\/fr\/#website\"},\"primaryImageOfPage\":{\"@id\":\"https:\/\/sk-naturkosmetik.de\/fr\/produkt\/balance-creme-a-largousier-jour-et-nuit-pour-peaux-sensibles-et-matures\/#primaryimage\"},\"image\":{\"@id\":\"https:\/\/sk-naturkosmetik.de\/fr\/produkt\/balance-creme-a-largousier-jour-et-nuit-pour-peaux-sensibles-et-matures\/#primaryimage\"},\"thumbnailUrl\":\"https:\/\/sk-naturkosmetik.de\/wp-content\/uploads\/2025\/12\/Balance_05.jpg\",\"datePublished\":\"2026-01-10T07:08:24+00:00\",\"breadcrumb\":{\"@id\":\"https:\/\/sk-naturkosmetik.de\/fr\/produkt\/balance-creme-a-largousier-jour-et-nuit-pour-peaux-sensibles-et-matures\/#breadcrumb\"},\"inLanguage\":\"fr-FR\",\"potentialAction\":[{\"@type\":\"ReadAction\",\"target\":[\"https:\/\/sk-naturkosmetik.de\/fr\/produkt\/balance-creme-a-largousier-jour-et-nuit-pour-peaux-sensibles-et-matures\/\"]}]},{\"@type\":\"ImageObject\",\"inLanguage\":\"fr-FR\",\"@id\":\"https:\/\/sk-naturkosmetik.de\/fr\/produkt\/balance-creme-a-largousier-jour-et-nuit-pour-peaux-sensibles-et-matures\/#primaryimage\",\"url\":\"https:\/\/sk-naturkosmetik.de\/wp-content\/uploads\/2025\/12\/Balance_05.jpg\",\"contentUrl\":\"https:\/\/sk-naturkosmetik.de\/wp-content\/uploads\/2025\/12\/Balance_05.jpg\",\"width\":1500,\"height\":1500,\"caption\":\"balance sanddorn creme naturkosmetik anwendung\"},{\"@type\":\"BreadcrumbList\",\"@id\":\"https:\/\/sk-naturkosmetik.de\/fr\/produkt\/balance-creme-a-largousier-jour-et-nuit-pour-peaux-sensibles-et-matures\/#breadcrumb\",\"itemListElement\":[{\"@type\":\"ListItem\",\"position\":1,\"name\":\"Start\",\"item\":\"https:\/\/sk-naturkosmetik.de\/fr\/page-daccueil\/\"},{\"@type\":\"ListItem\",\"position\":2,\"name\":\"Boutique\",\"item\":\"https:\/\/sk-naturkosmetik.de\/fr\/boutique\/\"},{\"@type\":\"ListItem\",\"position\":3,\"name\":\"BALANCE &#8211; Cr\u00e8me \u00e0 l&#8217;argousier jour et nuit pour peaux sensibles et matures\"}]},{\"@type\":\"WebSite\",\"@id\":\"https:\/\/sk-naturkosmetik.de\/fr\/#website\",\"url\":\"https:\/\/sk-naturkosmetik.de\/fr\/\",\"name\":\"SK Naturkosmetik\",\"description\":\"Premium Naturkosmetik mit Naturkraft, die sichtbar wirkt.\",\"publisher\":{\"@id\":\"https:\/\/sk-naturkosmetik.de\/fr\/#organization\"},\"potentialAction\":[{\"@type\":\"SearchAction\",\"target\":{\"@type\":\"EntryPoint\",\"urlTemplate\":\"https:\/\/sk-naturkosmetik.de\/fr\/?s={search_term_string}\"},\"query-input\":{\"@type\":\"PropertyValueSpecification\",\"valueRequired\":true,\"valueName\":\"search_term_string\"}}],\"inLanguage\":\"fr-FR\"},{\"@type\":\"Organization\",\"@id\":\"https:\/\/sk-naturkosmetik.de\/fr\/#organization\",\"name\":\"SK Naturkosmetik\",\"url\":\"https:\/\/sk-naturkosmetik.de\/fr\/\",\"logo\":{\"@type\":\"ImageObject\",\"inLanguage\":\"fr-FR\",\"@id\":\"https:\/\/sk-naturkosmetik.de\/fr\/#\/schema\/logo\/image\/\",\"url\":\"https:\/\/sk-naturkosmetik.de\/wp-content\/uploads\/2025\/12\/Logo_SK_final-freigestellt.png\",\"contentUrl\":\"https:\/\/sk-naturkosmetik.de\/wp-content\/uploads\/2025\/12\/Logo_SK_final-freigestellt.png\",\"width\":814,\"height\":601,\"caption\":\"SK Naturkosmetik\"},\"image\":{\"@id\":\"https:\/\/sk-naturkosmetik.de\/fr\/#\/schema\/logo\/image\/\"},\"sameAs\":[\"https:\/\/www.facebook.com\/sksuggi\",\"https:\/\/www.instagram.com\/susanne_kaussen\/\"]}]}<\/script>\n<!-- \/ Yoast SEO plugin. -->","yoast_head_json":{"title":"BALANCE - Cr\u00e8me \u00e0 l'argousier jour et nuit pour peaux sensibles et matures - SK Naturkosmetik","robots":{"index":"index","follow":"follow","max-snippet":"max-snippet:-1","max-image-preview":"max-image-preview:large","max-video-preview":"max-video-preview:-1"},"canonical":"https:\/\/sk-naturkosmetik.de\/fr\/produkt\/balance-creme-a-largousier-jour-et-nuit-pour-peaux-sensibles-et-matures\/","og_locale":"fr_FR","og_type":"article","og_title":"BALANCE - Cr\u00e8me \u00e0 l'argousier jour et nuit pour peaux sensibles et matures - SK Naturkosmetik","og_description":"Soin riche de jour et de nuit pour les peaux sensibles et matures  Nourrit intens\u00e9ment et favorise la r\u00e9g\u00e9n\u00e9ration  Avec de l'huile d'argousier, de l'hyaluron, du paracress et des extraits de plantes apaisants  Riche en soin mais l\u00e9g\u00e8re sur la peau et non grasse  V\u00e9g\u00e9talien et sans ingr\u00e9dients nocifs  Fait \u00e0 la main en Allemagne  Fabriqu\u00e9 avec l'eau de source de la pleine lune de St Leonhard","og_url":"https:\/\/sk-naturkosmetik.de\/fr\/produkt\/balance-creme-a-largousier-jour-et-nuit-pour-peaux-sensibles-et-matures\/","og_site_name":"SK Naturkosmetik","article_publisher":"https:\/\/www.facebook.com\/sksuggi","og_image":[{"width":1500,"height":1500,"url":"https:\/\/sk-naturkosmetik.de\/wp-content\/uploads\/2025\/12\/Balance_05.jpg","type":"image\/jpeg"}],"twitter_card":"summary_large_image","schema":{"@context":"https:\/\/schema.org","@graph":[{"@type":"WebPage","@id":"https:\/\/sk-naturkosmetik.de\/fr\/produkt\/balance-creme-a-largousier-jour-et-nuit-pour-peaux-sensibles-et-matures\/","url":"https:\/\/sk-naturkosmetik.de\/fr\/produkt\/balance-creme-a-largousier-jour-et-nuit-pour-peaux-sensibles-et-matures\/","name":"BALANCE - Cr\u00e8me \u00e0 l'argousier jour et nuit pour peaux sensibles et matures - SK Naturkosmetik","isPartOf":{"@id":"https:\/\/sk-naturkosmetik.de\/fr\/#website"},"primaryImageOfPage":{"@id":"https:\/\/sk-naturkosmetik.de\/fr\/produkt\/balance-creme-a-largousier-jour-et-nuit-pour-peaux-sensibles-et-matures\/#primaryimage"},"image":{"@id":"https:\/\/sk-naturkosmetik.de\/fr\/produkt\/balance-creme-a-largousier-jour-et-nuit-pour-peaux-sensibles-et-matures\/#primaryimage"},"thumbnailUrl":"https:\/\/sk-naturkosmetik.de\/wp-content\/uploads\/2025\/12\/Balance_05.jpg","datePublished":"2026-01-10T07:08:24+00:00","breadcrumb":{"@id":"https:\/\/sk-naturkosmetik.de\/fr\/produkt\/balance-creme-a-largousier-jour-et-nuit-pour-peaux-sensibles-et-matures\/#breadcrumb"},"inLanguage":"fr-FR","potentialAction":[{"@type":"ReadAction","target":["https:\/\/sk-naturkosmetik.de\/fr\/produkt\/balance-creme-a-largousier-jour-et-nuit-pour-peaux-sensibles-et-matures\/"]}]},{"@type":"ImageObject","inLanguage":"fr-FR","@id":"https:\/\/sk-naturkosmetik.de\/fr\/produkt\/balance-creme-a-largousier-jour-et-nuit-pour-peaux-sensibles-et-matures\/#primaryimage","url":"https:\/\/sk-naturkosmetik.de\/wp-content\/uploads\/2025\/12\/Balance_05.jpg","contentUrl":"https:\/\/sk-naturkosmetik.de\/wp-content\/uploads\/2025\/12\/Balance_05.jpg","width":1500,"height":1500,"caption":"balance sanddorn creme naturkosmetik anwendung"},{"@type":"BreadcrumbList","@id":"https:\/\/sk-naturkosmetik.de\/fr\/produkt\/balance-creme-a-largousier-jour-et-nuit-pour-peaux-sensibles-et-matures\/#breadcrumb","itemListElement":[{"@type":"ListItem","position":1,"name":"Start","item":"https:\/\/sk-naturkosmetik.de\/fr\/page-daccueil\/"},{"@type":"ListItem","position":2,"name":"Boutique","item":"https:\/\/sk-naturkosmetik.de\/fr\/boutique\/"},{"@type":"ListItem","position":3,"name":"BALANCE &#8211; Cr\u00e8me \u00e0 l&#8217;argousier jour et nuit pour peaux sensibles et matures"}]},{"@type":"WebSite","@id":"https:\/\/sk-naturkosmetik.de\/fr\/#website","url":"https:\/\/sk-naturkosmetik.de\/fr\/","name":"SK Naturkosmetik","description":"Premium Naturkosmetik mit Naturkraft, die sichtbar wirkt.","publisher":{"@id":"https:\/\/sk-naturkosmetik.de\/fr\/#organization"},"potentialAction":[{"@type":"SearchAction","target":{"@type":"EntryPoint","urlTemplate":"https:\/\/sk-naturkosmetik.de\/fr\/?s={search_term_string}"},"query-input":{"@type":"PropertyValueSpecification","valueRequired":true,"valueName":"search_term_string"}}],"inLanguage":"fr-FR"},{"@type":"Organization","@id":"https:\/\/sk-naturkosmetik.de\/fr\/#organization","name":"SK Naturkosmetik","url":"https:\/\/sk-naturkosmetik.de\/fr\/","logo":{"@type":"ImageObject","inLanguage":"fr-FR","@id":"https:\/\/sk-naturkosmetik.de\/fr\/#\/schema\/logo\/image\/","url":"https:\/\/sk-naturkosmetik.de\/wp-content\/uploads\/2025\/12\/Logo_SK_final-freigestellt.png","contentUrl":"https:\/\/sk-naturkosmetik.de\/wp-content\/uploads\/2025\/12\/Logo_SK_final-freigestellt.png","width":814,"height":601,"caption":"SK Naturkosmetik"},"image":{"@id":"https:\/\/sk-naturkosmetik.de\/fr\/#\/schema\/logo\/image\/"},"sameAs":["https:\/\/www.facebook.com\/sksuggi","https:\/\/www.instagram.com\/susanne_kaussen\/"]}]}},"_links":{"self":[{"href":"https:\/\/sk-naturkosmetik.de\/fr\/wp-json\/wp\/v2\/product\/1851","targetHints":{"allow":["GET"]}}],"collection":[{"href":"https:\/\/sk-naturkosmetik.de\/fr\/wp-json\/wp\/v2\/product"}],"about":[{"href":"https:\/\/sk-naturkosmetik.de\/fr\/wp-json\/wp\/v2\/types\/product"}],"replies":[{"embeddable":true,"href":"https:\/\/sk-naturkosmetik.de\/fr\/wp-json\/wp\/v2\/comments?post=1851"}],"wp:featuredmedia":[{"embeddable":true,"href":"https:\/\/sk-naturkosmetik.de\/fr\/wp-json\/wp\/v2\/media\/1855"}],"wp:attachment":[{"href":"https:\/\/sk-naturkosmetik.de\/fr\/wp-json\/wp\/v2\/media?parent=1851"}],"wp:term":[{"taxonomy":"product_brand","embeddable":true,"href":"https:\/\/sk-naturkosmetik.de\/fr\/wp-json\/wp\/v2\/product_brand?post=1851"},{"taxonomy":"product_cat","embeddable":true,"href":"https:\/\/sk-naturkosmetik.de\/fr\/wp-json\/wp\/v2\/product_cat?post=1851"},{"taxonomy":"product_tag","embeddable":true,"href":"https:\/\/sk-naturkosmetik.de\/fr\/wp-json\/wp\/v2\/product_tag?post=1851"}],"curies":[{"name":"wp","href":"https:\/\/api.w.org\/{rel}","templated":true}]}}