{"id":1865,"date":"2026-01-09T18:32:22","date_gmt":"2026-01-09T17:32:22","guid":{"rendered":"https:\/\/sk-naturkosmetik.de\/produkt\/finition-lait-nettoyant-doux-pour-peaux-sensibles-et-seches\/"},"modified":"2026-01-09T18:32:22","modified_gmt":"2026-01-09T17:32:22","slug":"finition-lait-nettoyant-doux-pour-peaux-sensibles-et-seches","status":"publish","type":"product","link":"https:\/\/sk-naturkosmetik.de\/fr\/produkt\/finition-lait-nettoyant-doux-pour-peaux-sensibles-et-seches\/","title":{"rendered":"FINITION &#8211; Lait nettoyant doux pour peaux sensibles et s\u00e8ches"},"excerpt":{"rendered":"<ul>\n<li>Avec de l&rsquo;argile fine de porcelaine pour un grain de peau affin\u00e9 et clair<\/li>\n<li>l&rsquo;huile d&rsquo;amande d&rsquo;abricot et l&rsquo;huile de jojoba hydratent et prot\u00e8gent la peau<\/li>\n<li>La vitamine E et la B12 favorisent la r\u00e9g\u00e9n\u00e9ration et l&rsquo;\u00e9quilibre naturel<\/li>\n<li>D\u00e9maquille aussi les yeux en douceur sans les br\u00fbler<\/li>\n<li>Exempt d&rsquo;alcool et d&rsquo;ingr\u00e9dients douteux<\/li>\n<li>Cosm\u00e9tiques naturels faits main en Allemagne<\/li>\n<\/ul>\n","protected":false},"featured_media":122,"comment_status":"closed","ping_status":"closed","template":"","meta":{"_acf_changed":false,"_et_pb_use_builder":"","_et_pb_old_content":"","_et_gb_content_width":""},"product_brand":[],"product_cat":[117],"product_tag":[],"class_list":{"0":"post-1865","1":"product","2":"type-product","3":"status-publish","4":"has-post-thumbnail","6":"product_cat-nettoyage-et-lotion-tonique","8":"first","9":"instock","10":"taxable","11":"shipping-taxable","12":"purchasable","13":"product-type-simple"},"acf":[],"yoast_head":"<!-- This site is optimized with the Yoast SEO plugin v27.1 - https:\/\/yoast.com\/product\/yoast-seo-wordpress\/ -->\n<title>FINITION - Lait nettoyant doux pour peaux sensibles et s\u00e8ches - SK Naturkosmetik<\/title>\n<meta name=\"robots\" content=\"index, follow, max-snippet:-1, max-image-preview:large, max-video-preview:-1\" \/>\n<link rel=\"canonical\" href=\"https:\/\/sk-naturkosmetik.de\/fr\/produkt\/finition-lait-nettoyant-doux-pour-peaux-sensibles-et-seches\/\" \/>\n<meta property=\"og:locale\" content=\"fr_FR\" \/>\n<meta property=\"og:type\" content=\"article\" \/>\n<meta property=\"og:title\" content=\"FINITION - Lait nettoyant doux pour peaux sensibles et s\u00e8ches - SK Naturkosmetik\" \/>\n<meta property=\"og:description\" content=\"Avec de l&#039;argile fine de porcelaine pour un grain de peau affin\u00e9 et clair  l&#039;huile d&#039;amande d&#039;abricot et l&#039;huile de jojoba hydratent et prot\u00e8gent la peau  La vitamine E et la B12 favorisent la r\u00e9g\u00e9n\u00e9ration et l&#039;\u00e9quilibre naturel  D\u00e9maquille aussi les yeux en douceur sans les br\u00fbler  Exempt d&#039;alcool et d&#039;ingr\u00e9dients douteux  Cosm\u00e9tiques naturels faits main en Allemagne\" \/>\n<meta property=\"og:url\" content=\"https:\/\/sk-naturkosmetik.de\/fr\/produkt\/finition-lait-nettoyant-doux-pour-peaux-sensibles-et-seches\/\" \/>\n<meta property=\"og:site_name\" content=\"SK Naturkosmetik\" \/>\n<meta property=\"article:publisher\" content=\"https:\/\/www.facebook.com\/sksuggi\" \/>\n<meta property=\"og:image\" content=\"https:\/\/sk-naturkosmetik.de\/wp-content\/uploads\/2025\/12\/Feinheit_02.jpg\" \/>\n\t<meta property=\"og:image:width\" content=\"1500\" \/>\n\t<meta property=\"og:image:height\" content=\"1500\" \/>\n\t<meta property=\"og:image:type\" content=\"image\/jpeg\" \/>\n<meta name=\"twitter:card\" content=\"summary_large_image\" \/>\n<script type=\"application\/ld+json\" class=\"yoast-schema-graph\">{\"@context\":\"https:\/\/schema.org\",\"@graph\":[{\"@type\":\"WebPage\",\"@id\":\"https:\/\/sk-naturkosmetik.de\/fr\/produkt\/finition-lait-nettoyant-doux-pour-peaux-sensibles-et-seches\/\",\"url\":\"https:\/\/sk-naturkosmetik.de\/fr\/produkt\/finition-lait-nettoyant-doux-pour-peaux-sensibles-et-seches\/\",\"name\":\"FINITION - Lait nettoyant doux pour peaux sensibles et s\u00e8ches - SK Naturkosmetik\",\"isPartOf\":{\"@id\":\"https:\/\/sk-naturkosmetik.de\/fr\/#website\"},\"primaryImageOfPage\":{\"@id\":\"https:\/\/sk-naturkosmetik.de\/fr\/produkt\/finition-lait-nettoyant-doux-pour-peaux-sensibles-et-seches\/#primaryimage\"},\"image\":{\"@id\":\"https:\/\/sk-naturkosmetik.de\/fr\/produkt\/finition-lait-nettoyant-doux-pour-peaux-sensibles-et-seches\/#primaryimage\"},\"thumbnailUrl\":\"https:\/\/sk-naturkosmetik.de\/wp-content\/uploads\/2025\/12\/Feinheit_02.jpg\",\"datePublished\":\"2026-01-09T17:32:22+00:00\",\"breadcrumb\":{\"@id\":\"https:\/\/sk-naturkosmetik.de\/fr\/produkt\/finition-lait-nettoyant-doux-pour-peaux-sensibles-et-seches\/#breadcrumb\"},\"inLanguage\":\"fr-FR\",\"potentialAction\":[{\"@type\":\"ReadAction\",\"target\":[\"https:\/\/sk-naturkosmetik.de\/fr\/produkt\/finition-lait-nettoyant-doux-pour-peaux-sensibles-et-seches\/\"]}]},{\"@type\":\"ImageObject\",\"inLanguage\":\"fr-FR\",\"@id\":\"https:\/\/sk-naturkosmetik.de\/fr\/produkt\/finition-lait-nettoyant-doux-pour-peaux-sensibles-et-seches\/#primaryimage\",\"url\":\"https:\/\/sk-naturkosmetik.de\/wp-content\/uploads\/2025\/12\/Feinheit_02.jpg\",\"contentUrl\":\"https:\/\/sk-naturkosmetik.de\/wp-content\/uploads\/2025\/12\/Feinheit_02.jpg\",\"width\":1500,\"height\":1500},{\"@type\":\"BreadcrumbList\",\"@id\":\"https:\/\/sk-naturkosmetik.de\/fr\/produkt\/finition-lait-nettoyant-doux-pour-peaux-sensibles-et-seches\/#breadcrumb\",\"itemListElement\":[{\"@type\":\"ListItem\",\"position\":1,\"name\":\"Start\",\"item\":\"https:\/\/sk-naturkosmetik.de\/fr\/page-daccueil\/\"},{\"@type\":\"ListItem\",\"position\":2,\"name\":\"Boutique\",\"item\":\"https:\/\/sk-naturkosmetik.de\/fr\/boutique\/\"},{\"@type\":\"ListItem\",\"position\":3,\"name\":\"FINITION &#8211; Lait nettoyant doux pour peaux sensibles et s\u00e8ches\"}]},{\"@type\":\"WebSite\",\"@id\":\"https:\/\/sk-naturkosmetik.de\/fr\/#website\",\"url\":\"https:\/\/sk-naturkosmetik.de\/fr\/\",\"name\":\"SK Naturkosmetik\",\"description\":\"Premium Naturkosmetik mit Naturkraft, die sichtbar wirkt.\",\"publisher\":{\"@id\":\"https:\/\/sk-naturkosmetik.de\/fr\/#organization\"},\"potentialAction\":[{\"@type\":\"SearchAction\",\"target\":{\"@type\":\"EntryPoint\",\"urlTemplate\":\"https:\/\/sk-naturkosmetik.de\/fr\/?s={search_term_string}\"},\"query-input\":{\"@type\":\"PropertyValueSpecification\",\"valueRequired\":true,\"valueName\":\"search_term_string\"}}],\"inLanguage\":\"fr-FR\"},{\"@type\":\"Organization\",\"@id\":\"https:\/\/sk-naturkosmetik.de\/fr\/#organization\",\"name\":\"SK Naturkosmetik\",\"url\":\"https:\/\/sk-naturkosmetik.de\/fr\/\",\"logo\":{\"@type\":\"ImageObject\",\"inLanguage\":\"fr-FR\",\"@id\":\"https:\/\/sk-naturkosmetik.de\/fr\/#\/schema\/logo\/image\/\",\"url\":\"https:\/\/sk-naturkosmetik.de\/wp-content\/uploads\/2025\/12\/Logo_SK_final-freigestellt.png\",\"contentUrl\":\"https:\/\/sk-naturkosmetik.de\/wp-content\/uploads\/2025\/12\/Logo_SK_final-freigestellt.png\",\"width\":814,\"height\":601,\"caption\":\"SK Naturkosmetik\"},\"image\":{\"@id\":\"https:\/\/sk-naturkosmetik.de\/fr\/#\/schema\/logo\/image\/\"},\"sameAs\":[\"https:\/\/www.facebook.com\/sksuggi\",\"https:\/\/www.instagram.com\/susanne_kaussen\/\"]}]}<\/script>\n<!-- \/ Yoast SEO plugin. -->","yoast_head_json":{"title":"FINITION - Lait nettoyant doux pour peaux sensibles et s\u00e8ches - SK Naturkosmetik","robots":{"index":"index","follow":"follow","max-snippet":"max-snippet:-1","max-image-preview":"max-image-preview:large","max-video-preview":"max-video-preview:-1"},"canonical":"https:\/\/sk-naturkosmetik.de\/fr\/produkt\/finition-lait-nettoyant-doux-pour-peaux-sensibles-et-seches\/","og_locale":"fr_FR","og_type":"article","og_title":"FINITION - Lait nettoyant doux pour peaux sensibles et s\u00e8ches - SK Naturkosmetik","og_description":"Avec de l'argile fine de porcelaine pour un grain de peau affin\u00e9 et clair  l'huile d'amande d'abricot et l'huile de jojoba hydratent et prot\u00e8gent la peau  La vitamine E et la B12 favorisent la r\u00e9g\u00e9n\u00e9ration et l'\u00e9quilibre naturel  D\u00e9maquille aussi les yeux en douceur sans les br\u00fbler  Exempt d'alcool et d'ingr\u00e9dients douteux  Cosm\u00e9tiques naturels faits main en Allemagne","og_url":"https:\/\/sk-naturkosmetik.de\/fr\/produkt\/finition-lait-nettoyant-doux-pour-peaux-sensibles-et-seches\/","og_site_name":"SK Naturkosmetik","article_publisher":"https:\/\/www.facebook.com\/sksuggi","og_image":[{"width":1500,"height":1500,"url":"https:\/\/sk-naturkosmetik.de\/wp-content\/uploads\/2025\/12\/Feinheit_02.jpg","type":"image\/jpeg"}],"twitter_card":"summary_large_image","schema":{"@context":"https:\/\/schema.org","@graph":[{"@type":"WebPage","@id":"https:\/\/sk-naturkosmetik.de\/fr\/produkt\/finition-lait-nettoyant-doux-pour-peaux-sensibles-et-seches\/","url":"https:\/\/sk-naturkosmetik.de\/fr\/produkt\/finition-lait-nettoyant-doux-pour-peaux-sensibles-et-seches\/","name":"FINITION - Lait nettoyant doux pour peaux sensibles et s\u00e8ches - SK Naturkosmetik","isPartOf":{"@id":"https:\/\/sk-naturkosmetik.de\/fr\/#website"},"primaryImageOfPage":{"@id":"https:\/\/sk-naturkosmetik.de\/fr\/produkt\/finition-lait-nettoyant-doux-pour-peaux-sensibles-et-seches\/#primaryimage"},"image":{"@id":"https:\/\/sk-naturkosmetik.de\/fr\/produkt\/finition-lait-nettoyant-doux-pour-peaux-sensibles-et-seches\/#primaryimage"},"thumbnailUrl":"https:\/\/sk-naturkosmetik.de\/wp-content\/uploads\/2025\/12\/Feinheit_02.jpg","datePublished":"2026-01-09T17:32:22+00:00","breadcrumb":{"@id":"https:\/\/sk-naturkosmetik.de\/fr\/produkt\/finition-lait-nettoyant-doux-pour-peaux-sensibles-et-seches\/#breadcrumb"},"inLanguage":"fr-FR","potentialAction":[{"@type":"ReadAction","target":["https:\/\/sk-naturkosmetik.de\/fr\/produkt\/finition-lait-nettoyant-doux-pour-peaux-sensibles-et-seches\/"]}]},{"@type":"ImageObject","inLanguage":"fr-FR","@id":"https:\/\/sk-naturkosmetik.de\/fr\/produkt\/finition-lait-nettoyant-doux-pour-peaux-sensibles-et-seches\/#primaryimage","url":"https:\/\/sk-naturkosmetik.de\/wp-content\/uploads\/2025\/12\/Feinheit_02.jpg","contentUrl":"https:\/\/sk-naturkosmetik.de\/wp-content\/uploads\/2025\/12\/Feinheit_02.jpg","width":1500,"height":1500},{"@type":"BreadcrumbList","@id":"https:\/\/sk-naturkosmetik.de\/fr\/produkt\/finition-lait-nettoyant-doux-pour-peaux-sensibles-et-seches\/#breadcrumb","itemListElement":[{"@type":"ListItem","position":1,"name":"Start","item":"https:\/\/sk-naturkosmetik.de\/fr\/page-daccueil\/"},{"@type":"ListItem","position":2,"name":"Boutique","item":"https:\/\/sk-naturkosmetik.de\/fr\/boutique\/"},{"@type":"ListItem","position":3,"name":"FINITION &#8211; Lait nettoyant doux pour peaux sensibles et s\u00e8ches"}]},{"@type":"WebSite","@id":"https:\/\/sk-naturkosmetik.de\/fr\/#website","url":"https:\/\/sk-naturkosmetik.de\/fr\/","name":"SK Naturkosmetik","description":"Premium Naturkosmetik mit Naturkraft, die sichtbar wirkt.","publisher":{"@id":"https:\/\/sk-naturkosmetik.de\/fr\/#organization"},"potentialAction":[{"@type":"SearchAction","target":{"@type":"EntryPoint","urlTemplate":"https:\/\/sk-naturkosmetik.de\/fr\/?s={search_term_string}"},"query-input":{"@type":"PropertyValueSpecification","valueRequired":true,"valueName":"search_term_string"}}],"inLanguage":"fr-FR"},{"@type":"Organization","@id":"https:\/\/sk-naturkosmetik.de\/fr\/#organization","name":"SK Naturkosmetik","url":"https:\/\/sk-naturkosmetik.de\/fr\/","logo":{"@type":"ImageObject","inLanguage":"fr-FR","@id":"https:\/\/sk-naturkosmetik.de\/fr\/#\/schema\/logo\/image\/","url":"https:\/\/sk-naturkosmetik.de\/wp-content\/uploads\/2025\/12\/Logo_SK_final-freigestellt.png","contentUrl":"https:\/\/sk-naturkosmetik.de\/wp-content\/uploads\/2025\/12\/Logo_SK_final-freigestellt.png","width":814,"height":601,"caption":"SK Naturkosmetik"},"image":{"@id":"https:\/\/sk-naturkosmetik.de\/fr\/#\/schema\/logo\/image\/"},"sameAs":["https:\/\/www.facebook.com\/sksuggi","https:\/\/www.instagram.com\/susanne_kaussen\/"]}]}},"_links":{"self":[{"href":"https:\/\/sk-naturkosmetik.de\/fr\/wp-json\/wp\/v2\/product\/1865","targetHints":{"allow":["GET"]}}],"collection":[{"href":"https:\/\/sk-naturkosmetik.de\/fr\/wp-json\/wp\/v2\/product"}],"about":[{"href":"https:\/\/sk-naturkosmetik.de\/fr\/wp-json\/wp\/v2\/types\/product"}],"replies":[{"embeddable":true,"href":"https:\/\/sk-naturkosmetik.de\/fr\/wp-json\/wp\/v2\/comments?post=1865"}],"wp:featuredmedia":[{"embeddable":true,"href":"https:\/\/sk-naturkosmetik.de\/fr\/wp-json\/wp\/v2\/media\/122"}],"wp:attachment":[{"href":"https:\/\/sk-naturkosmetik.de\/fr\/wp-json\/wp\/v2\/media?parent=1865"}],"wp:term":[{"taxonomy":"product_brand","embeddable":true,"href":"https:\/\/sk-naturkosmetik.de\/fr\/wp-json\/wp\/v2\/product_brand?post=1865"},{"taxonomy":"product_cat","embeddable":true,"href":"https:\/\/sk-naturkosmetik.de\/fr\/wp-json\/wp\/v2\/product_cat?post=1865"},{"taxonomy":"product_tag","embeddable":true,"href":"https:\/\/sk-naturkosmetik.de\/fr\/wp-json\/wp\/v2\/product_tag?post=1865"}],"curies":[{"name":"wp","href":"https:\/\/api.w.org\/{rel}","templated":true}]}}