{"id":1879,"date":"2026-01-05T18:50:59","date_gmt":"2026-01-05T17:50:59","guid":{"rendered":"https:\/\/sk-naturkosmetik.de\/produkt\/kit-de-soins-de-base\/"},"modified":"2026-01-05T18:50:59","modified_gmt":"2026-01-05T17:50:59","slug":"kit-de-soins-de-base","status":"publish","type":"product","link":"https:\/\/sk-naturkosmetik.de\/fr\/produkt\/kit-de-soins-de-base\/","title":{"rendered":"Kit de soins de base"},"excerpt":{"rendered":"<ul>\n<li>D\u00e9marrage en douceur d&rsquo;une routine de soins claire<\/li>\n<li>Nettoyage, clarification et soin judicieusement coordonn\u00e9s<\/li>\n<li>La peau apr\u00e8s le passage des soins conventionnels aux cosm\u00e9tiques naturels<\/li>\n<li>Id\u00e9al pour les peaux sensibles ou qui ont besoin de changer de peau<\/li>\n<li>Moins de produits, plus de repos pour la peau<\/li>\n<li>Compil\u00e9 par moi \u00e0 partir d&rsquo;ann\u00e9es d&rsquo;exp\u00e9rience<\/li>\n<\/ul>\n<p><img loading=\"lazy\" decoding=\"async\" class=\"alignnone size-medium wp-image-35\" src=\"https:\/\/sk-naturkosmetik.de\/wp-content\/uploads\/2025\/12\/Bd_Basis_Ic_01_DeineBasis-282x300.png\" alt=\"\" width=\"282\" height=\"300\" srcset=\"https:\/\/sk-naturkosmetik.de\/wp-content\/uploads\/2025\/12\/Bd_Basis_Ic_01_DeineBasis-282x300.png 282w, https:\/\/sk-naturkosmetik.de\/wp-content\/uploads\/2025\/12\/Bd_Basis_Ic_01_DeineBasis.png 428w\" sizes=\"(max-width: 282px) 100vw, 282px\" \/> <img loading=\"lazy\" decoding=\"async\" class=\"alignnone size-medium wp-image-36\" src=\"https:\/\/sk-naturkosmetik.de\/wp-content\/uploads\/2025\/12\/Bd_Basis_Ic_02_PerfekterEinstieg-261x300.png\" alt=\"\" width=\"261\" height=\"300\" srcset=\"https:\/\/sk-naturkosmetik.de\/wp-content\/uploads\/2025\/12\/Bd_Basis_Ic_02_PerfekterEinstieg-261x300.png 261w, https:\/\/sk-naturkosmetik.de\/wp-content\/uploads\/2025\/12\/Bd_Basis_Ic_02_PerfekterEinstieg.png 421w\" sizes=\"(max-width: 261px) 100vw, 261px\" \/> <img loading=\"lazy\" decoding=\"async\" class=\"alignnone size-medium wp-image-37\" src=\"https:\/\/sk-naturkosmetik.de\/wp-content\/uploads\/2025\/12\/Bd_Basis_Ic_03_Natuerlichschoen-264x300.png\" alt=\"\" width=\"264\" height=\"300\" srcset=\"https:\/\/sk-naturkosmetik.de\/wp-content\/uploads\/2025\/12\/Bd_Basis_Ic_03_Natuerlichschoen-264x300.png 264w, https:\/\/sk-naturkosmetik.de\/wp-content\/uploads\/2025\/12\/Bd_Basis_Ic_03_Natuerlichschoen.png 421w\" sizes=\"(max-width: 264px) 100vw, 264px\" \/><\/p>\n","protected":false},"featured_media":52,"comment_status":"closed","ping_status":"closed","template":"","meta":{"_acf_changed":false,"_et_pb_use_builder":"","_et_pb_old_content":"","_et_gb_content_width":""},"product_brand":[],"product_cat":[123],"product_tag":[],"class_list":{"0":"post-1879","1":"product","2":"type-product","3":"status-publish","4":"has-post-thumbnail","6":"product_cat-bundles","8":"first","9":"instock","10":"taxable","11":"shipping-taxable","12":"purchasable","13":"product-type-simple"},"acf":[],"yoast_head":"<!-- This site is optimized with the Yoast SEO plugin v27.1 - https:\/\/yoast.com\/product\/yoast-seo-wordpress\/ -->\n<title>Kit de soins de base - SK Naturkosmetik<\/title>\n<meta name=\"robots\" content=\"index, follow, max-snippet:-1, max-image-preview:large, max-video-preview:-1\" \/>\n<link rel=\"canonical\" href=\"https:\/\/sk-naturkosmetik.de\/fr\/produkt\/kit-de-soins-de-base\/\" \/>\n<meta property=\"og:locale\" content=\"fr_FR\" \/>\n<meta property=\"og:type\" content=\"article\" \/>\n<meta property=\"og:title\" content=\"Kit de soins de base - SK Naturkosmetik\" \/>\n<meta property=\"og:description\" content=\"D\u00e9marrage en douceur d&#039;une routine de soins claire  Nettoyage, clarification et soin judicieusement coordonn\u00e9s  La peau apr\u00e8s le passage des soins conventionnels aux cosm\u00e9tiques naturels  Id\u00e9al pour les peaux sensibles ou qui ont besoin de changer de peau  Moins de produits, plus de repos pour la peau  Compil\u00e9 par moi \u00e0 partir d&#039;ann\u00e9es d&#039;exp\u00e9rience\" \/>\n<meta property=\"og:url\" content=\"https:\/\/sk-naturkosmetik.de\/fr\/produkt\/kit-de-soins-de-base\/\" \/>\n<meta property=\"og:site_name\" content=\"SK Naturkosmetik\" \/>\n<meta property=\"article:publisher\" content=\"https:\/\/www.facebook.com\/sksuggi\" \/>\n<meta property=\"og:image\" content=\"https:\/\/sk-naturkosmetik.de\/wp-content\/uploads\/2025\/12\/Bundle_Basis_02.jpg\" \/>\n\t<meta property=\"og:image:width\" content=\"1500\" \/>\n\t<meta property=\"og:image:height\" content=\"1500\" \/>\n\t<meta property=\"og:image:type\" content=\"image\/jpeg\" \/>\n<meta name=\"twitter:card\" content=\"summary_large_image\" \/>\n<script type=\"application\/ld+json\" class=\"yoast-schema-graph\">{\"@context\":\"https:\/\/schema.org\",\"@graph\":[{\"@type\":\"WebPage\",\"@id\":\"https:\/\/sk-naturkosmetik.de\/fr\/produkt\/kit-de-soins-de-base\/\",\"url\":\"https:\/\/sk-naturkosmetik.de\/fr\/produkt\/kit-de-soins-de-base\/\",\"name\":\"Kit de soins de base - SK Naturkosmetik\",\"isPartOf\":{\"@id\":\"https:\/\/sk-naturkosmetik.de\/fr\/#website\"},\"primaryImageOfPage\":{\"@id\":\"https:\/\/sk-naturkosmetik.de\/fr\/produkt\/kit-de-soins-de-base\/#primaryimage\"},\"image\":{\"@id\":\"https:\/\/sk-naturkosmetik.de\/fr\/produkt\/kit-de-soins-de-base\/#primaryimage\"},\"thumbnailUrl\":\"https:\/\/sk-naturkosmetik.de\/wp-content\/uploads\/2025\/12\/Bundle_Basis_02.jpg\",\"datePublished\":\"2026-01-05T17:50:59+00:00\",\"breadcrumb\":{\"@id\":\"https:\/\/sk-naturkosmetik.de\/fr\/produkt\/kit-de-soins-de-base\/#breadcrumb\"},\"inLanguage\":\"fr-FR\",\"potentialAction\":[{\"@type\":\"ReadAction\",\"target\":[\"https:\/\/sk-naturkosmetik.de\/fr\/produkt\/kit-de-soins-de-base\/\"]}]},{\"@type\":\"ImageObject\",\"inLanguage\":\"fr-FR\",\"@id\":\"https:\/\/sk-naturkosmetik.de\/fr\/produkt\/kit-de-soins-de-base\/#primaryimage\",\"url\":\"https:\/\/sk-naturkosmetik.de\/wp-content\/uploads\/2025\/12\/Bundle_Basis_02.jpg\",\"contentUrl\":\"https:\/\/sk-naturkosmetik.de\/wp-content\/uploads\/2025\/12\/Bundle_Basis_02.jpg\",\"width\":1500,\"height\":1500},{\"@type\":\"BreadcrumbList\",\"@id\":\"https:\/\/sk-naturkosmetik.de\/fr\/produkt\/kit-de-soins-de-base\/#breadcrumb\",\"itemListElement\":[{\"@type\":\"ListItem\",\"position\":1,\"name\":\"Start\",\"item\":\"https:\/\/sk-naturkosmetik.de\/fr\/page-daccueil\/\"},{\"@type\":\"ListItem\",\"position\":2,\"name\":\"Boutique\",\"item\":\"https:\/\/sk-naturkosmetik.de\/fr\/boutique\/\"},{\"@type\":\"ListItem\",\"position\":3,\"name\":\"Kit de soins de base\"}]},{\"@type\":\"WebSite\",\"@id\":\"https:\/\/sk-naturkosmetik.de\/fr\/#website\",\"url\":\"https:\/\/sk-naturkosmetik.de\/fr\/\",\"name\":\"SK Naturkosmetik\",\"description\":\"Premium Naturkosmetik mit Naturkraft, die sichtbar wirkt.\",\"publisher\":{\"@id\":\"https:\/\/sk-naturkosmetik.de\/fr\/#organization\"},\"potentialAction\":[{\"@type\":\"SearchAction\",\"target\":{\"@type\":\"EntryPoint\",\"urlTemplate\":\"https:\/\/sk-naturkosmetik.de\/fr\/?s={search_term_string}\"},\"query-input\":{\"@type\":\"PropertyValueSpecification\",\"valueRequired\":true,\"valueName\":\"search_term_string\"}}],\"inLanguage\":\"fr-FR\"},{\"@type\":\"Organization\",\"@id\":\"https:\/\/sk-naturkosmetik.de\/fr\/#organization\",\"name\":\"SK Naturkosmetik\",\"url\":\"https:\/\/sk-naturkosmetik.de\/fr\/\",\"logo\":{\"@type\":\"ImageObject\",\"inLanguage\":\"fr-FR\",\"@id\":\"https:\/\/sk-naturkosmetik.de\/fr\/#\/schema\/logo\/image\/\",\"url\":\"https:\/\/sk-naturkosmetik.de\/wp-content\/uploads\/2025\/12\/Logo_SK_final-freigestellt.png\",\"contentUrl\":\"https:\/\/sk-naturkosmetik.de\/wp-content\/uploads\/2025\/12\/Logo_SK_final-freigestellt.png\",\"width\":814,\"height\":601,\"caption\":\"SK Naturkosmetik\"},\"image\":{\"@id\":\"https:\/\/sk-naturkosmetik.de\/fr\/#\/schema\/logo\/image\/\"},\"sameAs\":[\"https:\/\/www.facebook.com\/sksuggi\",\"https:\/\/www.instagram.com\/susanne_kaussen\/\"]}]}<\/script>\n<!-- \/ Yoast SEO plugin. -->","yoast_head_json":{"title":"Kit de soins de base - SK Naturkosmetik","robots":{"index":"index","follow":"follow","max-snippet":"max-snippet:-1","max-image-preview":"max-image-preview:large","max-video-preview":"max-video-preview:-1"},"canonical":"https:\/\/sk-naturkosmetik.de\/fr\/produkt\/kit-de-soins-de-base\/","og_locale":"fr_FR","og_type":"article","og_title":"Kit de soins de base - SK Naturkosmetik","og_description":"D\u00e9marrage en douceur d'une routine de soins claire  Nettoyage, clarification et soin judicieusement coordonn\u00e9s  La peau apr\u00e8s le passage des soins conventionnels aux cosm\u00e9tiques naturels  Id\u00e9al pour les peaux sensibles ou qui ont besoin de changer de peau  Moins de produits, plus de repos pour la peau  Compil\u00e9 par moi \u00e0 partir d'ann\u00e9es d'exp\u00e9rience","og_url":"https:\/\/sk-naturkosmetik.de\/fr\/produkt\/kit-de-soins-de-base\/","og_site_name":"SK Naturkosmetik","article_publisher":"https:\/\/www.facebook.com\/sksuggi","og_image":[{"width":1500,"height":1500,"url":"https:\/\/sk-naturkosmetik.de\/wp-content\/uploads\/2025\/12\/Bundle_Basis_02.jpg","type":"image\/jpeg"}],"twitter_card":"summary_large_image","schema":{"@context":"https:\/\/schema.org","@graph":[{"@type":"WebPage","@id":"https:\/\/sk-naturkosmetik.de\/fr\/produkt\/kit-de-soins-de-base\/","url":"https:\/\/sk-naturkosmetik.de\/fr\/produkt\/kit-de-soins-de-base\/","name":"Kit de soins de base - SK Naturkosmetik","isPartOf":{"@id":"https:\/\/sk-naturkosmetik.de\/fr\/#website"},"primaryImageOfPage":{"@id":"https:\/\/sk-naturkosmetik.de\/fr\/produkt\/kit-de-soins-de-base\/#primaryimage"},"image":{"@id":"https:\/\/sk-naturkosmetik.de\/fr\/produkt\/kit-de-soins-de-base\/#primaryimage"},"thumbnailUrl":"https:\/\/sk-naturkosmetik.de\/wp-content\/uploads\/2025\/12\/Bundle_Basis_02.jpg","datePublished":"2026-01-05T17:50:59+00:00","breadcrumb":{"@id":"https:\/\/sk-naturkosmetik.de\/fr\/produkt\/kit-de-soins-de-base\/#breadcrumb"},"inLanguage":"fr-FR","potentialAction":[{"@type":"ReadAction","target":["https:\/\/sk-naturkosmetik.de\/fr\/produkt\/kit-de-soins-de-base\/"]}]},{"@type":"ImageObject","inLanguage":"fr-FR","@id":"https:\/\/sk-naturkosmetik.de\/fr\/produkt\/kit-de-soins-de-base\/#primaryimage","url":"https:\/\/sk-naturkosmetik.de\/wp-content\/uploads\/2025\/12\/Bundle_Basis_02.jpg","contentUrl":"https:\/\/sk-naturkosmetik.de\/wp-content\/uploads\/2025\/12\/Bundle_Basis_02.jpg","width":1500,"height":1500},{"@type":"BreadcrumbList","@id":"https:\/\/sk-naturkosmetik.de\/fr\/produkt\/kit-de-soins-de-base\/#breadcrumb","itemListElement":[{"@type":"ListItem","position":1,"name":"Start","item":"https:\/\/sk-naturkosmetik.de\/fr\/page-daccueil\/"},{"@type":"ListItem","position":2,"name":"Boutique","item":"https:\/\/sk-naturkosmetik.de\/fr\/boutique\/"},{"@type":"ListItem","position":3,"name":"Kit de soins de base"}]},{"@type":"WebSite","@id":"https:\/\/sk-naturkosmetik.de\/fr\/#website","url":"https:\/\/sk-naturkosmetik.de\/fr\/","name":"SK Naturkosmetik","description":"Premium Naturkosmetik mit Naturkraft, die sichtbar wirkt.","publisher":{"@id":"https:\/\/sk-naturkosmetik.de\/fr\/#organization"},"potentialAction":[{"@type":"SearchAction","target":{"@type":"EntryPoint","urlTemplate":"https:\/\/sk-naturkosmetik.de\/fr\/?s={search_term_string}"},"query-input":{"@type":"PropertyValueSpecification","valueRequired":true,"valueName":"search_term_string"}}],"inLanguage":"fr-FR"},{"@type":"Organization","@id":"https:\/\/sk-naturkosmetik.de\/fr\/#organization","name":"SK Naturkosmetik","url":"https:\/\/sk-naturkosmetik.de\/fr\/","logo":{"@type":"ImageObject","inLanguage":"fr-FR","@id":"https:\/\/sk-naturkosmetik.de\/fr\/#\/schema\/logo\/image\/","url":"https:\/\/sk-naturkosmetik.de\/wp-content\/uploads\/2025\/12\/Logo_SK_final-freigestellt.png","contentUrl":"https:\/\/sk-naturkosmetik.de\/wp-content\/uploads\/2025\/12\/Logo_SK_final-freigestellt.png","width":814,"height":601,"caption":"SK Naturkosmetik"},"image":{"@id":"https:\/\/sk-naturkosmetik.de\/fr\/#\/schema\/logo\/image\/"},"sameAs":["https:\/\/www.facebook.com\/sksuggi","https:\/\/www.instagram.com\/susanne_kaussen\/"]}]}},"_links":{"self":[{"href":"https:\/\/sk-naturkosmetik.de\/fr\/wp-json\/wp\/v2\/product\/1879","targetHints":{"allow":["GET"]}}],"collection":[{"href":"https:\/\/sk-naturkosmetik.de\/fr\/wp-json\/wp\/v2\/product"}],"about":[{"href":"https:\/\/sk-naturkosmetik.de\/fr\/wp-json\/wp\/v2\/types\/product"}],"replies":[{"embeddable":true,"href":"https:\/\/sk-naturkosmetik.de\/fr\/wp-json\/wp\/v2\/comments?post=1879"}],"wp:featuredmedia":[{"embeddable":true,"href":"https:\/\/sk-naturkosmetik.de\/fr\/wp-json\/wp\/v2\/media\/52"}],"wp:attachment":[{"href":"https:\/\/sk-naturkosmetik.de\/fr\/wp-json\/wp\/v2\/media?parent=1879"}],"wp:term":[{"taxonomy":"product_brand","embeddable":true,"href":"https:\/\/sk-naturkosmetik.de\/fr\/wp-json\/wp\/v2\/product_brand?post=1879"},{"taxonomy":"product_cat","embeddable":true,"href":"https:\/\/sk-naturkosmetik.de\/fr\/wp-json\/wp\/v2\/product_cat?post=1879"},{"taxonomy":"product_tag","embeddable":true,"href":"https:\/\/sk-naturkosmetik.de\/fr\/wp-json\/wp\/v2\/product_tag?post=1879"}],"curies":[{"name":"wp","href":"https:\/\/api.w.org\/{rel}","templated":true}]}}