{"id":1904,"date":"2026-01-09T18:19:02","date_gmt":"2026-01-09T17:19:02","guid":{"rendered":"https:\/\/sk-naturkosmetik.de\/produkt\/flux-de-vie-tonique-pour-le-visage-tonique-pour-le-visage-pour-toutes-les-peaux\/"},"modified":"2026-01-09T18:19:02","modified_gmt":"2026-01-09T17:19:02","slug":"flux-de-vie-tonique-pour-le-visage-tonique-pour-le-visage-pour-toutes-les-peaux","status":"publish","type":"product","link":"https:\/\/sk-naturkosmetik.de\/fr\/produkt\/flux-de-vie-tonique-pour-le-visage-tonique-pour-le-visage-pour-toutes-les-peaux\/","title":{"rendered":"FLUX DE VIE tonique pour le visage &#8211; tonique pour le visage pour toutes les peaux"},"excerpt":{"rendered":"<ul>\n<li>Lotion tonique douce sans alcool pour tous les types de peau, y compris les peaux sensibles<\/li>\n<li>Ne br\u00fble pas et ne dess\u00e8che pas la peau<\/li>\n<li>Elimine le calcaire et le chlore de l&rsquo;eau du robinet apr\u00e8s le nettoyage<\/li>\n<li>Avec de l&rsquo;hydrolat de rose et de l&rsquo;hydrolat de fleur d&rsquo;oranger pour apaiser et renforcer la peau<\/li>\n<li>Le miel hydrate et lisse<\/li>\n<li>R\u00e9gule le pH et soutient la couche protectrice acide naturelle<\/li>\n<li>En spray, particuli\u00e8rement \u00e9conomique et facile \u00e0 utiliser<\/li>\n<li>Fabriqu\u00e9 \u00e0 la main avec amour en Allemagne<\/li>\n<li>Avec de l&rsquo;eau de source pure de pleine lune<\/li>\n<\/ul>\n","protected":false},"featured_media":134,"comment_status":"closed","ping_status":"closed","template":"","meta":{"_acf_changed":false,"_et_pb_use_builder":"","_et_pb_old_content":"","_et_gb_content_width":""},"product_brand":[],"product_cat":[117],"product_tag":[],"class_list":{"0":"post-1904","1":"product","2":"type-product","3":"status-publish","4":"has-post-thumbnail","6":"product_cat-nettoyage-et-lotion-tonique","8":"first","9":"instock","10":"taxable","11":"shipping-taxable","12":"purchasable","13":"product-type-simple"},"acf":[],"yoast_head":"<!-- This site is optimized with the Yoast SEO plugin v27.1 - https:\/\/yoast.com\/product\/yoast-seo-wordpress\/ -->\n<title>FLUX DE VIE tonique pour le visage - tonique pour le visage pour toutes les peaux - SK Naturkosmetik<\/title>\n<meta name=\"robots\" content=\"index, follow, max-snippet:-1, max-image-preview:large, max-video-preview:-1\" \/>\n<link rel=\"canonical\" href=\"https:\/\/sk-naturkosmetik.de\/fr\/produkt\/flux-de-vie-tonique-pour-le-visage-tonique-pour-le-visage-pour-toutes-les-peaux\/\" \/>\n<meta property=\"og:locale\" content=\"fr_FR\" \/>\n<meta property=\"og:type\" content=\"article\" \/>\n<meta property=\"og:title\" content=\"FLUX DE VIE tonique pour le visage - tonique pour le visage pour toutes les peaux - SK Naturkosmetik\" \/>\n<meta property=\"og:description\" content=\"Lotion tonique douce sans alcool pour tous les types de peau, y compris les peaux sensibles  Ne br\u00fble pas et ne dess\u00e8che pas la peau  Elimine le calcaire et le chlore de l&#039;eau du robinet apr\u00e8s le nettoyage  Avec de l&#039;hydrolat de rose et de l&#039;hydrolat de fleur d&#039;oranger pour apaiser et renforcer la peau  Le miel hydrate et lisse  R\u00e9gule le pH et soutient la couche protectrice acide naturelle  En spray, particuli\u00e8rement \u00e9conomique et facile \u00e0 utiliser  Fabriqu\u00e9 \u00e0 la main avec amour en Allemagne  Avec de l&#039;eau de source pure de pleine lune\" \/>\n<meta property=\"og:url\" content=\"https:\/\/sk-naturkosmetik.de\/fr\/produkt\/flux-de-vie-tonique-pour-le-visage-tonique-pour-le-visage-pour-toutes-les-peaux\/\" \/>\n<meta property=\"og:site_name\" content=\"SK Naturkosmetik\" \/>\n<meta property=\"article:publisher\" content=\"https:\/\/www.facebook.com\/sksuggi\" \/>\n<meta property=\"og:image\" content=\"https:\/\/sk-naturkosmetik.de\/wp-content\/uploads\/2025\/12\/Lebensfluss_02.jpg\" \/>\n\t<meta property=\"og:image:width\" content=\"1200\" \/>\n\t<meta property=\"og:image:height\" content=\"1200\" \/>\n\t<meta property=\"og:image:type\" content=\"image\/jpeg\" \/>\n<meta name=\"twitter:card\" content=\"summary_large_image\" \/>\n<script type=\"application\/ld+json\" class=\"yoast-schema-graph\">{\"@context\":\"https:\/\/schema.org\",\"@graph\":[{\"@type\":\"WebPage\",\"@id\":\"https:\/\/sk-naturkosmetik.de\/fr\/produkt\/flux-de-vie-tonique-pour-le-visage-tonique-pour-le-visage-pour-toutes-les-peaux\/\",\"url\":\"https:\/\/sk-naturkosmetik.de\/fr\/produkt\/flux-de-vie-tonique-pour-le-visage-tonique-pour-le-visage-pour-toutes-les-peaux\/\",\"name\":\"FLUX DE VIE tonique pour le visage - tonique pour le visage pour toutes les peaux - SK Naturkosmetik\",\"isPartOf\":{\"@id\":\"https:\/\/sk-naturkosmetik.de\/fr\/#website\"},\"primaryImageOfPage\":{\"@id\":\"https:\/\/sk-naturkosmetik.de\/fr\/produkt\/flux-de-vie-tonique-pour-le-visage-tonique-pour-le-visage-pour-toutes-les-peaux\/#primaryimage\"},\"image\":{\"@id\":\"https:\/\/sk-naturkosmetik.de\/fr\/produkt\/flux-de-vie-tonique-pour-le-visage-tonique-pour-le-visage-pour-toutes-les-peaux\/#primaryimage\"},\"thumbnailUrl\":\"https:\/\/sk-naturkosmetik.de\/wp-content\/uploads\/2025\/12\/Lebensfluss_02.jpg\",\"datePublished\":\"2026-01-09T17:19:02+00:00\",\"breadcrumb\":{\"@id\":\"https:\/\/sk-naturkosmetik.de\/fr\/produkt\/flux-de-vie-tonique-pour-le-visage-tonique-pour-le-visage-pour-toutes-les-peaux\/#breadcrumb\"},\"inLanguage\":\"fr-FR\",\"potentialAction\":[{\"@type\":\"ReadAction\",\"target\":[\"https:\/\/sk-naturkosmetik.de\/fr\/produkt\/flux-de-vie-tonique-pour-le-visage-tonique-pour-le-visage-pour-toutes-les-peaux\/\"]}]},{\"@type\":\"ImageObject\",\"inLanguage\":\"fr-FR\",\"@id\":\"https:\/\/sk-naturkosmetik.de\/fr\/produkt\/flux-de-vie-tonique-pour-le-visage-tonique-pour-le-visage-pour-toutes-les-peaux\/#primaryimage\",\"url\":\"https:\/\/sk-naturkosmetik.de\/wp-content\/uploads\/2025\/12\/Lebensfluss_02.jpg\",\"contentUrl\":\"https:\/\/sk-naturkosmetik.de\/wp-content\/uploads\/2025\/12\/Lebensfluss_02.jpg\",\"width\":1200,\"height\":1200},{\"@type\":\"BreadcrumbList\",\"@id\":\"https:\/\/sk-naturkosmetik.de\/fr\/produkt\/flux-de-vie-tonique-pour-le-visage-tonique-pour-le-visage-pour-toutes-les-peaux\/#breadcrumb\",\"itemListElement\":[{\"@type\":\"ListItem\",\"position\":1,\"name\":\"Start\",\"item\":\"https:\/\/sk-naturkosmetik.de\/fr\/page-daccueil\/\"},{\"@type\":\"ListItem\",\"position\":2,\"name\":\"Boutique\",\"item\":\"https:\/\/sk-naturkosmetik.de\/fr\/boutique\/\"},{\"@type\":\"ListItem\",\"position\":3,\"name\":\"FLUX DE VIE tonique pour le visage &#8211; tonique pour le visage pour toutes les peaux\"}]},{\"@type\":\"WebSite\",\"@id\":\"https:\/\/sk-naturkosmetik.de\/fr\/#website\",\"url\":\"https:\/\/sk-naturkosmetik.de\/fr\/\",\"name\":\"SK Naturkosmetik\",\"description\":\"Premium Naturkosmetik mit Naturkraft, die sichtbar wirkt.\",\"publisher\":{\"@id\":\"https:\/\/sk-naturkosmetik.de\/fr\/#organization\"},\"potentialAction\":[{\"@type\":\"SearchAction\",\"target\":{\"@type\":\"EntryPoint\",\"urlTemplate\":\"https:\/\/sk-naturkosmetik.de\/fr\/?s={search_term_string}\"},\"query-input\":{\"@type\":\"PropertyValueSpecification\",\"valueRequired\":true,\"valueName\":\"search_term_string\"}}],\"inLanguage\":\"fr-FR\"},{\"@type\":\"Organization\",\"@id\":\"https:\/\/sk-naturkosmetik.de\/fr\/#organization\",\"name\":\"SK Naturkosmetik\",\"url\":\"https:\/\/sk-naturkosmetik.de\/fr\/\",\"logo\":{\"@type\":\"ImageObject\",\"inLanguage\":\"fr-FR\",\"@id\":\"https:\/\/sk-naturkosmetik.de\/fr\/#\/schema\/logo\/image\/\",\"url\":\"https:\/\/sk-naturkosmetik.de\/wp-content\/uploads\/2025\/12\/Logo_SK_final-freigestellt.png\",\"contentUrl\":\"https:\/\/sk-naturkosmetik.de\/wp-content\/uploads\/2025\/12\/Logo_SK_final-freigestellt.png\",\"width\":814,\"height\":601,\"caption\":\"SK Naturkosmetik\"},\"image\":{\"@id\":\"https:\/\/sk-naturkosmetik.de\/fr\/#\/schema\/logo\/image\/\"},\"sameAs\":[\"https:\/\/www.facebook.com\/sksuggi\",\"https:\/\/www.instagram.com\/susanne_kaussen\/\"]}]}<\/script>\n<!-- \/ Yoast SEO plugin. -->","yoast_head_json":{"title":"FLUX DE VIE tonique pour le visage - tonique pour le visage pour toutes les peaux - SK Naturkosmetik","robots":{"index":"index","follow":"follow","max-snippet":"max-snippet:-1","max-image-preview":"max-image-preview:large","max-video-preview":"max-video-preview:-1"},"canonical":"https:\/\/sk-naturkosmetik.de\/fr\/produkt\/flux-de-vie-tonique-pour-le-visage-tonique-pour-le-visage-pour-toutes-les-peaux\/","og_locale":"fr_FR","og_type":"article","og_title":"FLUX DE VIE tonique pour le visage - tonique pour le visage pour toutes les peaux - SK Naturkosmetik","og_description":"Lotion tonique douce sans alcool pour tous les types de peau, y compris les peaux sensibles  Ne br\u00fble pas et ne dess\u00e8che pas la peau  Elimine le calcaire et le chlore de l'eau du robinet apr\u00e8s le nettoyage  Avec de l'hydrolat de rose et de l'hydrolat de fleur d'oranger pour apaiser et renforcer la peau  Le miel hydrate et lisse  R\u00e9gule le pH et soutient la couche protectrice acide naturelle  En spray, particuli\u00e8rement \u00e9conomique et facile \u00e0 utiliser  Fabriqu\u00e9 \u00e0 la main avec amour en Allemagne  Avec de l'eau de source pure de pleine lune","og_url":"https:\/\/sk-naturkosmetik.de\/fr\/produkt\/flux-de-vie-tonique-pour-le-visage-tonique-pour-le-visage-pour-toutes-les-peaux\/","og_site_name":"SK Naturkosmetik","article_publisher":"https:\/\/www.facebook.com\/sksuggi","og_image":[{"width":1200,"height":1200,"url":"https:\/\/sk-naturkosmetik.de\/wp-content\/uploads\/2025\/12\/Lebensfluss_02.jpg","type":"image\/jpeg"}],"twitter_card":"summary_large_image","schema":{"@context":"https:\/\/schema.org","@graph":[{"@type":"WebPage","@id":"https:\/\/sk-naturkosmetik.de\/fr\/produkt\/flux-de-vie-tonique-pour-le-visage-tonique-pour-le-visage-pour-toutes-les-peaux\/","url":"https:\/\/sk-naturkosmetik.de\/fr\/produkt\/flux-de-vie-tonique-pour-le-visage-tonique-pour-le-visage-pour-toutes-les-peaux\/","name":"FLUX DE VIE tonique pour le visage - tonique pour le visage pour toutes les peaux - SK Naturkosmetik","isPartOf":{"@id":"https:\/\/sk-naturkosmetik.de\/fr\/#website"},"primaryImageOfPage":{"@id":"https:\/\/sk-naturkosmetik.de\/fr\/produkt\/flux-de-vie-tonique-pour-le-visage-tonique-pour-le-visage-pour-toutes-les-peaux\/#primaryimage"},"image":{"@id":"https:\/\/sk-naturkosmetik.de\/fr\/produkt\/flux-de-vie-tonique-pour-le-visage-tonique-pour-le-visage-pour-toutes-les-peaux\/#primaryimage"},"thumbnailUrl":"https:\/\/sk-naturkosmetik.de\/wp-content\/uploads\/2025\/12\/Lebensfluss_02.jpg","datePublished":"2026-01-09T17:19:02+00:00","breadcrumb":{"@id":"https:\/\/sk-naturkosmetik.de\/fr\/produkt\/flux-de-vie-tonique-pour-le-visage-tonique-pour-le-visage-pour-toutes-les-peaux\/#breadcrumb"},"inLanguage":"fr-FR","potentialAction":[{"@type":"ReadAction","target":["https:\/\/sk-naturkosmetik.de\/fr\/produkt\/flux-de-vie-tonique-pour-le-visage-tonique-pour-le-visage-pour-toutes-les-peaux\/"]}]},{"@type":"ImageObject","inLanguage":"fr-FR","@id":"https:\/\/sk-naturkosmetik.de\/fr\/produkt\/flux-de-vie-tonique-pour-le-visage-tonique-pour-le-visage-pour-toutes-les-peaux\/#primaryimage","url":"https:\/\/sk-naturkosmetik.de\/wp-content\/uploads\/2025\/12\/Lebensfluss_02.jpg","contentUrl":"https:\/\/sk-naturkosmetik.de\/wp-content\/uploads\/2025\/12\/Lebensfluss_02.jpg","width":1200,"height":1200},{"@type":"BreadcrumbList","@id":"https:\/\/sk-naturkosmetik.de\/fr\/produkt\/flux-de-vie-tonique-pour-le-visage-tonique-pour-le-visage-pour-toutes-les-peaux\/#breadcrumb","itemListElement":[{"@type":"ListItem","position":1,"name":"Start","item":"https:\/\/sk-naturkosmetik.de\/fr\/page-daccueil\/"},{"@type":"ListItem","position":2,"name":"Boutique","item":"https:\/\/sk-naturkosmetik.de\/fr\/boutique\/"},{"@type":"ListItem","position":3,"name":"FLUX DE VIE tonique pour le visage &#8211; tonique pour le visage pour toutes les peaux"}]},{"@type":"WebSite","@id":"https:\/\/sk-naturkosmetik.de\/fr\/#website","url":"https:\/\/sk-naturkosmetik.de\/fr\/","name":"SK Naturkosmetik","description":"Premium Naturkosmetik mit Naturkraft, die sichtbar wirkt.","publisher":{"@id":"https:\/\/sk-naturkosmetik.de\/fr\/#organization"},"potentialAction":[{"@type":"SearchAction","target":{"@type":"EntryPoint","urlTemplate":"https:\/\/sk-naturkosmetik.de\/fr\/?s={search_term_string}"},"query-input":{"@type":"PropertyValueSpecification","valueRequired":true,"valueName":"search_term_string"}}],"inLanguage":"fr-FR"},{"@type":"Organization","@id":"https:\/\/sk-naturkosmetik.de\/fr\/#organization","name":"SK Naturkosmetik","url":"https:\/\/sk-naturkosmetik.de\/fr\/","logo":{"@type":"ImageObject","inLanguage":"fr-FR","@id":"https:\/\/sk-naturkosmetik.de\/fr\/#\/schema\/logo\/image\/","url":"https:\/\/sk-naturkosmetik.de\/wp-content\/uploads\/2025\/12\/Logo_SK_final-freigestellt.png","contentUrl":"https:\/\/sk-naturkosmetik.de\/wp-content\/uploads\/2025\/12\/Logo_SK_final-freigestellt.png","width":814,"height":601,"caption":"SK Naturkosmetik"},"image":{"@id":"https:\/\/sk-naturkosmetik.de\/fr\/#\/schema\/logo\/image\/"},"sameAs":["https:\/\/www.facebook.com\/sksuggi","https:\/\/www.instagram.com\/susanne_kaussen\/"]}]}},"_links":{"self":[{"href":"https:\/\/sk-naturkosmetik.de\/fr\/wp-json\/wp\/v2\/product\/1904","targetHints":{"allow":["GET"]}}],"collection":[{"href":"https:\/\/sk-naturkosmetik.de\/fr\/wp-json\/wp\/v2\/product"}],"about":[{"href":"https:\/\/sk-naturkosmetik.de\/fr\/wp-json\/wp\/v2\/types\/product"}],"replies":[{"embeddable":true,"href":"https:\/\/sk-naturkosmetik.de\/fr\/wp-json\/wp\/v2\/comments?post=1904"}],"wp:featuredmedia":[{"embeddable":true,"href":"https:\/\/sk-naturkosmetik.de\/fr\/wp-json\/wp\/v2\/media\/134"}],"wp:attachment":[{"href":"https:\/\/sk-naturkosmetik.de\/fr\/wp-json\/wp\/v2\/media?parent=1904"}],"wp:term":[{"taxonomy":"product_brand","embeddable":true,"href":"https:\/\/sk-naturkosmetik.de\/fr\/wp-json\/wp\/v2\/product_brand?post=1904"},{"taxonomy":"product_cat","embeddable":true,"href":"https:\/\/sk-naturkosmetik.de\/fr\/wp-json\/wp\/v2\/product_cat?post=1904"},{"taxonomy":"product_tag","embeddable":true,"href":"https:\/\/sk-naturkosmetik.de\/fr\/wp-json\/wp\/v2\/product_tag?post=1904"}],"curies":[{"name":"wp","href":"https:\/\/api.w.org\/{rel}","templated":true}]}}