{"id":1975,"date":"2026-01-11T00:30:10","date_gmt":"2026-01-10T23:30:10","guid":{"rendered":"https:\/\/sk-naturkosmetik.de\/produkt\/bundle-pour-peaux-impures-cosmetique-naturelle-douce-et-regulatrice\/"},"modified":"2026-01-11T00:30:10","modified_gmt":"2026-01-10T23:30:10","slug":"bundle-pour-peaux-impures-cosmetique-naturelle-douce-et-regulatrice","status":"publish","type":"product","link":"https:\/\/sk-naturkosmetik.de\/fr\/produkt\/bundle-pour-peaux-impures-cosmetique-naturelle-douce-et-regulatrice\/","title":{"rendered":"Bundle pour peaux impures &#8211; cosm\u00e9tique naturelle douce et r\u00e9gulatrice"},"excerpt":{"rendered":"<ul>\n<li>Id\u00e9al pour les peaux impures et sensibles<\/li>\n<li>Une routine de soins clarifiante en quatre \u00e9tapes coordonn\u00e9es<\/li>\n<li>Sans agents dess\u00e9chants ou agressifs<\/li>\n<li>Sans ingr\u00e9dients douteux<\/li>\n<li>V\u00e9g\u00e9talien &amp; non test\u00e9 sur les animaux<\/li>\n<li>Fabriqu\u00e9 \u00e0 la main en Allemagne<\/li>\n<li>Moins de produits, plus de stabilit\u00e9 pour la peau<\/li>\n<li>Compil\u00e9 par moi \u00e0 partir d&rsquo;une longue pratique de la peau<\/li>\n<\/ul>\n<p><img loading=\"lazy\" decoding=\"async\" class=\"alignnone size-full wp-image-50\" src=\"https:\/\/sk-naturkosmetik.de\/wp-content\/uploads\/2025\/12\/Bd_UnreineHaut_Ic_03_beijugendlicherHaut.jpg\" alt=\"\" width=\"252\" height=\"287\"> <img loading=\"lazy\" decoding=\"async\" class=\"alignnone size-full wp-image-49\" src=\"https:\/\/sk-naturkosmetik.de\/wp-content\/uploads\/2025\/12\/Bd_UnreineHaut_Ic_02_IntensiveHautklaerung.jpg\" alt=\"\" width=\"276\" height=\"291\"> <img loading=\"lazy\" decoding=\"async\" class=\"alignnone size-full wp-image-48\" src=\"https:\/\/sk-naturkosmetik.de\/wp-content\/uploads\/2025\/12\/Bd_UnreineHaut_Ic_01_normale_unreineHaut.jpg\" alt=\"\" width=\"257\" height=\"245\"><\/p>\n","protected":false},"featured_media":1979,"comment_status":"closed","ping_status":"closed","template":"","meta":{"_acf_changed":false,"_et_pb_use_builder":"","_et_pb_old_content":"","_et_gb_content_width":""},"product_brand":[],"product_cat":[123],"product_tag":[],"class_list":{"0":"post-1975","1":"product","2":"type-product","3":"status-publish","4":"has-post-thumbnail","6":"product_cat-bundles","8":"first","9":"instock","10":"taxable","11":"shipping-taxable","12":"purchasable","13":"product-type-simple"},"acf":[],"yoast_head":"<!-- This site is optimized with the Yoast SEO plugin v27.1 - https:\/\/yoast.com\/product\/yoast-seo-wordpress\/ -->\n<title>Bundle pour peaux impures - cosm\u00e9tique naturelle douce et r\u00e9gulatrice - SK Naturkosmetik<\/title>\n<meta name=\"robots\" content=\"index, follow, max-snippet:-1, max-image-preview:large, max-video-preview:-1\" \/>\n<link rel=\"canonical\" href=\"https:\/\/sk-naturkosmetik.de\/fr\/produkt\/bundle-pour-peaux-impures-cosmetique-naturelle-douce-et-regulatrice\/\" \/>\n<meta property=\"og:locale\" content=\"fr_FR\" \/>\n<meta property=\"og:type\" content=\"article\" \/>\n<meta property=\"og:title\" content=\"Bundle pour peaux impures - cosm\u00e9tique naturelle douce et r\u00e9gulatrice - SK Naturkosmetik\" \/>\n<meta property=\"og:description\" content=\"Id\u00e9al pour les peaux impures et sensibles  Une routine de soins clarifiante en quatre \u00e9tapes coordonn\u00e9es  Sans agents dess\u00e9chants ou agressifs  Sans ingr\u00e9dients douteux  V\u00e9g\u00e9talien &amp; non test\u00e9 sur les animaux  Fabriqu\u00e9 \u00e0 la main en Allemagne  Moins de produits, plus de stabilit\u00e9 pour la peau  Compil\u00e9 par moi \u00e0 partir d&#039;une longue pratique de la peau\" \/>\n<meta property=\"og:url\" content=\"https:\/\/sk-naturkosmetik.de\/fr\/produkt\/bundle-pour-peaux-impures-cosmetique-naturelle-douce-et-regulatrice\/\" \/>\n<meta property=\"og:site_name\" content=\"SK Naturkosmetik\" \/>\n<meta property=\"article:publisher\" content=\"https:\/\/www.facebook.com\/sksuggi\" \/>\n<meta property=\"og:image\" content=\"https:\/\/sk-naturkosmetik.de\/wp-content\/uploads\/2025\/12\/Bundle_Unrein_02.jpg\" \/>\n\t<meta property=\"og:image:width\" content=\"1500\" \/>\n\t<meta property=\"og:image:height\" content=\"1500\" \/>\n\t<meta property=\"og:image:type\" content=\"image\/jpeg\" \/>\n<meta name=\"twitter:card\" content=\"summary_large_image\" \/>\n<script type=\"application\/ld+json\" class=\"yoast-schema-graph\">{\"@context\":\"https:\/\/schema.org\",\"@graph\":[{\"@type\":\"WebPage\",\"@id\":\"https:\/\/sk-naturkosmetik.de\/fr\/produkt\/bundle-pour-peaux-impures-cosmetique-naturelle-douce-et-regulatrice\/\",\"url\":\"https:\/\/sk-naturkosmetik.de\/fr\/produkt\/bundle-pour-peaux-impures-cosmetique-naturelle-douce-et-regulatrice\/\",\"name\":\"Bundle pour peaux impures - cosm\u00e9tique naturelle douce et r\u00e9gulatrice - SK Naturkosmetik\",\"isPartOf\":{\"@id\":\"https:\/\/sk-naturkosmetik.de\/fr\/#website\"},\"primaryImageOfPage\":{\"@id\":\"https:\/\/sk-naturkosmetik.de\/fr\/produkt\/bundle-pour-peaux-impures-cosmetique-naturelle-douce-et-regulatrice\/#primaryimage\"},\"image\":{\"@id\":\"https:\/\/sk-naturkosmetik.de\/fr\/produkt\/bundle-pour-peaux-impures-cosmetique-naturelle-douce-et-regulatrice\/#primaryimage\"},\"thumbnailUrl\":\"https:\/\/sk-naturkosmetik.de\/wp-content\/uploads\/2025\/12\/Bundle_Unrein_02.jpg\",\"datePublished\":\"2026-01-10T23:30:10+00:00\",\"breadcrumb\":{\"@id\":\"https:\/\/sk-naturkosmetik.de\/fr\/produkt\/bundle-pour-peaux-impures-cosmetique-naturelle-douce-et-regulatrice\/#breadcrumb\"},\"inLanguage\":\"fr-FR\",\"potentialAction\":[{\"@type\":\"ReadAction\",\"target\":[\"https:\/\/sk-naturkosmetik.de\/fr\/produkt\/bundle-pour-peaux-impures-cosmetique-naturelle-douce-et-regulatrice\/\"]}]},{\"@type\":\"ImageObject\",\"inLanguage\":\"fr-FR\",\"@id\":\"https:\/\/sk-naturkosmetik.de\/fr\/produkt\/bundle-pour-peaux-impures-cosmetique-naturelle-douce-et-regulatrice\/#primaryimage\",\"url\":\"https:\/\/sk-naturkosmetik.de\/wp-content\/uploads\/2025\/12\/Bundle_Unrein_02.jpg\",\"contentUrl\":\"https:\/\/sk-naturkosmetik.de\/wp-content\/uploads\/2025\/12\/Bundle_Unrein_02.jpg\",\"width\":1500,\"height\":1500,\"caption\":\"pflegebundle naturkosmetik f\u00fcr klares hautbild\"},{\"@type\":\"BreadcrumbList\",\"@id\":\"https:\/\/sk-naturkosmetik.de\/fr\/produkt\/bundle-pour-peaux-impures-cosmetique-naturelle-douce-et-regulatrice\/#breadcrumb\",\"itemListElement\":[{\"@type\":\"ListItem\",\"position\":1,\"name\":\"Start\",\"item\":\"https:\/\/sk-naturkosmetik.de\/fr\/page-daccueil\/\"},{\"@type\":\"ListItem\",\"position\":2,\"name\":\"Boutique\",\"item\":\"https:\/\/sk-naturkosmetik.de\/fr\/boutique\/\"},{\"@type\":\"ListItem\",\"position\":3,\"name\":\"Bundle pour peaux impures &#8211; cosm\u00e9tique naturelle douce et r\u00e9gulatrice\"}]},{\"@type\":\"WebSite\",\"@id\":\"https:\/\/sk-naturkosmetik.de\/fr\/#website\",\"url\":\"https:\/\/sk-naturkosmetik.de\/fr\/\",\"name\":\"SK Naturkosmetik\",\"description\":\"Premium Naturkosmetik mit Naturkraft, die sichtbar wirkt.\",\"publisher\":{\"@id\":\"https:\/\/sk-naturkosmetik.de\/fr\/#organization\"},\"potentialAction\":[{\"@type\":\"SearchAction\",\"target\":{\"@type\":\"EntryPoint\",\"urlTemplate\":\"https:\/\/sk-naturkosmetik.de\/fr\/?s={search_term_string}\"},\"query-input\":{\"@type\":\"PropertyValueSpecification\",\"valueRequired\":true,\"valueName\":\"search_term_string\"}}],\"inLanguage\":\"fr-FR\"},{\"@type\":\"Organization\",\"@id\":\"https:\/\/sk-naturkosmetik.de\/fr\/#organization\",\"name\":\"SK Naturkosmetik\",\"url\":\"https:\/\/sk-naturkosmetik.de\/fr\/\",\"logo\":{\"@type\":\"ImageObject\",\"inLanguage\":\"fr-FR\",\"@id\":\"https:\/\/sk-naturkosmetik.de\/fr\/#\/schema\/logo\/image\/\",\"url\":\"https:\/\/sk-naturkosmetik.de\/wp-content\/uploads\/2025\/12\/Logo_SK_final-freigestellt.png\",\"contentUrl\":\"https:\/\/sk-naturkosmetik.de\/wp-content\/uploads\/2025\/12\/Logo_SK_final-freigestellt.png\",\"width\":814,\"height\":601,\"caption\":\"SK Naturkosmetik\"},\"image\":{\"@id\":\"https:\/\/sk-naturkosmetik.de\/fr\/#\/schema\/logo\/image\/\"},\"sameAs\":[\"https:\/\/www.facebook.com\/sksuggi\",\"https:\/\/www.instagram.com\/susanne_kaussen\/\"]}]}<\/script>\n<!-- \/ Yoast SEO plugin. -->","yoast_head_json":{"title":"Bundle pour peaux impures - cosm\u00e9tique naturelle douce et r\u00e9gulatrice - SK Naturkosmetik","robots":{"index":"index","follow":"follow","max-snippet":"max-snippet:-1","max-image-preview":"max-image-preview:large","max-video-preview":"max-video-preview:-1"},"canonical":"https:\/\/sk-naturkosmetik.de\/fr\/produkt\/bundle-pour-peaux-impures-cosmetique-naturelle-douce-et-regulatrice\/","og_locale":"fr_FR","og_type":"article","og_title":"Bundle pour peaux impures - cosm\u00e9tique naturelle douce et r\u00e9gulatrice - SK Naturkosmetik","og_description":"Id\u00e9al pour les peaux impures et sensibles  Une routine de soins clarifiante en quatre \u00e9tapes coordonn\u00e9es  Sans agents dess\u00e9chants ou agressifs  Sans ingr\u00e9dients douteux  V\u00e9g\u00e9talien &amp; non test\u00e9 sur les animaux  Fabriqu\u00e9 \u00e0 la main en Allemagne  Moins de produits, plus de stabilit\u00e9 pour la peau  Compil\u00e9 par moi \u00e0 partir d'une longue pratique de la peau","og_url":"https:\/\/sk-naturkosmetik.de\/fr\/produkt\/bundle-pour-peaux-impures-cosmetique-naturelle-douce-et-regulatrice\/","og_site_name":"SK Naturkosmetik","article_publisher":"https:\/\/www.facebook.com\/sksuggi","og_image":[{"width":1500,"height":1500,"url":"https:\/\/sk-naturkosmetik.de\/wp-content\/uploads\/2025\/12\/Bundle_Unrein_02.jpg","type":"image\/jpeg"}],"twitter_card":"summary_large_image","schema":{"@context":"https:\/\/schema.org","@graph":[{"@type":"WebPage","@id":"https:\/\/sk-naturkosmetik.de\/fr\/produkt\/bundle-pour-peaux-impures-cosmetique-naturelle-douce-et-regulatrice\/","url":"https:\/\/sk-naturkosmetik.de\/fr\/produkt\/bundle-pour-peaux-impures-cosmetique-naturelle-douce-et-regulatrice\/","name":"Bundle pour peaux impures - cosm\u00e9tique naturelle douce et r\u00e9gulatrice - SK Naturkosmetik","isPartOf":{"@id":"https:\/\/sk-naturkosmetik.de\/fr\/#website"},"primaryImageOfPage":{"@id":"https:\/\/sk-naturkosmetik.de\/fr\/produkt\/bundle-pour-peaux-impures-cosmetique-naturelle-douce-et-regulatrice\/#primaryimage"},"image":{"@id":"https:\/\/sk-naturkosmetik.de\/fr\/produkt\/bundle-pour-peaux-impures-cosmetique-naturelle-douce-et-regulatrice\/#primaryimage"},"thumbnailUrl":"https:\/\/sk-naturkosmetik.de\/wp-content\/uploads\/2025\/12\/Bundle_Unrein_02.jpg","datePublished":"2026-01-10T23:30:10+00:00","breadcrumb":{"@id":"https:\/\/sk-naturkosmetik.de\/fr\/produkt\/bundle-pour-peaux-impures-cosmetique-naturelle-douce-et-regulatrice\/#breadcrumb"},"inLanguage":"fr-FR","potentialAction":[{"@type":"ReadAction","target":["https:\/\/sk-naturkosmetik.de\/fr\/produkt\/bundle-pour-peaux-impures-cosmetique-naturelle-douce-et-regulatrice\/"]}]},{"@type":"ImageObject","inLanguage":"fr-FR","@id":"https:\/\/sk-naturkosmetik.de\/fr\/produkt\/bundle-pour-peaux-impures-cosmetique-naturelle-douce-et-regulatrice\/#primaryimage","url":"https:\/\/sk-naturkosmetik.de\/wp-content\/uploads\/2025\/12\/Bundle_Unrein_02.jpg","contentUrl":"https:\/\/sk-naturkosmetik.de\/wp-content\/uploads\/2025\/12\/Bundle_Unrein_02.jpg","width":1500,"height":1500,"caption":"pflegebundle naturkosmetik f\u00fcr klares hautbild"},{"@type":"BreadcrumbList","@id":"https:\/\/sk-naturkosmetik.de\/fr\/produkt\/bundle-pour-peaux-impures-cosmetique-naturelle-douce-et-regulatrice\/#breadcrumb","itemListElement":[{"@type":"ListItem","position":1,"name":"Start","item":"https:\/\/sk-naturkosmetik.de\/fr\/page-daccueil\/"},{"@type":"ListItem","position":2,"name":"Boutique","item":"https:\/\/sk-naturkosmetik.de\/fr\/boutique\/"},{"@type":"ListItem","position":3,"name":"Bundle pour peaux impures &#8211; cosm\u00e9tique naturelle douce et r\u00e9gulatrice"}]},{"@type":"WebSite","@id":"https:\/\/sk-naturkosmetik.de\/fr\/#website","url":"https:\/\/sk-naturkosmetik.de\/fr\/","name":"SK Naturkosmetik","description":"Premium Naturkosmetik mit Naturkraft, die sichtbar wirkt.","publisher":{"@id":"https:\/\/sk-naturkosmetik.de\/fr\/#organization"},"potentialAction":[{"@type":"SearchAction","target":{"@type":"EntryPoint","urlTemplate":"https:\/\/sk-naturkosmetik.de\/fr\/?s={search_term_string}"},"query-input":{"@type":"PropertyValueSpecification","valueRequired":true,"valueName":"search_term_string"}}],"inLanguage":"fr-FR"},{"@type":"Organization","@id":"https:\/\/sk-naturkosmetik.de\/fr\/#organization","name":"SK Naturkosmetik","url":"https:\/\/sk-naturkosmetik.de\/fr\/","logo":{"@type":"ImageObject","inLanguage":"fr-FR","@id":"https:\/\/sk-naturkosmetik.de\/fr\/#\/schema\/logo\/image\/","url":"https:\/\/sk-naturkosmetik.de\/wp-content\/uploads\/2025\/12\/Logo_SK_final-freigestellt.png","contentUrl":"https:\/\/sk-naturkosmetik.de\/wp-content\/uploads\/2025\/12\/Logo_SK_final-freigestellt.png","width":814,"height":601,"caption":"SK Naturkosmetik"},"image":{"@id":"https:\/\/sk-naturkosmetik.de\/fr\/#\/schema\/logo\/image\/"},"sameAs":["https:\/\/www.facebook.com\/sksuggi","https:\/\/www.instagram.com\/susanne_kaussen\/"]}]}},"_links":{"self":[{"href":"https:\/\/sk-naturkosmetik.de\/fr\/wp-json\/wp\/v2\/product\/1975","targetHints":{"allow":["GET"]}}],"collection":[{"href":"https:\/\/sk-naturkosmetik.de\/fr\/wp-json\/wp\/v2\/product"}],"about":[{"href":"https:\/\/sk-naturkosmetik.de\/fr\/wp-json\/wp\/v2\/types\/product"}],"replies":[{"embeddable":true,"href":"https:\/\/sk-naturkosmetik.de\/fr\/wp-json\/wp\/v2\/comments?post=1975"}],"wp:featuredmedia":[{"embeddable":true,"href":"https:\/\/sk-naturkosmetik.de\/fr\/wp-json\/wp\/v2\/media\/1979"}],"wp:attachment":[{"href":"https:\/\/sk-naturkosmetik.de\/fr\/wp-json\/wp\/v2\/media?parent=1975"}],"wp:term":[{"taxonomy":"product_brand","embeddable":true,"href":"https:\/\/sk-naturkosmetik.de\/fr\/wp-json\/wp\/v2\/product_brand?post=1975"},{"taxonomy":"product_cat","embeddable":true,"href":"https:\/\/sk-naturkosmetik.de\/fr\/wp-json\/wp\/v2\/product_cat?post=1975"},{"taxonomy":"product_tag","embeddable":true,"href":"https:\/\/sk-naturkosmetik.de\/fr\/wp-json\/wp\/v2\/product_tag?post=1975"}],"curies":[{"name":"wp","href":"https:\/\/api.w.org\/{rel}","templated":true}]}}