{"id":2003,"date":"2026-01-11T00:49:35","date_gmt":"2026-01-10T23:49:35","guid":{"rendered":"https:\/\/sk-naturkosmetik.de\/produkt\/coffret-de-regeneration-pour-peaux-seches-et-matures\/"},"modified":"2026-01-11T00:49:35","modified_gmt":"2026-01-10T23:49:35","slug":"coffret-de-regeneration-pour-peaux-seches-et-matures","status":"publish","type":"product","link":"https:\/\/sk-naturkosmetik.de\/fr\/produkt\/coffret-de-regeneration-pour-peaux-seches-et-matures\/","title":{"rendered":"Coffret de r\u00e9g\u00e9n\u00e9ration pour peaux s\u00e8ches et matures"},"excerpt":{"rendered":"<ul>\n<li>Routine de soins holistique en 6 \u00e9tapes pour la r\u00e9g\u00e9n\u00e9ration et la reconstruction<\/li>\n<li>Id\u00e9al pour les peaux s\u00e8ches, matures ou tendues<\/li>\n<li>Hydratation, protection et soins nourrissants judicieusement combin\u00e9s<\/li>\n<li>Sans ingr\u00e9dients agressifs ou dess\u00e9chants<\/li>\n<li>Fabriqu\u00e9 \u00e0 la main en Allemagne<\/li>\n<li>Soigneusement compos\u00e9e par mes soins sur la base de ma longue exp\u00e9rience de la peau<\/li>\n<\/ul>\n<p><img loading=\"lazy\" decoding=\"async\" class=\"alignnone size-medium wp-image-43\" src=\"https:\/\/sk-naturkosmetik.de\/wp-content\/uploads\/2025\/12\/Bd_TrockenReifeHaut_Ic_01_reifeHaut-300x286.png\" alt=\"\" width=\"300\" height=\"286\" srcset=\"https:\/\/sk-naturkosmetik.de\/wp-content\/uploads\/2025\/12\/Bd_TrockenReifeHaut_Ic_01_reifeHaut-300x286.png 300w, https:\/\/sk-naturkosmetik.de\/wp-content\/uploads\/2025\/12\/Bd_TrockenReifeHaut_Ic_01_reifeHaut.png 429w\" sizes=\"(max-width: 300px) 100vw, 300px\" \/> <img loading=\"lazy\" decoding=\"async\" class=\"alignnone size-medium wp-image-45\" src=\"https:\/\/sk-naturkosmetik.de\/wp-content\/uploads\/2025\/12\/Bd_TrockenReifeHaut_Ic_02_Feuchtigkeit-286x300.png\" alt=\"\" width=\"286\" height=\"300\" srcset=\"https:\/\/sk-naturkosmetik.de\/wp-content\/uploads\/2025\/12\/Bd_TrockenReifeHaut_Ic_02_Feuchtigkeit-286x300.png 286w, https:\/\/sk-naturkosmetik.de\/wp-content\/uploads\/2025\/12\/Bd_TrockenReifeHaut_Ic_02_Feuchtigkeit.png 460w\" sizes=\"(max-width: 286px) 100vw, 286px\" \/> <img loading=\"lazy\" decoding=\"async\" class=\"alignnone size-medium wp-image-47\" src=\"https:\/\/sk-naturkosmetik.de\/wp-content\/uploads\/2025\/12\/Bd_TrockenReifeHaut_Ic_03_Aufbau_Spannung-264x300.png\" alt=\"\" width=\"264\" height=\"300\" srcset=\"https:\/\/sk-naturkosmetik.de\/wp-content\/uploads\/2025\/12\/Bd_TrockenReifeHaut_Ic_03_Aufbau_Spannung-264x300.png 264w, https:\/\/sk-naturkosmetik.de\/wp-content\/uploads\/2025\/12\/Bd_TrockenReifeHaut_Ic_03_Aufbau_Spannung.png 421w\" sizes=\"(max-width: 264px) 100vw, 264px\" \/><\/p>\n","protected":false},"featured_media":2011,"comment_status":"closed","ping_status":"closed","template":"","meta":{"_acf_changed":false,"_et_pb_use_builder":"","_et_pb_old_content":"","_et_gb_content_width":""},"product_brand":[],"product_cat":[123],"product_tag":[],"class_list":{"0":"post-2003","1":"product","2":"type-product","3":"status-publish","4":"has-post-thumbnail","6":"product_cat-bundles","8":"first","9":"instock","10":"taxable","11":"shipping-taxable","12":"purchasable","13":"product-type-simple"},"acf":[],"yoast_head":"<!-- This site is optimized with the Yoast SEO plugin v27.1 - https:\/\/yoast.com\/product\/yoast-seo-wordpress\/ -->\n<title>Coffret de r\u00e9g\u00e9n\u00e9ration pour peaux s\u00e8ches et matures - SK Naturkosmetik<\/title>\n<meta name=\"robots\" content=\"index, follow, max-snippet:-1, max-image-preview:large, max-video-preview:-1\" \/>\n<link rel=\"canonical\" href=\"https:\/\/sk-naturkosmetik.de\/fr\/produkt\/coffret-de-regeneration-pour-peaux-seches-et-matures\/\" \/>\n<meta property=\"og:locale\" content=\"fr_FR\" \/>\n<meta property=\"og:type\" content=\"article\" \/>\n<meta property=\"og:title\" content=\"Coffret de r\u00e9g\u00e9n\u00e9ration pour peaux s\u00e8ches et matures - SK Naturkosmetik\" \/>\n<meta property=\"og:description\" content=\"Routine de soins holistique en 6 \u00e9tapes pour la r\u00e9g\u00e9n\u00e9ration et la reconstruction  Id\u00e9al pour les peaux s\u00e8ches, matures ou tendues  Hydratation, protection et soins nourrissants judicieusement combin\u00e9s  Sans ingr\u00e9dients agressifs ou dess\u00e9chants  Fabriqu\u00e9 \u00e0 la main en Allemagne  Soigneusement compos\u00e9e par mes soins sur la base de ma longue exp\u00e9rience de la peau\" \/>\n<meta property=\"og:url\" content=\"https:\/\/sk-naturkosmetik.de\/fr\/produkt\/coffret-de-regeneration-pour-peaux-seches-et-matures\/\" \/>\n<meta property=\"og:site_name\" content=\"SK Naturkosmetik\" \/>\n<meta property=\"article:publisher\" content=\"https:\/\/www.facebook.com\/sksuggi\" \/>\n<meta property=\"og:image\" content=\"https:\/\/sk-naturkosmetik.de\/wp-content\/uploads\/2025\/12\/Bundle-5_ReifeHaut_02.jpg\" \/>\n\t<meta property=\"og:image:width\" content=\"1500\" \/>\n\t<meta property=\"og:image:height\" content=\"1500\" \/>\n\t<meta property=\"og:image:type\" content=\"image\/jpeg\" \/>\n<meta name=\"twitter:card\" content=\"summary_large_image\" \/>\n<script type=\"application\/ld+json\" class=\"yoast-schema-graph\">{\"@context\":\"https:\/\/schema.org\",\"@graph\":[{\"@type\":\"WebPage\",\"@id\":\"https:\/\/sk-naturkosmetik.de\/fr\/produkt\/coffret-de-regeneration-pour-peaux-seches-et-matures\/\",\"url\":\"https:\/\/sk-naturkosmetik.de\/fr\/produkt\/coffret-de-regeneration-pour-peaux-seches-et-matures\/\",\"name\":\"Coffret de r\u00e9g\u00e9n\u00e9ration pour peaux s\u00e8ches et matures - SK Naturkosmetik\",\"isPartOf\":{\"@id\":\"https:\/\/sk-naturkosmetik.de\/fr\/#website\"},\"primaryImageOfPage\":{\"@id\":\"https:\/\/sk-naturkosmetik.de\/fr\/produkt\/coffret-de-regeneration-pour-peaux-seches-et-matures\/#primaryimage\"},\"image\":{\"@id\":\"https:\/\/sk-naturkosmetik.de\/fr\/produkt\/coffret-de-regeneration-pour-peaux-seches-et-matures\/#primaryimage\"},\"thumbnailUrl\":\"https:\/\/sk-naturkosmetik.de\/wp-content\/uploads\/2025\/12\/Bundle-5_ReifeHaut_02.jpg\",\"datePublished\":\"2026-01-10T23:49:35+00:00\",\"breadcrumb\":{\"@id\":\"https:\/\/sk-naturkosmetik.de\/fr\/produkt\/coffret-de-regeneration-pour-peaux-seches-et-matures\/#breadcrumb\"},\"inLanguage\":\"fr-FR\",\"potentialAction\":[{\"@type\":\"ReadAction\",\"target\":[\"https:\/\/sk-naturkosmetik.de\/fr\/produkt\/coffret-de-regeneration-pour-peaux-seches-et-matures\/\"]}]},{\"@type\":\"ImageObject\",\"inLanguage\":\"fr-FR\",\"@id\":\"https:\/\/sk-naturkosmetik.de\/fr\/produkt\/coffret-de-regeneration-pour-peaux-seches-et-matures\/#primaryimage\",\"url\":\"https:\/\/sk-naturkosmetik.de\/wp-content\/uploads\/2025\/12\/Bundle-5_ReifeHaut_02.jpg\",\"contentUrl\":\"https:\/\/sk-naturkosmetik.de\/wp-content\/uploads\/2025\/12\/Bundle-5_ReifeHaut_02.jpg\",\"width\":1500,\"height\":1500,\"caption\":\"naturkosmetik regenerationsbundle f\u00fcr reife haut\"},{\"@type\":\"BreadcrumbList\",\"@id\":\"https:\/\/sk-naturkosmetik.de\/fr\/produkt\/coffret-de-regeneration-pour-peaux-seches-et-matures\/#breadcrumb\",\"itemListElement\":[{\"@type\":\"ListItem\",\"position\":1,\"name\":\"Start\",\"item\":\"https:\/\/sk-naturkosmetik.de\/fr\/page-daccueil\/\"},{\"@type\":\"ListItem\",\"position\":2,\"name\":\"Boutique\",\"item\":\"https:\/\/sk-naturkosmetik.de\/fr\/boutique\/\"},{\"@type\":\"ListItem\",\"position\":3,\"name\":\"Coffret de r\u00e9g\u00e9n\u00e9ration pour peaux s\u00e8ches et matures\"}]},{\"@type\":\"WebSite\",\"@id\":\"https:\/\/sk-naturkosmetik.de\/fr\/#website\",\"url\":\"https:\/\/sk-naturkosmetik.de\/fr\/\",\"name\":\"SK Naturkosmetik\",\"description\":\"Premium Naturkosmetik mit Naturkraft, die sichtbar wirkt.\",\"publisher\":{\"@id\":\"https:\/\/sk-naturkosmetik.de\/fr\/#organization\"},\"potentialAction\":[{\"@type\":\"SearchAction\",\"target\":{\"@type\":\"EntryPoint\",\"urlTemplate\":\"https:\/\/sk-naturkosmetik.de\/fr\/?s={search_term_string}\"},\"query-input\":{\"@type\":\"PropertyValueSpecification\",\"valueRequired\":true,\"valueName\":\"search_term_string\"}}],\"inLanguage\":\"fr-FR\"},{\"@type\":\"Organization\",\"@id\":\"https:\/\/sk-naturkosmetik.de\/fr\/#organization\",\"name\":\"SK Naturkosmetik\",\"url\":\"https:\/\/sk-naturkosmetik.de\/fr\/\",\"logo\":{\"@type\":\"ImageObject\",\"inLanguage\":\"fr-FR\",\"@id\":\"https:\/\/sk-naturkosmetik.de\/fr\/#\/schema\/logo\/image\/\",\"url\":\"https:\/\/sk-naturkosmetik.de\/wp-content\/uploads\/2025\/12\/Logo_SK_final-freigestellt.png\",\"contentUrl\":\"https:\/\/sk-naturkosmetik.de\/wp-content\/uploads\/2025\/12\/Logo_SK_final-freigestellt.png\",\"width\":814,\"height\":601,\"caption\":\"SK Naturkosmetik\"},\"image\":{\"@id\":\"https:\/\/sk-naturkosmetik.de\/fr\/#\/schema\/logo\/image\/\"},\"sameAs\":[\"https:\/\/www.facebook.com\/sksuggi\",\"https:\/\/www.instagram.com\/susanne_kaussen\/\"]}]}<\/script>\n<!-- \/ Yoast SEO plugin. -->","yoast_head_json":{"title":"Coffret de r\u00e9g\u00e9n\u00e9ration pour peaux s\u00e8ches et matures - SK Naturkosmetik","robots":{"index":"index","follow":"follow","max-snippet":"max-snippet:-1","max-image-preview":"max-image-preview:large","max-video-preview":"max-video-preview:-1"},"canonical":"https:\/\/sk-naturkosmetik.de\/fr\/produkt\/coffret-de-regeneration-pour-peaux-seches-et-matures\/","og_locale":"fr_FR","og_type":"article","og_title":"Coffret de r\u00e9g\u00e9n\u00e9ration pour peaux s\u00e8ches et matures - SK Naturkosmetik","og_description":"Routine de soins holistique en 6 \u00e9tapes pour la r\u00e9g\u00e9n\u00e9ration et la reconstruction  Id\u00e9al pour les peaux s\u00e8ches, matures ou tendues  Hydratation, protection et soins nourrissants judicieusement combin\u00e9s  Sans ingr\u00e9dients agressifs ou dess\u00e9chants  Fabriqu\u00e9 \u00e0 la main en Allemagne  Soigneusement compos\u00e9e par mes soins sur la base de ma longue exp\u00e9rience de la peau","og_url":"https:\/\/sk-naturkosmetik.de\/fr\/produkt\/coffret-de-regeneration-pour-peaux-seches-et-matures\/","og_site_name":"SK Naturkosmetik","article_publisher":"https:\/\/www.facebook.com\/sksuggi","og_image":[{"width":1500,"height":1500,"url":"https:\/\/sk-naturkosmetik.de\/wp-content\/uploads\/2025\/12\/Bundle-5_ReifeHaut_02.jpg","type":"image\/jpeg"}],"twitter_card":"summary_large_image","schema":{"@context":"https:\/\/schema.org","@graph":[{"@type":"WebPage","@id":"https:\/\/sk-naturkosmetik.de\/fr\/produkt\/coffret-de-regeneration-pour-peaux-seches-et-matures\/","url":"https:\/\/sk-naturkosmetik.de\/fr\/produkt\/coffret-de-regeneration-pour-peaux-seches-et-matures\/","name":"Coffret de r\u00e9g\u00e9n\u00e9ration pour peaux s\u00e8ches et matures - SK Naturkosmetik","isPartOf":{"@id":"https:\/\/sk-naturkosmetik.de\/fr\/#website"},"primaryImageOfPage":{"@id":"https:\/\/sk-naturkosmetik.de\/fr\/produkt\/coffret-de-regeneration-pour-peaux-seches-et-matures\/#primaryimage"},"image":{"@id":"https:\/\/sk-naturkosmetik.de\/fr\/produkt\/coffret-de-regeneration-pour-peaux-seches-et-matures\/#primaryimage"},"thumbnailUrl":"https:\/\/sk-naturkosmetik.de\/wp-content\/uploads\/2025\/12\/Bundle-5_ReifeHaut_02.jpg","datePublished":"2026-01-10T23:49:35+00:00","breadcrumb":{"@id":"https:\/\/sk-naturkosmetik.de\/fr\/produkt\/coffret-de-regeneration-pour-peaux-seches-et-matures\/#breadcrumb"},"inLanguage":"fr-FR","potentialAction":[{"@type":"ReadAction","target":["https:\/\/sk-naturkosmetik.de\/fr\/produkt\/coffret-de-regeneration-pour-peaux-seches-et-matures\/"]}]},{"@type":"ImageObject","inLanguage":"fr-FR","@id":"https:\/\/sk-naturkosmetik.de\/fr\/produkt\/coffret-de-regeneration-pour-peaux-seches-et-matures\/#primaryimage","url":"https:\/\/sk-naturkosmetik.de\/wp-content\/uploads\/2025\/12\/Bundle-5_ReifeHaut_02.jpg","contentUrl":"https:\/\/sk-naturkosmetik.de\/wp-content\/uploads\/2025\/12\/Bundle-5_ReifeHaut_02.jpg","width":1500,"height":1500,"caption":"naturkosmetik regenerationsbundle f\u00fcr reife haut"},{"@type":"BreadcrumbList","@id":"https:\/\/sk-naturkosmetik.de\/fr\/produkt\/coffret-de-regeneration-pour-peaux-seches-et-matures\/#breadcrumb","itemListElement":[{"@type":"ListItem","position":1,"name":"Start","item":"https:\/\/sk-naturkosmetik.de\/fr\/page-daccueil\/"},{"@type":"ListItem","position":2,"name":"Boutique","item":"https:\/\/sk-naturkosmetik.de\/fr\/boutique\/"},{"@type":"ListItem","position":3,"name":"Coffret de r\u00e9g\u00e9n\u00e9ration pour peaux s\u00e8ches et matures"}]},{"@type":"WebSite","@id":"https:\/\/sk-naturkosmetik.de\/fr\/#website","url":"https:\/\/sk-naturkosmetik.de\/fr\/","name":"SK Naturkosmetik","description":"Premium Naturkosmetik mit Naturkraft, die sichtbar wirkt.","publisher":{"@id":"https:\/\/sk-naturkosmetik.de\/fr\/#organization"},"potentialAction":[{"@type":"SearchAction","target":{"@type":"EntryPoint","urlTemplate":"https:\/\/sk-naturkosmetik.de\/fr\/?s={search_term_string}"},"query-input":{"@type":"PropertyValueSpecification","valueRequired":true,"valueName":"search_term_string"}}],"inLanguage":"fr-FR"},{"@type":"Organization","@id":"https:\/\/sk-naturkosmetik.de\/fr\/#organization","name":"SK Naturkosmetik","url":"https:\/\/sk-naturkosmetik.de\/fr\/","logo":{"@type":"ImageObject","inLanguage":"fr-FR","@id":"https:\/\/sk-naturkosmetik.de\/fr\/#\/schema\/logo\/image\/","url":"https:\/\/sk-naturkosmetik.de\/wp-content\/uploads\/2025\/12\/Logo_SK_final-freigestellt.png","contentUrl":"https:\/\/sk-naturkosmetik.de\/wp-content\/uploads\/2025\/12\/Logo_SK_final-freigestellt.png","width":814,"height":601,"caption":"SK Naturkosmetik"},"image":{"@id":"https:\/\/sk-naturkosmetik.de\/fr\/#\/schema\/logo\/image\/"},"sameAs":["https:\/\/www.facebook.com\/sksuggi","https:\/\/www.instagram.com\/susanne_kaussen\/"]}]}},"_links":{"self":[{"href":"https:\/\/sk-naturkosmetik.de\/fr\/wp-json\/wp\/v2\/product\/2003","targetHints":{"allow":["GET"]}}],"collection":[{"href":"https:\/\/sk-naturkosmetik.de\/fr\/wp-json\/wp\/v2\/product"}],"about":[{"href":"https:\/\/sk-naturkosmetik.de\/fr\/wp-json\/wp\/v2\/types\/product"}],"replies":[{"embeddable":true,"href":"https:\/\/sk-naturkosmetik.de\/fr\/wp-json\/wp\/v2\/comments?post=2003"}],"wp:featuredmedia":[{"embeddable":true,"href":"https:\/\/sk-naturkosmetik.de\/fr\/wp-json\/wp\/v2\/media\/2011"}],"wp:attachment":[{"href":"https:\/\/sk-naturkosmetik.de\/fr\/wp-json\/wp\/v2\/media?parent=2003"}],"wp:term":[{"taxonomy":"product_brand","embeddable":true,"href":"https:\/\/sk-naturkosmetik.de\/fr\/wp-json\/wp\/v2\/product_brand?post=2003"},{"taxonomy":"product_cat","embeddable":true,"href":"https:\/\/sk-naturkosmetik.de\/fr\/wp-json\/wp\/v2\/product_cat?post=2003"},{"taxonomy":"product_tag","embeddable":true,"href":"https:\/\/sk-naturkosmetik.de\/fr\/wp-json\/wp\/v2\/product_tag?post=2003"}],"curies":[{"name":"wp","href":"https:\/\/api.w.org\/{rel}","templated":true}]}}