{"id":2004,"date":"2026-01-11T00:12:16","date_gmt":"2026-01-10T23:12:16","guid":{"rendered":"https:\/\/sk-naturkosmetik.de\/produkt\/un-bundle-pour-toutes-les-peaux-un-soin-fiable-matin-et-soir\/"},"modified":"2026-01-11T00:12:16","modified_gmt":"2026-01-10T23:12:16","slug":"un-bundle-pour-toutes-les-peaux-un-soin-fiable-matin-et-soir","status":"publish","type":"product","link":"https:\/\/sk-naturkosmetik.de\/fr\/produkt\/un-bundle-pour-toutes-les-peaux-un-soin-fiable-matin-et-soir\/","title":{"rendered":"Un bundle pour toutes les peaux &#8211; un soin fiable matin et soir"},"excerpt":{"rendered":"<ul>\n<li>Soin complet pour le matin et le soir<\/li>\n<li>Nettoyage, clarification, hydratation et soin judicieusement coordonn\u00e9s<\/li>\n<li>Favorise la r\u00e9tention de l&rsquo;humidit\u00e9 et r\u00e9duit les sensations de tiraillement<\/li>\n<li>Laisse la peau douce et naturellement brillante<\/li>\n<li>Pas besoin de cr\u00e8me de nuit suppl\u00e9mentaire<\/li>\n<li>Compil\u00e9 par moi \u00e0 partir d&rsquo;ann\u00e9es d&rsquo;exp\u00e9rience<\/li>\n<\/ul>\n<p><img loading=\"lazy\" decoding=\"async\" class=\"alignnone size-medium wp-image-41\" src=\"https:\/\/sk-naturkosmetik.de\/wp-content\/uploads\/2025\/12\/Bd_JedeHaut_Ic_03_AusgleichendePflege-264x300.png\" alt=\"\" width=\"264\" height=\"300\" srcset=\"https:\/\/sk-naturkosmetik.de\/wp-content\/uploads\/2025\/12\/Bd_JedeHaut_Ic_03_AusgleichendePflege-264x300.png 264w, https:\/\/sk-naturkosmetik.de\/wp-content\/uploads\/2025\/12\/Bd_JedeHaut_Ic_03_AusgleichendePflege.png 421w\" sizes=\"(max-width: 264px) 100vw, 264px\" \/> <img loading=\"lazy\" decoding=\"async\" class=\"alignnone size-medium wp-image-40\" src=\"https:\/\/sk-naturkosmetik.de\/wp-content\/uploads\/2025\/12\/Bd_JedeHaut_Ic_02_Feuchtigkeitsbalance-285x300.png\" alt=\"\" width=\"285\" height=\"300\" srcset=\"https:\/\/sk-naturkosmetik.de\/wp-content\/uploads\/2025\/12\/Bd_JedeHaut_Ic_02_Feuchtigkeitsbalance-285x300.png 285w, https:\/\/sk-naturkosmetik.de\/wp-content\/uploads\/2025\/12\/Bd_JedeHaut_Ic_02_Feuchtigkeitsbalance.png 460w\" sizes=\"(max-width: 285px) 100vw, 285px\" \/> <img loading=\"lazy\" decoding=\"async\" class=\"alignnone size-medium wp-image-39\" src=\"https:\/\/sk-naturkosmetik.de\/wp-content\/uploads\/2025\/12\/Bd_JedeHaut_Ic_01_Universell-300x286.png\" alt=\"\" width=\"300\" height=\"286\" srcset=\"https:\/\/sk-naturkosmetik.de\/wp-content\/uploads\/2025\/12\/Bd_JedeHaut_Ic_01_Universell-300x286.png 300w, https:\/\/sk-naturkosmetik.de\/wp-content\/uploads\/2025\/12\/Bd_JedeHaut_Ic_01_Universell.png 429w\" sizes=\"(max-width: 300px) 100vw, 300px\" \/><\/p>\n","protected":false},"featured_media":2247,"comment_status":"closed","ping_status":"closed","template":"","meta":{"_acf_changed":false,"_et_pb_use_builder":"","_et_pb_old_content":"","_et_gb_content_width":""},"product_brand":[],"product_cat":[123],"product_tag":[],"class_list":{"0":"post-2004","1":"product","2":"type-product","3":"status-publish","4":"has-post-thumbnail","6":"product_cat-bundles","8":"first","9":"instock","10":"taxable","11":"shipping-taxable","12":"purchasable","13":"product-type-simple"},"acf":[],"yoast_head":"<!-- This site is optimized with the Yoast SEO plugin v27.1 - https:\/\/yoast.com\/product\/yoast-seo-wordpress\/ -->\n<title>Un bundle pour toutes les peaux - un soin fiable matin et soir - SK Naturkosmetik<\/title>\n<meta name=\"robots\" content=\"index, follow, max-snippet:-1, max-image-preview:large, max-video-preview:-1\" \/>\n<link rel=\"canonical\" href=\"https:\/\/sk-naturkosmetik.de\/fr\/produkt\/un-bundle-pour-toutes-les-peaux-un-soin-fiable-matin-et-soir\/\" \/>\n<meta property=\"og:locale\" content=\"fr_FR\" \/>\n<meta property=\"og:type\" content=\"article\" \/>\n<meta property=\"og:title\" content=\"Un bundle pour toutes les peaux - un soin fiable matin et soir - SK Naturkosmetik\" \/>\n<meta property=\"og:description\" content=\"Soin complet pour le matin et le soir  Nettoyage, clarification, hydratation et soin judicieusement coordonn\u00e9s  Favorise la r\u00e9tention de l&#039;humidit\u00e9 et r\u00e9duit les sensations de tiraillement  Laisse la peau douce et naturellement brillante  Pas besoin de cr\u00e8me de nuit suppl\u00e9mentaire  Compil\u00e9 par moi \u00e0 partir d&#039;ann\u00e9es d&#039;exp\u00e9rience\" \/>\n<meta property=\"og:url\" content=\"https:\/\/sk-naturkosmetik.de\/fr\/produkt\/un-bundle-pour-toutes-les-peaux-un-soin-fiable-matin-et-soir\/\" \/>\n<meta property=\"og:site_name\" content=\"SK Naturkosmetik\" \/>\n<meta property=\"article:publisher\" content=\"https:\/\/www.facebook.com\/sksuggi\" \/>\n<meta property=\"og:image\" content=\"https:\/\/sk-naturkosmetik.de\/wp-content\/uploads\/2026\/02\/Bundle-3_JedeHaut_02_neu.jpg\" \/>\n\t<meta property=\"og:image:width\" content=\"1500\" \/>\n\t<meta property=\"og:image:height\" content=\"1500\" \/>\n\t<meta property=\"og:image:type\" content=\"image\/jpeg\" \/>\n<meta name=\"twitter:card\" content=\"summary_large_image\" \/>\n<script type=\"application\/ld+json\" class=\"yoast-schema-graph\">{\"@context\":\"https:\/\/schema.org\",\"@graph\":[{\"@type\":\"WebPage\",\"@id\":\"https:\/\/sk-naturkosmetik.de\/fr\/produkt\/un-bundle-pour-toutes-les-peaux-un-soin-fiable-matin-et-soir\/\",\"url\":\"https:\/\/sk-naturkosmetik.de\/fr\/produkt\/un-bundle-pour-toutes-les-peaux-un-soin-fiable-matin-et-soir\/\",\"name\":\"Un bundle pour toutes les peaux - un soin fiable matin et soir - SK Naturkosmetik\",\"isPartOf\":{\"@id\":\"https:\/\/sk-naturkosmetik.de\/fr\/#website\"},\"primaryImageOfPage\":{\"@id\":\"https:\/\/sk-naturkosmetik.de\/fr\/produkt\/un-bundle-pour-toutes-les-peaux-un-soin-fiable-matin-et-soir\/#primaryimage\"},\"image\":{\"@id\":\"https:\/\/sk-naturkosmetik.de\/fr\/produkt\/un-bundle-pour-toutes-les-peaux-un-soin-fiable-matin-et-soir\/#primaryimage\"},\"thumbnailUrl\":\"https:\/\/sk-naturkosmetik.de\/wp-content\/uploads\/2026\/02\/Bundle-3_JedeHaut_02_neu.jpg\",\"datePublished\":\"2026-01-10T23:12:16+00:00\",\"breadcrumb\":{\"@id\":\"https:\/\/sk-naturkosmetik.de\/fr\/produkt\/un-bundle-pour-toutes-les-peaux-un-soin-fiable-matin-et-soir\/#breadcrumb\"},\"inLanguage\":\"fr-FR\",\"potentialAction\":[{\"@type\":\"ReadAction\",\"target\":[\"https:\/\/sk-naturkosmetik.de\/fr\/produkt\/un-bundle-pour-toutes-les-peaux-un-soin-fiable-matin-et-soir\/\"]}]},{\"@type\":\"ImageObject\",\"inLanguage\":\"fr-FR\",\"@id\":\"https:\/\/sk-naturkosmetik.de\/fr\/produkt\/un-bundle-pour-toutes-les-peaux-un-soin-fiable-matin-et-soir\/#primaryimage\",\"url\":\"https:\/\/sk-naturkosmetik.de\/wp-content\/uploads\/2026\/02\/Bundle-3_JedeHaut_02_neu.jpg\",\"contentUrl\":\"https:\/\/sk-naturkosmetik.de\/wp-content\/uploads\/2026\/02\/Bundle-3_JedeHaut_02_neu.jpg\",\"width\":1500,\"height\":1500,\"caption\":\"naturkosmetik pflegeset f\u00fcr jede haut\"},{\"@type\":\"BreadcrumbList\",\"@id\":\"https:\/\/sk-naturkosmetik.de\/fr\/produkt\/un-bundle-pour-toutes-les-peaux-un-soin-fiable-matin-et-soir\/#breadcrumb\",\"itemListElement\":[{\"@type\":\"ListItem\",\"position\":1,\"name\":\"Start\",\"item\":\"https:\/\/sk-naturkosmetik.de\/fr\/page-daccueil\/\"},{\"@type\":\"ListItem\",\"position\":2,\"name\":\"Boutique\",\"item\":\"https:\/\/sk-naturkosmetik.de\/fr\/boutique\/\"},{\"@type\":\"ListItem\",\"position\":3,\"name\":\"Un bundle pour toutes les peaux &#8211; un soin fiable matin et soir\"}]},{\"@type\":\"WebSite\",\"@id\":\"https:\/\/sk-naturkosmetik.de\/fr\/#website\",\"url\":\"https:\/\/sk-naturkosmetik.de\/fr\/\",\"name\":\"SK Naturkosmetik\",\"description\":\"Premium Naturkosmetik mit Naturkraft, die sichtbar wirkt.\",\"publisher\":{\"@id\":\"https:\/\/sk-naturkosmetik.de\/fr\/#organization\"},\"potentialAction\":[{\"@type\":\"SearchAction\",\"target\":{\"@type\":\"EntryPoint\",\"urlTemplate\":\"https:\/\/sk-naturkosmetik.de\/fr\/?s={search_term_string}\"},\"query-input\":{\"@type\":\"PropertyValueSpecification\",\"valueRequired\":true,\"valueName\":\"search_term_string\"}}],\"inLanguage\":\"fr-FR\"},{\"@type\":\"Organization\",\"@id\":\"https:\/\/sk-naturkosmetik.de\/fr\/#organization\",\"name\":\"SK Naturkosmetik\",\"url\":\"https:\/\/sk-naturkosmetik.de\/fr\/\",\"logo\":{\"@type\":\"ImageObject\",\"inLanguage\":\"fr-FR\",\"@id\":\"https:\/\/sk-naturkosmetik.de\/fr\/#\/schema\/logo\/image\/\",\"url\":\"https:\/\/sk-naturkosmetik.de\/wp-content\/uploads\/2025\/12\/Logo_SK_final-freigestellt.png\",\"contentUrl\":\"https:\/\/sk-naturkosmetik.de\/wp-content\/uploads\/2025\/12\/Logo_SK_final-freigestellt.png\",\"width\":814,\"height\":601,\"caption\":\"SK Naturkosmetik\"},\"image\":{\"@id\":\"https:\/\/sk-naturkosmetik.de\/fr\/#\/schema\/logo\/image\/\"},\"sameAs\":[\"https:\/\/www.facebook.com\/sksuggi\",\"https:\/\/www.instagram.com\/susanne_kaussen\/\"]}]}<\/script>\n<!-- \/ Yoast SEO plugin. -->","yoast_head_json":{"title":"Un bundle pour toutes les peaux - un soin fiable matin et soir - SK Naturkosmetik","robots":{"index":"index","follow":"follow","max-snippet":"max-snippet:-1","max-image-preview":"max-image-preview:large","max-video-preview":"max-video-preview:-1"},"canonical":"https:\/\/sk-naturkosmetik.de\/fr\/produkt\/un-bundle-pour-toutes-les-peaux-un-soin-fiable-matin-et-soir\/","og_locale":"fr_FR","og_type":"article","og_title":"Un bundle pour toutes les peaux - un soin fiable matin et soir - SK Naturkosmetik","og_description":"Soin complet pour le matin et le soir  Nettoyage, clarification, hydratation et soin judicieusement coordonn\u00e9s  Favorise la r\u00e9tention de l'humidit\u00e9 et r\u00e9duit les sensations de tiraillement  Laisse la peau douce et naturellement brillante  Pas besoin de cr\u00e8me de nuit suppl\u00e9mentaire  Compil\u00e9 par moi \u00e0 partir d'ann\u00e9es d'exp\u00e9rience","og_url":"https:\/\/sk-naturkosmetik.de\/fr\/produkt\/un-bundle-pour-toutes-les-peaux-un-soin-fiable-matin-et-soir\/","og_site_name":"SK Naturkosmetik","article_publisher":"https:\/\/www.facebook.com\/sksuggi","og_image":[{"width":1500,"height":1500,"url":"https:\/\/sk-naturkosmetik.de\/wp-content\/uploads\/2026\/02\/Bundle-3_JedeHaut_02_neu.jpg","type":"image\/jpeg"}],"twitter_card":"summary_large_image","schema":{"@context":"https:\/\/schema.org","@graph":[{"@type":"WebPage","@id":"https:\/\/sk-naturkosmetik.de\/fr\/produkt\/un-bundle-pour-toutes-les-peaux-un-soin-fiable-matin-et-soir\/","url":"https:\/\/sk-naturkosmetik.de\/fr\/produkt\/un-bundle-pour-toutes-les-peaux-un-soin-fiable-matin-et-soir\/","name":"Un bundle pour toutes les peaux - un soin fiable matin et soir - SK Naturkosmetik","isPartOf":{"@id":"https:\/\/sk-naturkosmetik.de\/fr\/#website"},"primaryImageOfPage":{"@id":"https:\/\/sk-naturkosmetik.de\/fr\/produkt\/un-bundle-pour-toutes-les-peaux-un-soin-fiable-matin-et-soir\/#primaryimage"},"image":{"@id":"https:\/\/sk-naturkosmetik.de\/fr\/produkt\/un-bundle-pour-toutes-les-peaux-un-soin-fiable-matin-et-soir\/#primaryimage"},"thumbnailUrl":"https:\/\/sk-naturkosmetik.de\/wp-content\/uploads\/2026\/02\/Bundle-3_JedeHaut_02_neu.jpg","datePublished":"2026-01-10T23:12:16+00:00","breadcrumb":{"@id":"https:\/\/sk-naturkosmetik.de\/fr\/produkt\/un-bundle-pour-toutes-les-peaux-un-soin-fiable-matin-et-soir\/#breadcrumb"},"inLanguage":"fr-FR","potentialAction":[{"@type":"ReadAction","target":["https:\/\/sk-naturkosmetik.de\/fr\/produkt\/un-bundle-pour-toutes-les-peaux-un-soin-fiable-matin-et-soir\/"]}]},{"@type":"ImageObject","inLanguage":"fr-FR","@id":"https:\/\/sk-naturkosmetik.de\/fr\/produkt\/un-bundle-pour-toutes-les-peaux-un-soin-fiable-matin-et-soir\/#primaryimage","url":"https:\/\/sk-naturkosmetik.de\/wp-content\/uploads\/2026\/02\/Bundle-3_JedeHaut_02_neu.jpg","contentUrl":"https:\/\/sk-naturkosmetik.de\/wp-content\/uploads\/2026\/02\/Bundle-3_JedeHaut_02_neu.jpg","width":1500,"height":1500,"caption":"naturkosmetik pflegeset f\u00fcr jede haut"},{"@type":"BreadcrumbList","@id":"https:\/\/sk-naturkosmetik.de\/fr\/produkt\/un-bundle-pour-toutes-les-peaux-un-soin-fiable-matin-et-soir\/#breadcrumb","itemListElement":[{"@type":"ListItem","position":1,"name":"Start","item":"https:\/\/sk-naturkosmetik.de\/fr\/page-daccueil\/"},{"@type":"ListItem","position":2,"name":"Boutique","item":"https:\/\/sk-naturkosmetik.de\/fr\/boutique\/"},{"@type":"ListItem","position":3,"name":"Un bundle pour toutes les peaux &#8211; un soin fiable matin et soir"}]},{"@type":"WebSite","@id":"https:\/\/sk-naturkosmetik.de\/fr\/#website","url":"https:\/\/sk-naturkosmetik.de\/fr\/","name":"SK Naturkosmetik","description":"Premium Naturkosmetik mit Naturkraft, die sichtbar wirkt.","publisher":{"@id":"https:\/\/sk-naturkosmetik.de\/fr\/#organization"},"potentialAction":[{"@type":"SearchAction","target":{"@type":"EntryPoint","urlTemplate":"https:\/\/sk-naturkosmetik.de\/fr\/?s={search_term_string}"},"query-input":{"@type":"PropertyValueSpecification","valueRequired":true,"valueName":"search_term_string"}}],"inLanguage":"fr-FR"},{"@type":"Organization","@id":"https:\/\/sk-naturkosmetik.de\/fr\/#organization","name":"SK Naturkosmetik","url":"https:\/\/sk-naturkosmetik.de\/fr\/","logo":{"@type":"ImageObject","inLanguage":"fr-FR","@id":"https:\/\/sk-naturkosmetik.de\/fr\/#\/schema\/logo\/image\/","url":"https:\/\/sk-naturkosmetik.de\/wp-content\/uploads\/2025\/12\/Logo_SK_final-freigestellt.png","contentUrl":"https:\/\/sk-naturkosmetik.de\/wp-content\/uploads\/2025\/12\/Logo_SK_final-freigestellt.png","width":814,"height":601,"caption":"SK Naturkosmetik"},"image":{"@id":"https:\/\/sk-naturkosmetik.de\/fr\/#\/schema\/logo\/image\/"},"sameAs":["https:\/\/www.facebook.com\/sksuggi","https:\/\/www.instagram.com\/susanne_kaussen\/"]}]}},"_links":{"self":[{"href":"https:\/\/sk-naturkosmetik.de\/fr\/wp-json\/wp\/v2\/product\/2004","targetHints":{"allow":["GET"]}}],"collection":[{"href":"https:\/\/sk-naturkosmetik.de\/fr\/wp-json\/wp\/v2\/product"}],"about":[{"href":"https:\/\/sk-naturkosmetik.de\/fr\/wp-json\/wp\/v2\/types\/product"}],"replies":[{"embeddable":true,"href":"https:\/\/sk-naturkosmetik.de\/fr\/wp-json\/wp\/v2\/comments?post=2004"}],"wp:featuredmedia":[{"embeddable":true,"href":"https:\/\/sk-naturkosmetik.de\/fr\/wp-json\/wp\/v2\/media\/2247"}],"wp:attachment":[{"href":"https:\/\/sk-naturkosmetik.de\/fr\/wp-json\/wp\/v2\/media?parent=2004"}],"wp:term":[{"taxonomy":"product_brand","embeddable":true,"href":"https:\/\/sk-naturkosmetik.de\/fr\/wp-json\/wp\/v2\/product_brand?post=2004"},{"taxonomy":"product_cat","embeddable":true,"href":"https:\/\/sk-naturkosmetik.de\/fr\/wp-json\/wp\/v2\/product_cat?post=2004"},{"taxonomy":"product_tag","embeddable":true,"href":"https:\/\/sk-naturkosmetik.de\/fr\/wp-json\/wp\/v2\/product_tag?post=2004"}],"curies":[{"name":"wp","href":"https:\/\/api.w.org\/{rel}","templated":true}]}}