{"id":2067,"date":"2026-01-10T13:59:17","date_gmt":"2026-01-10T12:59:17","guid":{"rendered":"https:\/\/sk-naturkosmetik.de\/produkt\/experience-serum-anti-age-pour-les-peaux-exigeantes-impures-et-sensibles\/"},"modified":"2026-01-10T13:59:17","modified_gmt":"2026-01-10T12:59:17","slug":"experience-serum-anti-age-pour-les-peaux-exigeantes-impures-et-sensibles","status":"publish","type":"product","link":"https:\/\/sk-naturkosmetik.de\/fr\/produkt\/experience-serum-anti-age-pour-les-peaux-exigeantes-impures-et-sensibles\/","title":{"rendered":"EXP\u00c9RIENCE &#8211; S\u00e9rum anti-\u00e2ge pour les peaux exigeantes, impures et sensibles"},"excerpt":{"rendered":"<ul>\n<li>S\u00e9rum anti-\u00e2ge pour les peaux exigeantes, sensibles et impures<\/li>\n<li>Les peptides soutiennent l&rsquo;\u00e9lasticit\u00e9 et la structure de la peau<\/li>\n<li>Apaise les peaux agit\u00e9es et enflamm\u00e9es<\/li>\n<li>Soutient la r\u00e9g\u00e9n\u00e9ration en cas d&rsquo;impuret\u00e9s et de cicatrices d&rsquo;acn\u00e9<\/li>\n<li>Le cresson de Para d\u00e9tend les expressions et adoucit les rides.<\/li>\n<li>Les acides amin\u00e9s favorisent l&rsquo;hydratation et la souplesse<\/li>\n<li>La vitamine B12 \u00e9quilibre la peau<\/li>\n<li>Texture l\u00e9g\u00e8re p\u00e9n\u00e8tre rapidement sans film gras<\/li>\n<li>Particuli\u00e8rement \u00e9conomique quelques coups de pompe suffisent<\/li>\n<li>Tr\u00e8s bien tol\u00e9r\u00e9, m\u00eame par les peaux sensibles<\/li>\n<li>Fabriqu\u00e9 \u00e0 la main en Allemagne<\/li>\n<\/ul>\n","protected":false},"featured_media":2080,"comment_status":"closed","ping_status":"closed","template":"","meta":{"_acf_changed":false,"_et_pb_use_builder":"","_et_pb_old_content":"","_et_gb_content_width":""},"product_brand":[],"product_cat":[128],"product_tag":[],"class_list":{"0":"post-2067","1":"product","2":"type-product","3":"status-publish","4":"has-post-thumbnail","6":"product_cat-seren","8":"first","9":"instock","10":"taxable","11":"shipping-taxable","12":"purchasable","13":"product-type-simple"},"acf":[],"yoast_head":"<!-- This site is optimized with the Yoast SEO plugin v27.1 - https:\/\/yoast.com\/product\/yoast-seo-wordpress\/ -->\n<title>EXP\u00c9RIENCE - S\u00e9rum anti-\u00e2ge pour les peaux exigeantes, impures et sensibles - SK Naturkosmetik<\/title>\n<meta name=\"robots\" content=\"index, follow, max-snippet:-1, max-image-preview:large, max-video-preview:-1\" \/>\n<link rel=\"canonical\" href=\"https:\/\/sk-naturkosmetik.de\/fr\/produkt\/experience-serum-anti-age-pour-les-peaux-exigeantes-impures-et-sensibles\/\" \/>\n<meta property=\"og:locale\" content=\"fr_FR\" \/>\n<meta property=\"og:type\" content=\"article\" \/>\n<meta property=\"og:title\" content=\"EXP\u00c9RIENCE - S\u00e9rum anti-\u00e2ge pour les peaux exigeantes, impures et sensibles - SK Naturkosmetik\" \/>\n<meta property=\"og:description\" content=\"S\u00e9rum anti-\u00e2ge pour les peaux exigeantes, sensibles et impures  Les peptides soutiennent l&#039;\u00e9lasticit\u00e9 et la structure de la peau  Apaise les peaux agit\u00e9es et enflamm\u00e9es  Soutient la r\u00e9g\u00e9n\u00e9ration en cas d&#039;impuret\u00e9s et de cicatrices d&#039;acn\u00e9  Le cresson de Para d\u00e9tend les expressions et adoucit les rides.  Les acides amin\u00e9s favorisent l&#039;hydratation et la souplesse  La vitamine B12 \u00e9quilibre la peau  Texture l\u00e9g\u00e8re p\u00e9n\u00e8tre rapidement sans film gras  Particuli\u00e8rement \u00e9conomique quelques coups de pompe suffisent  Tr\u00e8s bien tol\u00e9r\u00e9, m\u00eame par les peaux sensibles  Fabriqu\u00e9 \u00e0 la main en Allemagne\" \/>\n<meta property=\"og:url\" content=\"https:\/\/sk-naturkosmetik.de\/fr\/produkt\/experience-serum-anti-age-pour-les-peaux-exigeantes-impures-et-sensibles\/\" \/>\n<meta property=\"og:site_name\" content=\"SK Naturkosmetik\" \/>\n<meta property=\"article:publisher\" content=\"https:\/\/www.facebook.com\/sksuggi\" \/>\n<meta property=\"og:image\" content=\"https:\/\/sk-naturkosmetik.de\/wp-content\/uploads\/2026\/03\/Erlebnis_clean_01.jpg\" \/>\n\t<meta property=\"og:image:width\" content=\"1500\" \/>\n\t<meta property=\"og:image:height\" content=\"1500\" \/>\n\t<meta property=\"og:image:type\" content=\"image\/jpeg\" \/>\n<meta name=\"twitter:card\" content=\"summary_large_image\" \/>\n<script type=\"application\/ld+json\" class=\"yoast-schema-graph\">{\"@context\":\"https:\/\/schema.org\",\"@graph\":[{\"@type\":\"WebPage\",\"@id\":\"https:\/\/sk-naturkosmetik.de\/fr\/produkt\/experience-serum-anti-age-pour-les-peaux-exigeantes-impures-et-sensibles\/\",\"url\":\"https:\/\/sk-naturkosmetik.de\/fr\/produkt\/experience-serum-anti-age-pour-les-peaux-exigeantes-impures-et-sensibles\/\",\"name\":\"EXP\u00c9RIENCE - S\u00e9rum anti-\u00e2ge pour les peaux exigeantes, impures et sensibles - SK Naturkosmetik\",\"isPartOf\":{\"@id\":\"https:\/\/sk-naturkosmetik.de\/fr\/#website\"},\"primaryImageOfPage\":{\"@id\":\"https:\/\/sk-naturkosmetik.de\/fr\/produkt\/experience-serum-anti-age-pour-les-peaux-exigeantes-impures-et-sensibles\/#primaryimage\"},\"image\":{\"@id\":\"https:\/\/sk-naturkosmetik.de\/fr\/produkt\/experience-serum-anti-age-pour-les-peaux-exigeantes-impures-et-sensibles\/#primaryimage\"},\"thumbnailUrl\":\"https:\/\/sk-naturkosmetik.de\/wp-content\/uploads\/2025\/12\/Erlebnis_01.jpg\",\"datePublished\":\"2026-01-10T12:59:17+00:00\",\"breadcrumb\":{\"@id\":\"https:\/\/sk-naturkosmetik.de\/fr\/produkt\/experience-serum-anti-age-pour-les-peaux-exigeantes-impures-et-sensibles\/#breadcrumb\"},\"inLanguage\":\"fr-FR\",\"potentialAction\":[{\"@type\":\"ReadAction\",\"target\":[\"https:\/\/sk-naturkosmetik.de\/fr\/produkt\/experience-serum-anti-age-pour-les-peaux-exigeantes-impures-et-sensibles\/\"]}]},{\"@type\":\"ImageObject\",\"inLanguage\":\"fr-FR\",\"@id\":\"https:\/\/sk-naturkosmetik.de\/fr\/produkt\/experience-serum-anti-age-pour-les-peaux-exigeantes-impures-et-sensibles\/#primaryimage\",\"url\":\"https:\/\/sk-naturkosmetik.de\/wp-content\/uploads\/2025\/12\/Erlebnis_01.jpg\",\"contentUrl\":\"https:\/\/sk-naturkosmetik.de\/wp-content\/uploads\/2025\/12\/Erlebnis_01.jpg\",\"width\":1500,\"height\":1500,\"caption\":\"anti aging serum naturkosmetik mit hyaluron wirkstoffen\"},{\"@type\":\"BreadcrumbList\",\"@id\":\"https:\/\/sk-naturkosmetik.de\/fr\/produkt\/experience-serum-anti-age-pour-les-peaux-exigeantes-impures-et-sensibles\/#breadcrumb\",\"itemListElement\":[{\"@type\":\"ListItem\",\"position\":1,\"name\":\"Start\",\"item\":\"https:\/\/sk-naturkosmetik.de\/fr\/page-daccueil\/\"},{\"@type\":\"ListItem\",\"position\":2,\"name\":\"Boutique\",\"item\":\"https:\/\/sk-naturkosmetik.de\/fr\/boutique\/\"},{\"@type\":\"ListItem\",\"position\":3,\"name\":\"EXP\u00c9RIENCE &#8211; S\u00e9rum anti-\u00e2ge pour les peaux exigeantes, impures et sensibles\"}]},{\"@type\":\"WebSite\",\"@id\":\"https:\/\/sk-naturkosmetik.de\/fr\/#website\",\"url\":\"https:\/\/sk-naturkosmetik.de\/fr\/\",\"name\":\"SK Naturkosmetik\",\"description\":\"Premium Naturkosmetik mit Naturkraft, die sichtbar wirkt.\",\"publisher\":{\"@id\":\"https:\/\/sk-naturkosmetik.de\/fr\/#organization\"},\"potentialAction\":[{\"@type\":\"SearchAction\",\"target\":{\"@type\":\"EntryPoint\",\"urlTemplate\":\"https:\/\/sk-naturkosmetik.de\/fr\/?s={search_term_string}\"},\"query-input\":{\"@type\":\"PropertyValueSpecification\",\"valueRequired\":true,\"valueName\":\"search_term_string\"}}],\"inLanguage\":\"fr-FR\"},{\"@type\":\"Organization\",\"@id\":\"https:\/\/sk-naturkosmetik.de\/fr\/#organization\",\"name\":\"SK Naturkosmetik\",\"url\":\"https:\/\/sk-naturkosmetik.de\/fr\/\",\"logo\":{\"@type\":\"ImageObject\",\"inLanguage\":\"fr-FR\",\"@id\":\"https:\/\/sk-naturkosmetik.de\/fr\/#\/schema\/logo\/image\/\",\"url\":\"https:\/\/sk-naturkosmetik.de\/wp-content\/uploads\/2025\/12\/Logo_SK_final-freigestellt.png\",\"contentUrl\":\"https:\/\/sk-naturkosmetik.de\/wp-content\/uploads\/2025\/12\/Logo_SK_final-freigestellt.png\",\"width\":814,\"height\":601,\"caption\":\"SK Naturkosmetik\"},\"image\":{\"@id\":\"https:\/\/sk-naturkosmetik.de\/fr\/#\/schema\/logo\/image\/\"},\"sameAs\":[\"https:\/\/www.facebook.com\/sksuggi\",\"https:\/\/www.instagram.com\/susanne_kaussen\/\"]}]}<\/script>\n<!-- \/ Yoast SEO plugin. -->","yoast_head_json":{"title":"EXP\u00c9RIENCE - S\u00e9rum anti-\u00e2ge pour les peaux exigeantes, impures et sensibles - SK Naturkosmetik","robots":{"index":"index","follow":"follow","max-snippet":"max-snippet:-1","max-image-preview":"max-image-preview:large","max-video-preview":"max-video-preview:-1"},"canonical":"https:\/\/sk-naturkosmetik.de\/fr\/produkt\/experience-serum-anti-age-pour-les-peaux-exigeantes-impures-et-sensibles\/","og_locale":"fr_FR","og_type":"article","og_title":"EXP\u00c9RIENCE - S\u00e9rum anti-\u00e2ge pour les peaux exigeantes, impures et sensibles - SK Naturkosmetik","og_description":"S\u00e9rum anti-\u00e2ge pour les peaux exigeantes, sensibles et impures  Les peptides soutiennent l'\u00e9lasticit\u00e9 et la structure de la peau  Apaise les peaux agit\u00e9es et enflamm\u00e9es  Soutient la r\u00e9g\u00e9n\u00e9ration en cas d'impuret\u00e9s et de cicatrices d'acn\u00e9  Le cresson de Para d\u00e9tend les expressions et adoucit les rides.  Les acides amin\u00e9s favorisent l'hydratation et la souplesse  La vitamine B12 \u00e9quilibre la peau  Texture l\u00e9g\u00e8re p\u00e9n\u00e8tre rapidement sans film gras  Particuli\u00e8rement \u00e9conomique quelques coups de pompe suffisent  Tr\u00e8s bien tol\u00e9r\u00e9, m\u00eame par les peaux sensibles  Fabriqu\u00e9 \u00e0 la main en Allemagne","og_url":"https:\/\/sk-naturkosmetik.de\/fr\/produkt\/experience-serum-anti-age-pour-les-peaux-exigeantes-impures-et-sensibles\/","og_site_name":"SK Naturkosmetik","article_publisher":"https:\/\/www.facebook.com\/sksuggi","og_image":[{"width":1500,"height":1500,"url":"https:\/\/sk-naturkosmetik.de\/wp-content\/uploads\/2026\/03\/Erlebnis_clean_01.jpg","type":"image\/jpeg"}],"twitter_card":"summary_large_image","schema":{"@context":"https:\/\/schema.org","@graph":[{"@type":"WebPage","@id":"https:\/\/sk-naturkosmetik.de\/fr\/produkt\/experience-serum-anti-age-pour-les-peaux-exigeantes-impures-et-sensibles\/","url":"https:\/\/sk-naturkosmetik.de\/fr\/produkt\/experience-serum-anti-age-pour-les-peaux-exigeantes-impures-et-sensibles\/","name":"EXP\u00c9RIENCE - S\u00e9rum anti-\u00e2ge pour les peaux exigeantes, impures et sensibles - SK Naturkosmetik","isPartOf":{"@id":"https:\/\/sk-naturkosmetik.de\/fr\/#website"},"primaryImageOfPage":{"@id":"https:\/\/sk-naturkosmetik.de\/fr\/produkt\/experience-serum-anti-age-pour-les-peaux-exigeantes-impures-et-sensibles\/#primaryimage"},"image":{"@id":"https:\/\/sk-naturkosmetik.de\/fr\/produkt\/experience-serum-anti-age-pour-les-peaux-exigeantes-impures-et-sensibles\/#primaryimage"},"thumbnailUrl":"https:\/\/sk-naturkosmetik.de\/wp-content\/uploads\/2025\/12\/Erlebnis_01.jpg","datePublished":"2026-01-10T12:59:17+00:00","breadcrumb":{"@id":"https:\/\/sk-naturkosmetik.de\/fr\/produkt\/experience-serum-anti-age-pour-les-peaux-exigeantes-impures-et-sensibles\/#breadcrumb"},"inLanguage":"fr-FR","potentialAction":[{"@type":"ReadAction","target":["https:\/\/sk-naturkosmetik.de\/fr\/produkt\/experience-serum-anti-age-pour-les-peaux-exigeantes-impures-et-sensibles\/"]}]},{"@type":"ImageObject","inLanguage":"fr-FR","@id":"https:\/\/sk-naturkosmetik.de\/fr\/produkt\/experience-serum-anti-age-pour-les-peaux-exigeantes-impures-et-sensibles\/#primaryimage","url":"https:\/\/sk-naturkosmetik.de\/wp-content\/uploads\/2025\/12\/Erlebnis_01.jpg","contentUrl":"https:\/\/sk-naturkosmetik.de\/wp-content\/uploads\/2025\/12\/Erlebnis_01.jpg","width":1500,"height":1500,"caption":"anti aging serum naturkosmetik mit hyaluron wirkstoffen"},{"@type":"BreadcrumbList","@id":"https:\/\/sk-naturkosmetik.de\/fr\/produkt\/experience-serum-anti-age-pour-les-peaux-exigeantes-impures-et-sensibles\/#breadcrumb","itemListElement":[{"@type":"ListItem","position":1,"name":"Start","item":"https:\/\/sk-naturkosmetik.de\/fr\/page-daccueil\/"},{"@type":"ListItem","position":2,"name":"Boutique","item":"https:\/\/sk-naturkosmetik.de\/fr\/boutique\/"},{"@type":"ListItem","position":3,"name":"EXP\u00c9RIENCE &#8211; S\u00e9rum anti-\u00e2ge pour les peaux exigeantes, impures et sensibles"}]},{"@type":"WebSite","@id":"https:\/\/sk-naturkosmetik.de\/fr\/#website","url":"https:\/\/sk-naturkosmetik.de\/fr\/","name":"SK Naturkosmetik","description":"Premium Naturkosmetik mit Naturkraft, die sichtbar wirkt.","publisher":{"@id":"https:\/\/sk-naturkosmetik.de\/fr\/#organization"},"potentialAction":[{"@type":"SearchAction","target":{"@type":"EntryPoint","urlTemplate":"https:\/\/sk-naturkosmetik.de\/fr\/?s={search_term_string}"},"query-input":{"@type":"PropertyValueSpecification","valueRequired":true,"valueName":"search_term_string"}}],"inLanguage":"fr-FR"},{"@type":"Organization","@id":"https:\/\/sk-naturkosmetik.de\/fr\/#organization","name":"SK Naturkosmetik","url":"https:\/\/sk-naturkosmetik.de\/fr\/","logo":{"@type":"ImageObject","inLanguage":"fr-FR","@id":"https:\/\/sk-naturkosmetik.de\/fr\/#\/schema\/logo\/image\/","url":"https:\/\/sk-naturkosmetik.de\/wp-content\/uploads\/2025\/12\/Logo_SK_final-freigestellt.png","contentUrl":"https:\/\/sk-naturkosmetik.de\/wp-content\/uploads\/2025\/12\/Logo_SK_final-freigestellt.png","width":814,"height":601,"caption":"SK Naturkosmetik"},"image":{"@id":"https:\/\/sk-naturkosmetik.de\/fr\/#\/schema\/logo\/image\/"},"sameAs":["https:\/\/www.facebook.com\/sksuggi","https:\/\/www.instagram.com\/susanne_kaussen\/"]}]}},"_links":{"self":[{"href":"https:\/\/sk-naturkosmetik.de\/fr\/wp-json\/wp\/v2\/product\/2067","targetHints":{"allow":["GET"]}}],"collection":[{"href":"https:\/\/sk-naturkosmetik.de\/fr\/wp-json\/wp\/v2\/product"}],"about":[{"href":"https:\/\/sk-naturkosmetik.de\/fr\/wp-json\/wp\/v2\/types\/product"}],"replies":[{"embeddable":true,"href":"https:\/\/sk-naturkosmetik.de\/fr\/wp-json\/wp\/v2\/comments?post=2067"}],"wp:featuredmedia":[{"embeddable":true,"href":"https:\/\/sk-naturkosmetik.de\/fr\/wp-json\/wp\/v2\/media\/2080"}],"wp:attachment":[{"href":"https:\/\/sk-naturkosmetik.de\/fr\/wp-json\/wp\/v2\/media?parent=2067"}],"wp:term":[{"taxonomy":"product_brand","embeddable":true,"href":"https:\/\/sk-naturkosmetik.de\/fr\/wp-json\/wp\/v2\/product_brand?post=2067"},{"taxonomy":"product_cat","embeddable":true,"href":"https:\/\/sk-naturkosmetik.de\/fr\/wp-json\/wp\/v2\/product_cat?post=2067"},{"taxonomy":"product_tag","embeddable":true,"href":"https:\/\/sk-naturkosmetik.de\/fr\/wp-json\/wp\/v2\/product_tag?post=2067"}],"curies":[{"name":"wp","href":"https:\/\/api.w.org\/{rel}","templated":true}]}}