{"id":2081,"date":"2026-01-10T08:35:09","date_gmt":"2026-01-10T07:35:09","guid":{"rendered":"https:\/\/sk-naturkosmetik.de\/produkt\/connaissance-creme-pour-les-yeux-cosmetique-naturelle\/"},"modified":"2026-01-10T08:35:09","modified_gmt":"2026-01-10T07:35:09","slug":"connaissance-creme-pour-les-yeux-cosmetique-naturelle","status":"publish","type":"product","link":"https:\/\/sk-naturkosmetik.de\/fr\/produkt\/connaissance-creme-pour-les-yeux-cosmetique-naturelle\/","title":{"rendered":"CONNAISSANCE &#8211; Cr\u00e8me pour les yeux cosm\u00e9tique naturelle"},"excerpt":{"rendered":"<ul>\n<li>D\u00e9congestionne et d\u00e9sengorge la peau<\/li>\n<li>Texture l\u00e9g\u00e8re qui p\u00e9n\u00e8tre rapidement<\/li>\n<li>Soutient le flux lymphatique<\/li>\n<li>Apaise les peaux sensibles et irrit\u00e9es<\/li>\n<li>Hydrate sans alourdir<\/li>\n<li>Convient aussi comme masque pour tout le visage<\/li>\n<li>Tr\u00e8s bien tol\u00e9r\u00e9, m\u00eame par les peaux sensibles<\/li>\n<li>Particuli\u00e8rement \u00e9conomique<\/li>\n<li>Fabriqu\u00e9 \u00e0 la main en Allemagne<\/li>\n<li>Exempt d&rsquo;additifs douteux<\/li>\n<\/ul>\n","protected":false},"featured_media":2083,"comment_status":"closed","ping_status":"closed","template":"","meta":{"_acf_changed":false,"_et_pb_use_builder":"","_et_pb_old_content":"","_et_gb_content_width":""},"product_brand":[],"product_cat":[118],"product_tag":[],"class_list":{"0":"post-2081","1":"product","2":"type-product","3":"status-publish","4":"has-post-thumbnail","6":"product_cat-cremes-de-soin","8":"first","9":"instock","10":"taxable","11":"shipping-taxable","12":"purchasable","13":"product-type-simple"},"acf":[],"yoast_head":"<!-- This site is optimized with the Yoast SEO plugin v27.1 - https:\/\/yoast.com\/product\/yoast-seo-wordpress\/ -->\n<title>CONNAISSANCE - Cr\u00e8me pour les yeux cosm\u00e9tique naturelle - SK Naturkosmetik<\/title>\n<meta name=\"robots\" content=\"index, follow, max-snippet:-1, max-image-preview:large, max-video-preview:-1\" \/>\n<link rel=\"canonical\" href=\"https:\/\/sk-naturkosmetik.de\/fr\/produkt\/connaissance-creme-pour-les-yeux-cosmetique-naturelle\/\" \/>\n<meta property=\"og:locale\" content=\"fr_FR\" \/>\n<meta property=\"og:type\" content=\"article\" \/>\n<meta property=\"og:title\" content=\"CONNAISSANCE - Cr\u00e8me pour les yeux cosm\u00e9tique naturelle - SK Naturkosmetik\" \/>\n<meta property=\"og:description\" content=\"D\u00e9congestionne et d\u00e9sengorge la peau  Texture l\u00e9g\u00e8re qui p\u00e9n\u00e8tre rapidement  Soutient le flux lymphatique  Apaise les peaux sensibles et irrit\u00e9es  Hydrate sans alourdir  Convient aussi comme masque pour tout le visage  Tr\u00e8s bien tol\u00e9r\u00e9, m\u00eame par les peaux sensibles  Particuli\u00e8rement \u00e9conomique  Fabriqu\u00e9 \u00e0 la main en Allemagne  Exempt d&#039;additifs douteux\" \/>\n<meta property=\"og:url\" content=\"https:\/\/sk-naturkosmetik.de\/fr\/produkt\/connaissance-creme-pour-les-yeux-cosmetique-naturelle\/\" \/>\n<meta property=\"og:site_name\" content=\"SK Naturkosmetik\" \/>\n<meta property=\"article:publisher\" content=\"https:\/\/www.facebook.com\/sksuggi\" \/>\n<meta property=\"og:image\" content=\"https:\/\/sk-naturkosmetik.de\/wp-content\/uploads\/2025\/12\/Erkenntnis_02.jpg\" \/>\n\t<meta property=\"og:image:width\" content=\"1500\" \/>\n\t<meta property=\"og:image:height\" content=\"1500\" \/>\n\t<meta property=\"og:image:type\" content=\"image\/jpeg\" \/>\n<meta name=\"twitter:card\" content=\"summary_large_image\" \/>\n<script type=\"application\/ld+json\" class=\"yoast-schema-graph\">{\"@context\":\"https:\/\/schema.org\",\"@graph\":[{\"@type\":\"WebPage\",\"@id\":\"https:\/\/sk-naturkosmetik.de\/fr\/produkt\/connaissance-creme-pour-les-yeux-cosmetique-naturelle\/\",\"url\":\"https:\/\/sk-naturkosmetik.de\/fr\/produkt\/connaissance-creme-pour-les-yeux-cosmetique-naturelle\/\",\"name\":\"CONNAISSANCE - Cr\u00e8me pour les yeux cosm\u00e9tique naturelle - SK Naturkosmetik\",\"isPartOf\":{\"@id\":\"https:\/\/sk-naturkosmetik.de\/fr\/#website\"},\"primaryImageOfPage\":{\"@id\":\"https:\/\/sk-naturkosmetik.de\/fr\/produkt\/connaissance-creme-pour-les-yeux-cosmetique-naturelle\/#primaryimage\"},\"image\":{\"@id\":\"https:\/\/sk-naturkosmetik.de\/fr\/produkt\/connaissance-creme-pour-les-yeux-cosmetique-naturelle\/#primaryimage\"},\"thumbnailUrl\":\"https:\/\/sk-naturkosmetik.de\/wp-content\/uploads\/2025\/12\/Erkenntnis_02.jpg\",\"datePublished\":\"2026-01-10T07:35:09+00:00\",\"breadcrumb\":{\"@id\":\"https:\/\/sk-naturkosmetik.de\/fr\/produkt\/connaissance-creme-pour-les-yeux-cosmetique-naturelle\/#breadcrumb\"},\"inLanguage\":\"fr-FR\",\"potentialAction\":[{\"@type\":\"ReadAction\",\"target\":[\"https:\/\/sk-naturkosmetik.de\/fr\/produkt\/connaissance-creme-pour-les-yeux-cosmetique-naturelle\/\"]}]},{\"@type\":\"ImageObject\",\"inLanguage\":\"fr-FR\",\"@id\":\"https:\/\/sk-naturkosmetik.de\/fr\/produkt\/connaissance-creme-pour-les-yeux-cosmetique-naturelle\/#primaryimage\",\"url\":\"https:\/\/sk-naturkosmetik.de\/wp-content\/uploads\/2025\/12\/Erkenntnis_02.jpg\",\"contentUrl\":\"https:\/\/sk-naturkosmetik.de\/wp-content\/uploads\/2025\/12\/Erkenntnis_02.jpg\",\"width\":1500,\"height\":1500,\"caption\":\"SK Naturkosmetik Augencreme ohne Alkohol\"},{\"@type\":\"BreadcrumbList\",\"@id\":\"https:\/\/sk-naturkosmetik.de\/fr\/produkt\/connaissance-creme-pour-les-yeux-cosmetique-naturelle\/#breadcrumb\",\"itemListElement\":[{\"@type\":\"ListItem\",\"position\":1,\"name\":\"Start\",\"item\":\"https:\/\/sk-naturkosmetik.de\/fr\/page-daccueil\/\"},{\"@type\":\"ListItem\",\"position\":2,\"name\":\"Boutique\",\"item\":\"https:\/\/sk-naturkosmetik.de\/fr\/boutique\/\"},{\"@type\":\"ListItem\",\"position\":3,\"name\":\"CONNAISSANCE &#8211; Cr\u00e8me pour les yeux cosm\u00e9tique naturelle\"}]},{\"@type\":\"WebSite\",\"@id\":\"https:\/\/sk-naturkosmetik.de\/fr\/#website\",\"url\":\"https:\/\/sk-naturkosmetik.de\/fr\/\",\"name\":\"SK Naturkosmetik\",\"description\":\"Premium Naturkosmetik mit Naturkraft, die sichtbar wirkt.\",\"publisher\":{\"@id\":\"https:\/\/sk-naturkosmetik.de\/fr\/#organization\"},\"potentialAction\":[{\"@type\":\"SearchAction\",\"target\":{\"@type\":\"EntryPoint\",\"urlTemplate\":\"https:\/\/sk-naturkosmetik.de\/fr\/?s={search_term_string}\"},\"query-input\":{\"@type\":\"PropertyValueSpecification\",\"valueRequired\":true,\"valueName\":\"search_term_string\"}}],\"inLanguage\":\"fr-FR\"},{\"@type\":\"Organization\",\"@id\":\"https:\/\/sk-naturkosmetik.de\/fr\/#organization\",\"name\":\"SK Naturkosmetik\",\"url\":\"https:\/\/sk-naturkosmetik.de\/fr\/\",\"logo\":{\"@type\":\"ImageObject\",\"inLanguage\":\"fr-FR\",\"@id\":\"https:\/\/sk-naturkosmetik.de\/fr\/#\/schema\/logo\/image\/\",\"url\":\"https:\/\/sk-naturkosmetik.de\/wp-content\/uploads\/2025\/12\/Logo_SK_final-freigestellt.png\",\"contentUrl\":\"https:\/\/sk-naturkosmetik.de\/wp-content\/uploads\/2025\/12\/Logo_SK_final-freigestellt.png\",\"width\":814,\"height\":601,\"caption\":\"SK Naturkosmetik\"},\"image\":{\"@id\":\"https:\/\/sk-naturkosmetik.de\/fr\/#\/schema\/logo\/image\/\"},\"sameAs\":[\"https:\/\/www.facebook.com\/sksuggi\",\"https:\/\/www.instagram.com\/susanne_kaussen\/\"]}]}<\/script>\n<!-- \/ Yoast SEO plugin. -->","yoast_head_json":{"title":"CONNAISSANCE - Cr\u00e8me pour les yeux cosm\u00e9tique naturelle - SK Naturkosmetik","robots":{"index":"index","follow":"follow","max-snippet":"max-snippet:-1","max-image-preview":"max-image-preview:large","max-video-preview":"max-video-preview:-1"},"canonical":"https:\/\/sk-naturkosmetik.de\/fr\/produkt\/connaissance-creme-pour-les-yeux-cosmetique-naturelle\/","og_locale":"fr_FR","og_type":"article","og_title":"CONNAISSANCE - Cr\u00e8me pour les yeux cosm\u00e9tique naturelle - SK Naturkosmetik","og_description":"D\u00e9congestionne et d\u00e9sengorge la peau  Texture l\u00e9g\u00e8re qui p\u00e9n\u00e8tre rapidement  Soutient le flux lymphatique  Apaise les peaux sensibles et irrit\u00e9es  Hydrate sans alourdir  Convient aussi comme masque pour tout le visage  Tr\u00e8s bien tol\u00e9r\u00e9, m\u00eame par les peaux sensibles  Particuli\u00e8rement \u00e9conomique  Fabriqu\u00e9 \u00e0 la main en Allemagne  Exempt d'additifs douteux","og_url":"https:\/\/sk-naturkosmetik.de\/fr\/produkt\/connaissance-creme-pour-les-yeux-cosmetique-naturelle\/","og_site_name":"SK Naturkosmetik","article_publisher":"https:\/\/www.facebook.com\/sksuggi","og_image":[{"width":1500,"height":1500,"url":"https:\/\/sk-naturkosmetik.de\/wp-content\/uploads\/2025\/12\/Erkenntnis_02.jpg","type":"image\/jpeg"}],"twitter_card":"summary_large_image","schema":{"@context":"https:\/\/schema.org","@graph":[{"@type":"WebPage","@id":"https:\/\/sk-naturkosmetik.de\/fr\/produkt\/connaissance-creme-pour-les-yeux-cosmetique-naturelle\/","url":"https:\/\/sk-naturkosmetik.de\/fr\/produkt\/connaissance-creme-pour-les-yeux-cosmetique-naturelle\/","name":"CONNAISSANCE - Cr\u00e8me pour les yeux cosm\u00e9tique naturelle - SK Naturkosmetik","isPartOf":{"@id":"https:\/\/sk-naturkosmetik.de\/fr\/#website"},"primaryImageOfPage":{"@id":"https:\/\/sk-naturkosmetik.de\/fr\/produkt\/connaissance-creme-pour-les-yeux-cosmetique-naturelle\/#primaryimage"},"image":{"@id":"https:\/\/sk-naturkosmetik.de\/fr\/produkt\/connaissance-creme-pour-les-yeux-cosmetique-naturelle\/#primaryimage"},"thumbnailUrl":"https:\/\/sk-naturkosmetik.de\/wp-content\/uploads\/2025\/12\/Erkenntnis_02.jpg","datePublished":"2026-01-10T07:35:09+00:00","breadcrumb":{"@id":"https:\/\/sk-naturkosmetik.de\/fr\/produkt\/connaissance-creme-pour-les-yeux-cosmetique-naturelle\/#breadcrumb"},"inLanguage":"fr-FR","potentialAction":[{"@type":"ReadAction","target":["https:\/\/sk-naturkosmetik.de\/fr\/produkt\/connaissance-creme-pour-les-yeux-cosmetique-naturelle\/"]}]},{"@type":"ImageObject","inLanguage":"fr-FR","@id":"https:\/\/sk-naturkosmetik.de\/fr\/produkt\/connaissance-creme-pour-les-yeux-cosmetique-naturelle\/#primaryimage","url":"https:\/\/sk-naturkosmetik.de\/wp-content\/uploads\/2025\/12\/Erkenntnis_02.jpg","contentUrl":"https:\/\/sk-naturkosmetik.de\/wp-content\/uploads\/2025\/12\/Erkenntnis_02.jpg","width":1500,"height":1500,"caption":"SK Naturkosmetik Augencreme ohne Alkohol"},{"@type":"BreadcrumbList","@id":"https:\/\/sk-naturkosmetik.de\/fr\/produkt\/connaissance-creme-pour-les-yeux-cosmetique-naturelle\/#breadcrumb","itemListElement":[{"@type":"ListItem","position":1,"name":"Start","item":"https:\/\/sk-naturkosmetik.de\/fr\/page-daccueil\/"},{"@type":"ListItem","position":2,"name":"Boutique","item":"https:\/\/sk-naturkosmetik.de\/fr\/boutique\/"},{"@type":"ListItem","position":3,"name":"CONNAISSANCE &#8211; Cr\u00e8me pour les yeux cosm\u00e9tique naturelle"}]},{"@type":"WebSite","@id":"https:\/\/sk-naturkosmetik.de\/fr\/#website","url":"https:\/\/sk-naturkosmetik.de\/fr\/","name":"SK Naturkosmetik","description":"Premium Naturkosmetik mit Naturkraft, die sichtbar wirkt.","publisher":{"@id":"https:\/\/sk-naturkosmetik.de\/fr\/#organization"},"potentialAction":[{"@type":"SearchAction","target":{"@type":"EntryPoint","urlTemplate":"https:\/\/sk-naturkosmetik.de\/fr\/?s={search_term_string}"},"query-input":{"@type":"PropertyValueSpecification","valueRequired":true,"valueName":"search_term_string"}}],"inLanguage":"fr-FR"},{"@type":"Organization","@id":"https:\/\/sk-naturkosmetik.de\/fr\/#organization","name":"SK Naturkosmetik","url":"https:\/\/sk-naturkosmetik.de\/fr\/","logo":{"@type":"ImageObject","inLanguage":"fr-FR","@id":"https:\/\/sk-naturkosmetik.de\/fr\/#\/schema\/logo\/image\/","url":"https:\/\/sk-naturkosmetik.de\/wp-content\/uploads\/2025\/12\/Logo_SK_final-freigestellt.png","contentUrl":"https:\/\/sk-naturkosmetik.de\/wp-content\/uploads\/2025\/12\/Logo_SK_final-freigestellt.png","width":814,"height":601,"caption":"SK Naturkosmetik"},"image":{"@id":"https:\/\/sk-naturkosmetik.de\/fr\/#\/schema\/logo\/image\/"},"sameAs":["https:\/\/www.facebook.com\/sksuggi","https:\/\/www.instagram.com\/susanne_kaussen\/"]}]}},"_links":{"self":[{"href":"https:\/\/sk-naturkosmetik.de\/fr\/wp-json\/wp\/v2\/product\/2081","targetHints":{"allow":["GET"]}}],"collection":[{"href":"https:\/\/sk-naturkosmetik.de\/fr\/wp-json\/wp\/v2\/product"}],"about":[{"href":"https:\/\/sk-naturkosmetik.de\/fr\/wp-json\/wp\/v2\/types\/product"}],"replies":[{"embeddable":true,"href":"https:\/\/sk-naturkosmetik.de\/fr\/wp-json\/wp\/v2\/comments?post=2081"}],"wp:featuredmedia":[{"embeddable":true,"href":"https:\/\/sk-naturkosmetik.de\/fr\/wp-json\/wp\/v2\/media\/2083"}],"wp:attachment":[{"href":"https:\/\/sk-naturkosmetik.de\/fr\/wp-json\/wp\/v2\/media?parent=2081"}],"wp:term":[{"taxonomy":"product_brand","embeddable":true,"href":"https:\/\/sk-naturkosmetik.de\/fr\/wp-json\/wp\/v2\/product_brand?post=2081"},{"taxonomy":"product_cat","embeddable":true,"href":"https:\/\/sk-naturkosmetik.de\/fr\/wp-json\/wp\/v2\/product_cat?post=2081"},{"taxonomy":"product_tag","embeddable":true,"href":"https:\/\/sk-naturkosmetik.de\/fr\/wp-json\/wp\/v2\/product_tag?post=2081"}],"curies":[{"name":"wp","href":"https:\/\/api.w.org\/{rel}","templated":true}]}}