{"id":2097,"date":"2026-01-10T12:41:59","date_gmt":"2026-01-10T11:41:59","guid":{"rendered":"https:\/\/sk-naturkosmetik.de\/produkt\/protection-concentre-de-vitamine-e\/"},"modified":"2026-01-10T12:41:59","modified_gmt":"2026-01-10T11:41:59","slug":"protection-concentre-de-vitamine-e","status":"publish","type":"product","link":"https:\/\/sk-naturkosmetik.de\/fr\/produkt\/protection-concentre-de-vitamine-e\/","title":{"rendered":"PROTECTION &#8211; Concentr\u00e9 de vitamine E"},"excerpt":{"rendered":"<ul>\n<li>Aide imm\u00e9diate en cas de s\u00e9cheresse et de sensations de tiraillement<\/li>\n<li>Un \u00e9clat naturel visible<\/li>\n<li>Soutient la r\u00e9g\u00e9n\u00e9ration en cas d&rsquo;impuret\u00e9s et de cicatrices d&rsquo;acn\u00e9<\/li>\n<li>Eclaircissement en douceur des taches de pigmentation<\/li>\n<li>Protection antioxydante contre le vieillissement pr\u00e9matur\u00e9 de la peau<\/li>\n<li>Texture riche qui p\u00e9n\u00e8tre compl\u00e8tement<\/li>\n<li>Tr\u00e8s \u00e9conomique quelques gouttes suffisent<\/li>\n<li>Parfum naturel frais au lieu de l&rsquo;odeur propre de la vitamine E qui est souvent moisie<\/li>\n<li>V\u00e9g\u00e9talien et sans additifs douteux<\/li>\n<li>Fabriqu\u00e9 \u00e0 la main en Allemagne<\/li>\n<\/ul>\n","protected":false},"featured_media":2099,"comment_status":"closed","ping_status":"closed","template":"","meta":{"_acf_changed":false,"_et_pb_use_builder":"","_et_pb_old_content":"","_et_gb_content_width":""},"product_brand":[],"product_cat":[128],"product_tag":[],"class_list":{"0":"post-2097","1":"product","2":"type-product","3":"status-publish","4":"has-post-thumbnail","6":"product_cat-seren","8":"first","9":"instock","10":"taxable","11":"shipping-taxable","12":"purchasable","13":"product-type-simple"},"acf":[],"yoast_head":"<!-- This site is optimized with the Yoast SEO plugin v27.1 - https:\/\/yoast.com\/product\/yoast-seo-wordpress\/ -->\n<title>PROTECTION - Concentr\u00e9 de vitamine E - SK Naturkosmetik<\/title>\n<meta name=\"robots\" content=\"index, follow, max-snippet:-1, max-image-preview:large, max-video-preview:-1\" \/>\n<link rel=\"canonical\" href=\"https:\/\/sk-naturkosmetik.de\/fr\/produkt\/protection-concentre-de-vitamine-e\/\" \/>\n<meta property=\"og:locale\" content=\"fr_FR\" \/>\n<meta property=\"og:type\" content=\"article\" \/>\n<meta property=\"og:title\" content=\"PROTECTION - Concentr\u00e9 de vitamine E - SK Naturkosmetik\" \/>\n<meta property=\"og:description\" content=\"Aide imm\u00e9diate en cas de s\u00e9cheresse et de sensations de tiraillement  Un \u00e9clat naturel visible  Soutient la r\u00e9g\u00e9n\u00e9ration en cas d&#039;impuret\u00e9s et de cicatrices d&#039;acn\u00e9  Eclaircissement en douceur des taches de pigmentation  Protection antioxydante contre le vieillissement pr\u00e9matur\u00e9 de la peau  Texture riche qui p\u00e9n\u00e8tre compl\u00e8tement  Tr\u00e8s \u00e9conomique quelques gouttes suffisent  Parfum naturel frais au lieu de l&#039;odeur propre de la vitamine E qui est souvent moisie  V\u00e9g\u00e9talien et sans additifs douteux  Fabriqu\u00e9 \u00e0 la main en Allemagne\" \/>\n<meta property=\"og:url\" content=\"https:\/\/sk-naturkosmetik.de\/fr\/produkt\/protection-concentre-de-vitamine-e\/\" \/>\n<meta property=\"og:site_name\" content=\"SK Naturkosmetik\" \/>\n<meta property=\"article:publisher\" content=\"https:\/\/www.facebook.com\/sksuggi\" \/>\n<meta property=\"og:image\" content=\"https:\/\/sk-naturkosmetik.de\/wp-content\/uploads\/2025\/12\/Schutz_02.jpg\" \/>\n\t<meta property=\"og:image:width\" content=\"1500\" \/>\n\t<meta property=\"og:image:height\" content=\"1500\" \/>\n\t<meta property=\"og:image:type\" content=\"image\/jpeg\" \/>\n<meta name=\"twitter:card\" content=\"summary_large_image\" \/>\n<script type=\"application\/ld+json\" class=\"yoast-schema-graph\">{\"@context\":\"https:\/\/schema.org\",\"@graph\":[{\"@type\":\"WebPage\",\"@id\":\"https:\/\/sk-naturkosmetik.de\/fr\/produkt\/protection-concentre-de-vitamine-e\/\",\"url\":\"https:\/\/sk-naturkosmetik.de\/fr\/produkt\/protection-concentre-de-vitamine-e\/\",\"name\":\"PROTECTION - Concentr\u00e9 de vitamine E - SK Naturkosmetik\",\"isPartOf\":{\"@id\":\"https:\/\/sk-naturkosmetik.de\/fr\/#website\"},\"primaryImageOfPage\":{\"@id\":\"https:\/\/sk-naturkosmetik.de\/fr\/produkt\/protection-concentre-de-vitamine-e\/#primaryimage\"},\"image\":{\"@id\":\"https:\/\/sk-naturkosmetik.de\/fr\/produkt\/protection-concentre-de-vitamine-e\/#primaryimage\"},\"thumbnailUrl\":\"https:\/\/sk-naturkosmetik.de\/wp-content\/uploads\/2025\/12\/Schutz_02.jpg\",\"datePublished\":\"2026-01-10T11:41:59+00:00\",\"breadcrumb\":{\"@id\":\"https:\/\/sk-naturkosmetik.de\/fr\/produkt\/protection-concentre-de-vitamine-e\/#breadcrumb\"},\"inLanguage\":\"fr-FR\",\"potentialAction\":[{\"@type\":\"ReadAction\",\"target\":[\"https:\/\/sk-naturkosmetik.de\/fr\/produkt\/protection-concentre-de-vitamine-e\/\"]}]},{\"@type\":\"ImageObject\",\"inLanguage\":\"fr-FR\",\"@id\":\"https:\/\/sk-naturkosmetik.de\/fr\/produkt\/protection-concentre-de-vitamine-e\/#primaryimage\",\"url\":\"https:\/\/sk-naturkosmetik.de\/wp-content\/uploads\/2025\/12\/Schutz_02.jpg\",\"contentUrl\":\"https:\/\/sk-naturkosmetik.de\/wp-content\/uploads\/2025\/12\/Schutz_02.jpg\",\"width\":1500,\"height\":1500,\"caption\":\"schutz vitamin e konzentrat naturkosmetik pigmentflecken\"},{\"@type\":\"BreadcrumbList\",\"@id\":\"https:\/\/sk-naturkosmetik.de\/fr\/produkt\/protection-concentre-de-vitamine-e\/#breadcrumb\",\"itemListElement\":[{\"@type\":\"ListItem\",\"position\":1,\"name\":\"Start\",\"item\":\"https:\/\/sk-naturkosmetik.de\/fr\/page-daccueil\/\"},{\"@type\":\"ListItem\",\"position\":2,\"name\":\"Boutique\",\"item\":\"https:\/\/sk-naturkosmetik.de\/fr\/boutique\/\"},{\"@type\":\"ListItem\",\"position\":3,\"name\":\"PROTECTION &#8211; Concentr\u00e9 de vitamine E\"}]},{\"@type\":\"WebSite\",\"@id\":\"https:\/\/sk-naturkosmetik.de\/fr\/#website\",\"url\":\"https:\/\/sk-naturkosmetik.de\/fr\/\",\"name\":\"SK Naturkosmetik\",\"description\":\"Premium Naturkosmetik mit Naturkraft, die sichtbar wirkt.\",\"publisher\":{\"@id\":\"https:\/\/sk-naturkosmetik.de\/fr\/#organization\"},\"potentialAction\":[{\"@type\":\"SearchAction\",\"target\":{\"@type\":\"EntryPoint\",\"urlTemplate\":\"https:\/\/sk-naturkosmetik.de\/fr\/?s={search_term_string}\"},\"query-input\":{\"@type\":\"PropertyValueSpecification\",\"valueRequired\":true,\"valueName\":\"search_term_string\"}}],\"inLanguage\":\"fr-FR\"},{\"@type\":\"Organization\",\"@id\":\"https:\/\/sk-naturkosmetik.de\/fr\/#organization\",\"name\":\"SK Naturkosmetik\",\"url\":\"https:\/\/sk-naturkosmetik.de\/fr\/\",\"logo\":{\"@type\":\"ImageObject\",\"inLanguage\":\"fr-FR\",\"@id\":\"https:\/\/sk-naturkosmetik.de\/fr\/#\/schema\/logo\/image\/\",\"url\":\"https:\/\/sk-naturkosmetik.de\/wp-content\/uploads\/2025\/12\/Logo_SK_final-freigestellt.png\",\"contentUrl\":\"https:\/\/sk-naturkosmetik.de\/wp-content\/uploads\/2025\/12\/Logo_SK_final-freigestellt.png\",\"width\":814,\"height\":601,\"caption\":\"SK Naturkosmetik\"},\"image\":{\"@id\":\"https:\/\/sk-naturkosmetik.de\/fr\/#\/schema\/logo\/image\/\"},\"sameAs\":[\"https:\/\/www.facebook.com\/sksuggi\",\"https:\/\/www.instagram.com\/susanne_kaussen\/\"]}]}<\/script>\n<!-- \/ Yoast SEO plugin. -->","yoast_head_json":{"title":"PROTECTION - Concentr\u00e9 de vitamine E - SK Naturkosmetik","robots":{"index":"index","follow":"follow","max-snippet":"max-snippet:-1","max-image-preview":"max-image-preview:large","max-video-preview":"max-video-preview:-1"},"canonical":"https:\/\/sk-naturkosmetik.de\/fr\/produkt\/protection-concentre-de-vitamine-e\/","og_locale":"fr_FR","og_type":"article","og_title":"PROTECTION - Concentr\u00e9 de vitamine E - SK Naturkosmetik","og_description":"Aide imm\u00e9diate en cas de s\u00e9cheresse et de sensations de tiraillement  Un \u00e9clat naturel visible  Soutient la r\u00e9g\u00e9n\u00e9ration en cas d'impuret\u00e9s et de cicatrices d'acn\u00e9  Eclaircissement en douceur des taches de pigmentation  Protection antioxydante contre le vieillissement pr\u00e9matur\u00e9 de la peau  Texture riche qui p\u00e9n\u00e8tre compl\u00e8tement  Tr\u00e8s \u00e9conomique quelques gouttes suffisent  Parfum naturel frais au lieu de l'odeur propre de la vitamine E qui est souvent moisie  V\u00e9g\u00e9talien et sans additifs douteux  Fabriqu\u00e9 \u00e0 la main en Allemagne","og_url":"https:\/\/sk-naturkosmetik.de\/fr\/produkt\/protection-concentre-de-vitamine-e\/","og_site_name":"SK Naturkosmetik","article_publisher":"https:\/\/www.facebook.com\/sksuggi","og_image":[{"width":1500,"height":1500,"url":"https:\/\/sk-naturkosmetik.de\/wp-content\/uploads\/2025\/12\/Schutz_02.jpg","type":"image\/jpeg"}],"twitter_card":"summary_large_image","schema":{"@context":"https:\/\/schema.org","@graph":[{"@type":"WebPage","@id":"https:\/\/sk-naturkosmetik.de\/fr\/produkt\/protection-concentre-de-vitamine-e\/","url":"https:\/\/sk-naturkosmetik.de\/fr\/produkt\/protection-concentre-de-vitamine-e\/","name":"PROTECTION - Concentr\u00e9 de vitamine E - SK Naturkosmetik","isPartOf":{"@id":"https:\/\/sk-naturkosmetik.de\/fr\/#website"},"primaryImageOfPage":{"@id":"https:\/\/sk-naturkosmetik.de\/fr\/produkt\/protection-concentre-de-vitamine-e\/#primaryimage"},"image":{"@id":"https:\/\/sk-naturkosmetik.de\/fr\/produkt\/protection-concentre-de-vitamine-e\/#primaryimage"},"thumbnailUrl":"https:\/\/sk-naturkosmetik.de\/wp-content\/uploads\/2025\/12\/Schutz_02.jpg","datePublished":"2026-01-10T11:41:59+00:00","breadcrumb":{"@id":"https:\/\/sk-naturkosmetik.de\/fr\/produkt\/protection-concentre-de-vitamine-e\/#breadcrumb"},"inLanguage":"fr-FR","potentialAction":[{"@type":"ReadAction","target":["https:\/\/sk-naturkosmetik.de\/fr\/produkt\/protection-concentre-de-vitamine-e\/"]}]},{"@type":"ImageObject","inLanguage":"fr-FR","@id":"https:\/\/sk-naturkosmetik.de\/fr\/produkt\/protection-concentre-de-vitamine-e\/#primaryimage","url":"https:\/\/sk-naturkosmetik.de\/wp-content\/uploads\/2025\/12\/Schutz_02.jpg","contentUrl":"https:\/\/sk-naturkosmetik.de\/wp-content\/uploads\/2025\/12\/Schutz_02.jpg","width":1500,"height":1500,"caption":"schutz vitamin e konzentrat naturkosmetik pigmentflecken"},{"@type":"BreadcrumbList","@id":"https:\/\/sk-naturkosmetik.de\/fr\/produkt\/protection-concentre-de-vitamine-e\/#breadcrumb","itemListElement":[{"@type":"ListItem","position":1,"name":"Start","item":"https:\/\/sk-naturkosmetik.de\/fr\/page-daccueil\/"},{"@type":"ListItem","position":2,"name":"Boutique","item":"https:\/\/sk-naturkosmetik.de\/fr\/boutique\/"},{"@type":"ListItem","position":3,"name":"PROTECTION &#8211; Concentr\u00e9 de vitamine E"}]},{"@type":"WebSite","@id":"https:\/\/sk-naturkosmetik.de\/fr\/#website","url":"https:\/\/sk-naturkosmetik.de\/fr\/","name":"SK Naturkosmetik","description":"Premium Naturkosmetik mit Naturkraft, die sichtbar wirkt.","publisher":{"@id":"https:\/\/sk-naturkosmetik.de\/fr\/#organization"},"potentialAction":[{"@type":"SearchAction","target":{"@type":"EntryPoint","urlTemplate":"https:\/\/sk-naturkosmetik.de\/fr\/?s={search_term_string}"},"query-input":{"@type":"PropertyValueSpecification","valueRequired":true,"valueName":"search_term_string"}}],"inLanguage":"fr-FR"},{"@type":"Organization","@id":"https:\/\/sk-naturkosmetik.de\/fr\/#organization","name":"SK Naturkosmetik","url":"https:\/\/sk-naturkosmetik.de\/fr\/","logo":{"@type":"ImageObject","inLanguage":"fr-FR","@id":"https:\/\/sk-naturkosmetik.de\/fr\/#\/schema\/logo\/image\/","url":"https:\/\/sk-naturkosmetik.de\/wp-content\/uploads\/2025\/12\/Logo_SK_final-freigestellt.png","contentUrl":"https:\/\/sk-naturkosmetik.de\/wp-content\/uploads\/2025\/12\/Logo_SK_final-freigestellt.png","width":814,"height":601,"caption":"SK Naturkosmetik"},"image":{"@id":"https:\/\/sk-naturkosmetik.de\/fr\/#\/schema\/logo\/image\/"},"sameAs":["https:\/\/www.facebook.com\/sksuggi","https:\/\/www.instagram.com\/susanne_kaussen\/"]}]}},"_links":{"self":[{"href":"https:\/\/sk-naturkosmetik.de\/fr\/wp-json\/wp\/v2\/product\/2097","targetHints":{"allow":["GET"]}}],"collection":[{"href":"https:\/\/sk-naturkosmetik.de\/fr\/wp-json\/wp\/v2\/product"}],"about":[{"href":"https:\/\/sk-naturkosmetik.de\/fr\/wp-json\/wp\/v2\/types\/product"}],"replies":[{"embeddable":true,"href":"https:\/\/sk-naturkosmetik.de\/fr\/wp-json\/wp\/v2\/comments?post=2097"}],"wp:featuredmedia":[{"embeddable":true,"href":"https:\/\/sk-naturkosmetik.de\/fr\/wp-json\/wp\/v2\/media\/2099"}],"wp:attachment":[{"href":"https:\/\/sk-naturkosmetik.de\/fr\/wp-json\/wp\/v2\/media?parent=2097"}],"wp:term":[{"taxonomy":"product_brand","embeddable":true,"href":"https:\/\/sk-naturkosmetik.de\/fr\/wp-json\/wp\/v2\/product_brand?post=2097"},{"taxonomy":"product_cat","embeddable":true,"href":"https:\/\/sk-naturkosmetik.de\/fr\/wp-json\/wp\/v2\/product_cat?post=2097"},{"taxonomy":"product_tag","embeddable":true,"href":"https:\/\/sk-naturkosmetik.de\/fr\/wp-json\/wp\/v2\/product_tag?post=2097"}],"curies":[{"name":"wp","href":"https:\/\/api.w.org\/{rel}","templated":true}]}}