{"id":2112,"date":"2026-01-09T18:43:51","date_gmt":"2026-01-09T17:43:51","guid":{"rendered":"https:\/\/sk-naturkosmetik.de\/produkt\/recuperation-masque-de-nuit-pour-les-peaux-qui-ont-besoin-de-se-regenerer\/"},"modified":"2026-01-09T18:43:51","modified_gmt":"2026-01-09T17:43:51","slug":"recuperation-masque-de-nuit-pour-les-peaux-qui-ont-besoin-de-se-regenerer","status":"publish","type":"product","link":"https:\/\/sk-naturkosmetik.de\/fr\/produkt\/recuperation-masque-de-nuit-pour-les-peaux-qui-ont-besoin-de-se-regenerer\/","title":{"rendered":"R\u00c9CUP\u00c9RATION &#8211; Masque de nuit pour les peaux qui ont besoin de se r\u00e9g\u00e9n\u00e9rer"},"excerpt":{"rendered":"<ul>\n<li>Les impuret\u00e9s cutan\u00e9es inflammatoires sont r\u00e9duites<\/li>\n<li>La s\u00e9cheresse est att\u00e9nu\u00e9e et la peau squameuse est liss\u00e9e<\/li>\n<li>Le masque Overnight apaise les peaux sensibles<\/li>\n<li>Assure l&rsquo;\u00e9quilibre de la peau le matin<\/li>\n<li>Masque apr\u00e8s le stress ou le soleil<\/li>\n<li>P\u00e9n\u00e8tre compl\u00e8tement, sans se rincer<\/li>\n<li>V\u00e9g\u00e9talien, sans alcool, sans parfum<\/li>\n<li>Fait \u00e0 la main en Allemagne<\/li>\n<\/ul>\n","protected":false},"featured_media":101,"comment_status":"closed","ping_status":"closed","template":"","meta":{"_acf_changed":false,"_et_pb_use_builder":"","_et_pb_old_content":"","_et_gb_content_width":""},"product_brand":[],"product_cat":[131],"product_tag":[],"class_list":{"0":"post-2112","1":"product","2":"type-product","3":"status-publish","4":"has-post-thumbnail","6":"product_cat-masque","8":"first","9":"instock","10":"taxable","11":"shipping-taxable","12":"purchasable","13":"product-type-simple"},"acf":[],"yoast_head":"<!-- This site is optimized with the Yoast SEO plugin v27.1 - https:\/\/yoast.com\/product\/yoast-seo-wordpress\/ -->\n<title>R\u00c9CUP\u00c9RATION - Masque de nuit pour les peaux qui ont besoin de se r\u00e9g\u00e9n\u00e9rer - SK Naturkosmetik<\/title>\n<meta name=\"robots\" content=\"index, follow, max-snippet:-1, max-image-preview:large, max-video-preview:-1\" \/>\n<link rel=\"canonical\" href=\"https:\/\/sk-naturkosmetik.de\/fr\/produkt\/recuperation-masque-de-nuit-pour-les-peaux-qui-ont-besoin-de-se-regenerer\/\" \/>\n<meta property=\"og:locale\" content=\"fr_FR\" \/>\n<meta property=\"og:type\" content=\"article\" \/>\n<meta property=\"og:title\" content=\"R\u00c9CUP\u00c9RATION - Masque de nuit pour les peaux qui ont besoin de se r\u00e9g\u00e9n\u00e9rer - SK Naturkosmetik\" \/>\n<meta property=\"og:description\" content=\"Les impuret\u00e9s cutan\u00e9es inflammatoires sont r\u00e9duites  La s\u00e9cheresse est att\u00e9nu\u00e9e et la peau squameuse est liss\u00e9e  Le masque Overnight apaise les peaux sensibles  Assure l&#039;\u00e9quilibre de la peau le matin  Masque apr\u00e8s le stress ou le soleil  P\u00e9n\u00e8tre compl\u00e8tement, sans se rincer  V\u00e9g\u00e9talien, sans alcool, sans parfum  Fait \u00e0 la main en Allemagne\" \/>\n<meta property=\"og:url\" content=\"https:\/\/sk-naturkosmetik.de\/fr\/produkt\/recuperation-masque-de-nuit-pour-les-peaux-qui-ont-besoin-de-se-regenerer\/\" \/>\n<meta property=\"og:site_name\" content=\"SK Naturkosmetik\" \/>\n<meta property=\"article:publisher\" content=\"https:\/\/www.facebook.com\/sksuggi\" \/>\n<meta property=\"og:image\" content=\"https:\/\/sk-naturkosmetik.de\/wp-content\/uploads\/2025\/12\/Erholung_02.jpg\" \/>\n\t<meta property=\"og:image:width\" content=\"1500\" \/>\n\t<meta property=\"og:image:height\" content=\"1500\" \/>\n\t<meta property=\"og:image:type\" content=\"image\/jpeg\" \/>\n<meta name=\"twitter:card\" content=\"summary_large_image\" \/>\n<script type=\"application\/ld+json\" class=\"yoast-schema-graph\">{\"@context\":\"https:\/\/schema.org\",\"@graph\":[{\"@type\":\"WebPage\",\"@id\":\"https:\/\/sk-naturkosmetik.de\/fr\/produkt\/recuperation-masque-de-nuit-pour-les-peaux-qui-ont-besoin-de-se-regenerer\/\",\"url\":\"https:\/\/sk-naturkosmetik.de\/fr\/produkt\/recuperation-masque-de-nuit-pour-les-peaux-qui-ont-besoin-de-se-regenerer\/\",\"name\":\"R\u00c9CUP\u00c9RATION - Masque de nuit pour les peaux qui ont besoin de se r\u00e9g\u00e9n\u00e9rer - SK Naturkosmetik\",\"isPartOf\":{\"@id\":\"https:\/\/sk-naturkosmetik.de\/fr\/#website\"},\"primaryImageOfPage\":{\"@id\":\"https:\/\/sk-naturkosmetik.de\/fr\/produkt\/recuperation-masque-de-nuit-pour-les-peaux-qui-ont-besoin-de-se-regenerer\/#primaryimage\"},\"image\":{\"@id\":\"https:\/\/sk-naturkosmetik.de\/fr\/produkt\/recuperation-masque-de-nuit-pour-les-peaux-qui-ont-besoin-de-se-regenerer\/#primaryimage\"},\"thumbnailUrl\":\"https:\/\/sk-naturkosmetik.de\/wp-content\/uploads\/2025\/12\/Erholung_02.jpg\",\"datePublished\":\"2026-01-09T17:43:51+00:00\",\"breadcrumb\":{\"@id\":\"https:\/\/sk-naturkosmetik.de\/fr\/produkt\/recuperation-masque-de-nuit-pour-les-peaux-qui-ont-besoin-de-se-regenerer\/#breadcrumb\"},\"inLanguage\":\"fr-FR\",\"potentialAction\":[{\"@type\":\"ReadAction\",\"target\":[\"https:\/\/sk-naturkosmetik.de\/fr\/produkt\/recuperation-masque-de-nuit-pour-les-peaux-qui-ont-besoin-de-se-regenerer\/\"]}]},{\"@type\":\"ImageObject\",\"inLanguage\":\"fr-FR\",\"@id\":\"https:\/\/sk-naturkosmetik.de\/fr\/produkt\/recuperation-masque-de-nuit-pour-les-peaux-qui-ont-besoin-de-se-regenerer\/#primaryimage\",\"url\":\"https:\/\/sk-naturkosmetik.de\/wp-content\/uploads\/2025\/12\/Erholung_02.jpg\",\"contentUrl\":\"https:\/\/sk-naturkosmetik.de\/wp-content\/uploads\/2025\/12\/Erholung_02.jpg\",\"width\":1500,\"height\":1500},{\"@type\":\"BreadcrumbList\",\"@id\":\"https:\/\/sk-naturkosmetik.de\/fr\/produkt\/recuperation-masque-de-nuit-pour-les-peaux-qui-ont-besoin-de-se-regenerer\/#breadcrumb\",\"itemListElement\":[{\"@type\":\"ListItem\",\"position\":1,\"name\":\"Start\",\"item\":\"https:\/\/sk-naturkosmetik.de\/fr\/page-daccueil\/\"},{\"@type\":\"ListItem\",\"position\":2,\"name\":\"Boutique\",\"item\":\"https:\/\/sk-naturkosmetik.de\/fr\/boutique\/\"},{\"@type\":\"ListItem\",\"position\":3,\"name\":\"R\u00c9CUP\u00c9RATION &#8211; Masque de nuit pour les peaux qui ont besoin de se r\u00e9g\u00e9n\u00e9rer\"}]},{\"@type\":\"WebSite\",\"@id\":\"https:\/\/sk-naturkosmetik.de\/fr\/#website\",\"url\":\"https:\/\/sk-naturkosmetik.de\/fr\/\",\"name\":\"SK Naturkosmetik\",\"description\":\"Premium Naturkosmetik mit Naturkraft, die sichtbar wirkt.\",\"publisher\":{\"@id\":\"https:\/\/sk-naturkosmetik.de\/fr\/#organization\"},\"potentialAction\":[{\"@type\":\"SearchAction\",\"target\":{\"@type\":\"EntryPoint\",\"urlTemplate\":\"https:\/\/sk-naturkosmetik.de\/fr\/?s={search_term_string}\"},\"query-input\":{\"@type\":\"PropertyValueSpecification\",\"valueRequired\":true,\"valueName\":\"search_term_string\"}}],\"inLanguage\":\"fr-FR\"},{\"@type\":\"Organization\",\"@id\":\"https:\/\/sk-naturkosmetik.de\/fr\/#organization\",\"name\":\"SK Naturkosmetik\",\"url\":\"https:\/\/sk-naturkosmetik.de\/fr\/\",\"logo\":{\"@type\":\"ImageObject\",\"inLanguage\":\"fr-FR\",\"@id\":\"https:\/\/sk-naturkosmetik.de\/fr\/#\/schema\/logo\/image\/\",\"url\":\"https:\/\/sk-naturkosmetik.de\/wp-content\/uploads\/2025\/12\/Logo_SK_final-freigestellt.png\",\"contentUrl\":\"https:\/\/sk-naturkosmetik.de\/wp-content\/uploads\/2025\/12\/Logo_SK_final-freigestellt.png\",\"width\":814,\"height\":601,\"caption\":\"SK Naturkosmetik\"},\"image\":{\"@id\":\"https:\/\/sk-naturkosmetik.de\/fr\/#\/schema\/logo\/image\/\"},\"sameAs\":[\"https:\/\/www.facebook.com\/sksuggi\",\"https:\/\/www.instagram.com\/susanne_kaussen\/\"]}]}<\/script>\n<!-- \/ Yoast SEO plugin. -->","yoast_head_json":{"title":"R\u00c9CUP\u00c9RATION - Masque de nuit pour les peaux qui ont besoin de se r\u00e9g\u00e9n\u00e9rer - SK Naturkosmetik","robots":{"index":"index","follow":"follow","max-snippet":"max-snippet:-1","max-image-preview":"max-image-preview:large","max-video-preview":"max-video-preview:-1"},"canonical":"https:\/\/sk-naturkosmetik.de\/fr\/produkt\/recuperation-masque-de-nuit-pour-les-peaux-qui-ont-besoin-de-se-regenerer\/","og_locale":"fr_FR","og_type":"article","og_title":"R\u00c9CUP\u00c9RATION - Masque de nuit pour les peaux qui ont besoin de se r\u00e9g\u00e9n\u00e9rer - SK Naturkosmetik","og_description":"Les impuret\u00e9s cutan\u00e9es inflammatoires sont r\u00e9duites  La s\u00e9cheresse est att\u00e9nu\u00e9e et la peau squameuse est liss\u00e9e  Le masque Overnight apaise les peaux sensibles  Assure l'\u00e9quilibre de la peau le matin  Masque apr\u00e8s le stress ou le soleil  P\u00e9n\u00e8tre compl\u00e8tement, sans se rincer  V\u00e9g\u00e9talien, sans alcool, sans parfum  Fait \u00e0 la main en Allemagne","og_url":"https:\/\/sk-naturkosmetik.de\/fr\/produkt\/recuperation-masque-de-nuit-pour-les-peaux-qui-ont-besoin-de-se-regenerer\/","og_site_name":"SK Naturkosmetik","article_publisher":"https:\/\/www.facebook.com\/sksuggi","og_image":[{"width":1500,"height":1500,"url":"https:\/\/sk-naturkosmetik.de\/wp-content\/uploads\/2025\/12\/Erholung_02.jpg","type":"image\/jpeg"}],"twitter_card":"summary_large_image","schema":{"@context":"https:\/\/schema.org","@graph":[{"@type":"WebPage","@id":"https:\/\/sk-naturkosmetik.de\/fr\/produkt\/recuperation-masque-de-nuit-pour-les-peaux-qui-ont-besoin-de-se-regenerer\/","url":"https:\/\/sk-naturkosmetik.de\/fr\/produkt\/recuperation-masque-de-nuit-pour-les-peaux-qui-ont-besoin-de-se-regenerer\/","name":"R\u00c9CUP\u00c9RATION - Masque de nuit pour les peaux qui ont besoin de se r\u00e9g\u00e9n\u00e9rer - SK Naturkosmetik","isPartOf":{"@id":"https:\/\/sk-naturkosmetik.de\/fr\/#website"},"primaryImageOfPage":{"@id":"https:\/\/sk-naturkosmetik.de\/fr\/produkt\/recuperation-masque-de-nuit-pour-les-peaux-qui-ont-besoin-de-se-regenerer\/#primaryimage"},"image":{"@id":"https:\/\/sk-naturkosmetik.de\/fr\/produkt\/recuperation-masque-de-nuit-pour-les-peaux-qui-ont-besoin-de-se-regenerer\/#primaryimage"},"thumbnailUrl":"https:\/\/sk-naturkosmetik.de\/wp-content\/uploads\/2025\/12\/Erholung_02.jpg","datePublished":"2026-01-09T17:43:51+00:00","breadcrumb":{"@id":"https:\/\/sk-naturkosmetik.de\/fr\/produkt\/recuperation-masque-de-nuit-pour-les-peaux-qui-ont-besoin-de-se-regenerer\/#breadcrumb"},"inLanguage":"fr-FR","potentialAction":[{"@type":"ReadAction","target":["https:\/\/sk-naturkosmetik.de\/fr\/produkt\/recuperation-masque-de-nuit-pour-les-peaux-qui-ont-besoin-de-se-regenerer\/"]}]},{"@type":"ImageObject","inLanguage":"fr-FR","@id":"https:\/\/sk-naturkosmetik.de\/fr\/produkt\/recuperation-masque-de-nuit-pour-les-peaux-qui-ont-besoin-de-se-regenerer\/#primaryimage","url":"https:\/\/sk-naturkosmetik.de\/wp-content\/uploads\/2025\/12\/Erholung_02.jpg","contentUrl":"https:\/\/sk-naturkosmetik.de\/wp-content\/uploads\/2025\/12\/Erholung_02.jpg","width":1500,"height":1500},{"@type":"BreadcrumbList","@id":"https:\/\/sk-naturkosmetik.de\/fr\/produkt\/recuperation-masque-de-nuit-pour-les-peaux-qui-ont-besoin-de-se-regenerer\/#breadcrumb","itemListElement":[{"@type":"ListItem","position":1,"name":"Start","item":"https:\/\/sk-naturkosmetik.de\/fr\/page-daccueil\/"},{"@type":"ListItem","position":2,"name":"Boutique","item":"https:\/\/sk-naturkosmetik.de\/fr\/boutique\/"},{"@type":"ListItem","position":3,"name":"R\u00c9CUP\u00c9RATION &#8211; Masque de nuit pour les peaux qui ont besoin de se r\u00e9g\u00e9n\u00e9rer"}]},{"@type":"WebSite","@id":"https:\/\/sk-naturkosmetik.de\/fr\/#website","url":"https:\/\/sk-naturkosmetik.de\/fr\/","name":"SK Naturkosmetik","description":"Premium Naturkosmetik mit Naturkraft, die sichtbar wirkt.","publisher":{"@id":"https:\/\/sk-naturkosmetik.de\/fr\/#organization"},"potentialAction":[{"@type":"SearchAction","target":{"@type":"EntryPoint","urlTemplate":"https:\/\/sk-naturkosmetik.de\/fr\/?s={search_term_string}"},"query-input":{"@type":"PropertyValueSpecification","valueRequired":true,"valueName":"search_term_string"}}],"inLanguage":"fr-FR"},{"@type":"Organization","@id":"https:\/\/sk-naturkosmetik.de\/fr\/#organization","name":"SK Naturkosmetik","url":"https:\/\/sk-naturkosmetik.de\/fr\/","logo":{"@type":"ImageObject","inLanguage":"fr-FR","@id":"https:\/\/sk-naturkosmetik.de\/fr\/#\/schema\/logo\/image\/","url":"https:\/\/sk-naturkosmetik.de\/wp-content\/uploads\/2025\/12\/Logo_SK_final-freigestellt.png","contentUrl":"https:\/\/sk-naturkosmetik.de\/wp-content\/uploads\/2025\/12\/Logo_SK_final-freigestellt.png","width":814,"height":601,"caption":"SK Naturkosmetik"},"image":{"@id":"https:\/\/sk-naturkosmetik.de\/fr\/#\/schema\/logo\/image\/"},"sameAs":["https:\/\/www.facebook.com\/sksuggi","https:\/\/www.instagram.com\/susanne_kaussen\/"]}]}},"_links":{"self":[{"href":"https:\/\/sk-naturkosmetik.de\/fr\/wp-json\/wp\/v2\/product\/2112","targetHints":{"allow":["GET"]}}],"collection":[{"href":"https:\/\/sk-naturkosmetik.de\/fr\/wp-json\/wp\/v2\/product"}],"about":[{"href":"https:\/\/sk-naturkosmetik.de\/fr\/wp-json\/wp\/v2\/types\/product"}],"replies":[{"embeddable":true,"href":"https:\/\/sk-naturkosmetik.de\/fr\/wp-json\/wp\/v2\/comments?post=2112"}],"wp:featuredmedia":[{"embeddable":true,"href":"https:\/\/sk-naturkosmetik.de\/fr\/wp-json\/wp\/v2\/media\/101"}],"wp:attachment":[{"href":"https:\/\/sk-naturkosmetik.de\/fr\/wp-json\/wp\/v2\/media?parent=2112"}],"wp:term":[{"taxonomy":"product_brand","embeddable":true,"href":"https:\/\/sk-naturkosmetik.de\/fr\/wp-json\/wp\/v2\/product_brand?post=2112"},{"taxonomy":"product_cat","embeddable":true,"href":"https:\/\/sk-naturkosmetik.de\/fr\/wp-json\/wp\/v2\/product_cat?post=2112"},{"taxonomy":"product_tag","embeddable":true,"href":"https:\/\/sk-naturkosmetik.de\/fr\/wp-json\/wp\/v2\/product_tag?post=2112"}],"curies":[{"name":"wp","href":"https:\/\/api.w.org\/{rel}","templated":true}]}}