{"id":2113,"date":"2026-01-10T08:18:26","date_gmt":"2026-01-10T07:18:26","guid":{"rendered":"https:\/\/sk-naturkosmetik.de\/produkt\/beaute-creme-douce-pour-le-visage-pour-les-peaux-jeunes-et-impures\/"},"modified":"2026-01-10T08:18:26","modified_gmt":"2026-01-10T07:18:26","slug":"beaute-creme-douce-pour-le-visage-pour-les-peaux-jeunes-et-impures","status":"publish","type":"product","link":"https:\/\/sk-naturkosmetik.de\/fr\/produkt\/beaute-creme-douce-pour-le-visage-pour-les-peaux-jeunes-et-impures\/","title":{"rendered":"BEAUT\u00c9 &#8211; Cr\u00e8me douce pour le visage pour les peaux jeunes et impures"},"excerpt":{"rendered":"<ul>\n<li>Texture douce et cr\u00e9meuse, p\u00e9n\u00e8tre rapidement et ne graisse pas<\/li>\n<li>Hydrate intens\u00e9ment et apaise les sensations de tiraillement<\/li>\n<li>L&rsquo;huile de jojoba et l&rsquo;huile de coco apaisent et nourrissent la peau<\/li>\n<li>Le MSM favorise le renouvellement des cellules et a un effet \u00e9quilibrant &#8211; id\u00e9al pour les peaux impures et jeunes<\/li>\n<li>La prot\u00e9ine de bl\u00e9 renforce la barri\u00e8re de la peau et lui donne de la souplesse<\/li>\n<li>Les huiles d&rsquo;agrumes, l&rsquo;eucalyptus et le menthol rafra\u00eechissent, clarifient et affinent le grain de peau<\/li>\n<li>Avec de l&rsquo;eau de source de pleine lune, v\u00e9g\u00e9talienne et faite \u00e0 la main en Allemagne<\/li>\n<\/ul>\n","protected":false},"featured_media":2127,"comment_status":"closed","ping_status":"closed","template":"","meta":{"_acf_changed":false,"_et_pb_use_builder":"","_et_pb_old_content":"","_et_gb_content_width":""},"product_brand":[],"product_cat":[118],"product_tag":[],"class_list":{"0":"post-2113","1":"product","2":"type-product","3":"status-publish","4":"has-post-thumbnail","6":"product_cat-cremes-de-soin","8":"first","9":"instock","10":"taxable","11":"shipping-taxable","12":"purchasable","13":"product-type-simple"},"acf":[],"yoast_head":"<!-- This site is optimized with the Yoast SEO plugin v27.1 - https:\/\/yoast.com\/product\/yoast-seo-wordpress\/ -->\n<title>BEAUT\u00c9 - Cr\u00e8me douce pour le visage pour les peaux jeunes et impures - SK Naturkosmetik<\/title>\n<meta name=\"robots\" content=\"index, follow, max-snippet:-1, max-image-preview:large, max-video-preview:-1\" \/>\n<link rel=\"canonical\" href=\"https:\/\/sk-naturkosmetik.de\/fr\/produkt\/beaute-creme-douce-pour-le-visage-pour-les-peaux-jeunes-et-impures\/\" \/>\n<meta property=\"og:locale\" content=\"fr_FR\" \/>\n<meta property=\"og:type\" content=\"article\" \/>\n<meta property=\"og:title\" content=\"BEAUT\u00c9 - Cr\u00e8me douce pour le visage pour les peaux jeunes et impures - SK Naturkosmetik\" \/>\n<meta property=\"og:description\" content=\"Texture douce et cr\u00e9meuse, p\u00e9n\u00e8tre rapidement et ne graisse pas  Hydrate intens\u00e9ment et apaise les sensations de tiraillement  L&#039;huile de jojoba et l&#039;huile de coco apaisent et nourrissent la peau  Le MSM favorise le renouvellement des cellules et a un effet \u00e9quilibrant - id\u00e9al pour les peaux impures et jeunes  La prot\u00e9ine de bl\u00e9 renforce la barri\u00e8re de la peau et lui donne de la souplesse  Les huiles d&#039;agrumes, l&#039;eucalyptus et le menthol rafra\u00eechissent, clarifient et affinent le grain de peau  Avec de l&#039;eau de source de pleine lune, v\u00e9g\u00e9talienne et faite \u00e0 la main en Allemagne\" \/>\n<meta property=\"og:url\" content=\"https:\/\/sk-naturkosmetik.de\/fr\/produkt\/beaute-creme-douce-pour-le-visage-pour-les-peaux-jeunes-et-impures\/\" \/>\n<meta property=\"og:site_name\" content=\"SK Naturkosmetik\" \/>\n<meta property=\"article:publisher\" content=\"https:\/\/www.facebook.com\/sksuggi\" \/>\n<meta property=\"og:image\" content=\"https:\/\/sk-naturkosmetik.de\/wp-content\/uploads\/2025\/12\/Schoenheit_02.jpg\" \/>\n\t<meta property=\"og:image:width\" content=\"1500\" \/>\n\t<meta property=\"og:image:height\" content=\"1500\" \/>\n\t<meta property=\"og:image:type\" content=\"image\/jpeg\" \/>\n<meta name=\"twitter:card\" content=\"summary_large_image\" \/>\n<script type=\"application\/ld+json\" class=\"yoast-schema-graph\">{\"@context\":\"https:\/\/schema.org\",\"@graph\":[{\"@type\":\"WebPage\",\"@id\":\"https:\/\/sk-naturkosmetik.de\/fr\/produkt\/beaute-creme-douce-pour-le-visage-pour-les-peaux-jeunes-et-impures\/\",\"url\":\"https:\/\/sk-naturkosmetik.de\/fr\/produkt\/beaute-creme-douce-pour-le-visage-pour-les-peaux-jeunes-et-impures\/\",\"name\":\"BEAUT\u00c9 - Cr\u00e8me douce pour le visage pour les peaux jeunes et impures - SK Naturkosmetik\",\"isPartOf\":{\"@id\":\"https:\/\/sk-naturkosmetik.de\/fr\/#website\"},\"primaryImageOfPage\":{\"@id\":\"https:\/\/sk-naturkosmetik.de\/fr\/produkt\/beaute-creme-douce-pour-le-visage-pour-les-peaux-jeunes-et-impures\/#primaryimage\"},\"image\":{\"@id\":\"https:\/\/sk-naturkosmetik.de\/fr\/produkt\/beaute-creme-douce-pour-le-visage-pour-les-peaux-jeunes-et-impures\/#primaryimage\"},\"thumbnailUrl\":\"https:\/\/sk-naturkosmetik.de\/wp-content\/uploads\/2025\/12\/Schoenheit_01.jpg\",\"datePublished\":\"2026-01-10T07:18:26+00:00\",\"breadcrumb\":{\"@id\":\"https:\/\/sk-naturkosmetik.de\/fr\/produkt\/beaute-creme-douce-pour-le-visage-pour-les-peaux-jeunes-et-impures\/#breadcrumb\"},\"inLanguage\":\"fr-FR\",\"potentialAction\":[{\"@type\":\"ReadAction\",\"target\":[\"https:\/\/sk-naturkosmetik.de\/fr\/produkt\/beaute-creme-douce-pour-le-visage-pour-les-peaux-jeunes-et-impures\/\"]}]},{\"@type\":\"ImageObject\",\"inLanguage\":\"fr-FR\",\"@id\":\"https:\/\/sk-naturkosmetik.de\/fr\/produkt\/beaute-creme-douce-pour-le-visage-pour-les-peaux-jeunes-et-impures\/#primaryimage\",\"url\":\"https:\/\/sk-naturkosmetik.de\/wp-content\/uploads\/2025\/12\/Schoenheit_01.jpg\",\"contentUrl\":\"https:\/\/sk-naturkosmetik.de\/wp-content\/uploads\/2025\/12\/Schoenheit_01.jpg\",\"width\":1500,\"height\":1500,\"caption\":\"sch\u00f6nheit gesichtscreme naturkosmetik unreine haut\"},{\"@type\":\"BreadcrumbList\",\"@id\":\"https:\/\/sk-naturkosmetik.de\/fr\/produkt\/beaute-creme-douce-pour-le-visage-pour-les-peaux-jeunes-et-impures\/#breadcrumb\",\"itemListElement\":[{\"@type\":\"ListItem\",\"position\":1,\"name\":\"Start\",\"item\":\"https:\/\/sk-naturkosmetik.de\/fr\/page-daccueil\/\"},{\"@type\":\"ListItem\",\"position\":2,\"name\":\"Boutique\",\"item\":\"https:\/\/sk-naturkosmetik.de\/fr\/boutique\/\"},{\"@type\":\"ListItem\",\"position\":3,\"name\":\"BEAUT\u00c9 &#8211; Cr\u00e8me douce pour le visage pour les peaux jeunes et impures\"}]},{\"@type\":\"WebSite\",\"@id\":\"https:\/\/sk-naturkosmetik.de\/fr\/#website\",\"url\":\"https:\/\/sk-naturkosmetik.de\/fr\/\",\"name\":\"SK Naturkosmetik\",\"description\":\"Premium Naturkosmetik mit Naturkraft, die sichtbar wirkt.\",\"publisher\":{\"@id\":\"https:\/\/sk-naturkosmetik.de\/fr\/#organization\"},\"potentialAction\":[{\"@type\":\"SearchAction\",\"target\":{\"@type\":\"EntryPoint\",\"urlTemplate\":\"https:\/\/sk-naturkosmetik.de\/fr\/?s={search_term_string}\"},\"query-input\":{\"@type\":\"PropertyValueSpecification\",\"valueRequired\":true,\"valueName\":\"search_term_string\"}}],\"inLanguage\":\"fr-FR\"},{\"@type\":\"Organization\",\"@id\":\"https:\/\/sk-naturkosmetik.de\/fr\/#organization\",\"name\":\"SK Naturkosmetik\",\"url\":\"https:\/\/sk-naturkosmetik.de\/fr\/\",\"logo\":{\"@type\":\"ImageObject\",\"inLanguage\":\"fr-FR\",\"@id\":\"https:\/\/sk-naturkosmetik.de\/fr\/#\/schema\/logo\/image\/\",\"url\":\"https:\/\/sk-naturkosmetik.de\/wp-content\/uploads\/2025\/12\/Logo_SK_final-freigestellt.png\",\"contentUrl\":\"https:\/\/sk-naturkosmetik.de\/wp-content\/uploads\/2025\/12\/Logo_SK_final-freigestellt.png\",\"width\":814,\"height\":601,\"caption\":\"SK Naturkosmetik\"},\"image\":{\"@id\":\"https:\/\/sk-naturkosmetik.de\/fr\/#\/schema\/logo\/image\/\"},\"sameAs\":[\"https:\/\/www.facebook.com\/sksuggi\",\"https:\/\/www.instagram.com\/susanne_kaussen\/\"]}]}<\/script>\n<!-- \/ Yoast SEO plugin. -->","yoast_head_json":{"title":"BEAUT\u00c9 - Cr\u00e8me douce pour le visage pour les peaux jeunes et impures - SK Naturkosmetik","robots":{"index":"index","follow":"follow","max-snippet":"max-snippet:-1","max-image-preview":"max-image-preview:large","max-video-preview":"max-video-preview:-1"},"canonical":"https:\/\/sk-naturkosmetik.de\/fr\/produkt\/beaute-creme-douce-pour-le-visage-pour-les-peaux-jeunes-et-impures\/","og_locale":"fr_FR","og_type":"article","og_title":"BEAUT\u00c9 - Cr\u00e8me douce pour le visage pour les peaux jeunes et impures - SK Naturkosmetik","og_description":"Texture douce et cr\u00e9meuse, p\u00e9n\u00e8tre rapidement et ne graisse pas  Hydrate intens\u00e9ment et apaise les sensations de tiraillement  L'huile de jojoba et l'huile de coco apaisent et nourrissent la peau  Le MSM favorise le renouvellement des cellules et a un effet \u00e9quilibrant - id\u00e9al pour les peaux impures et jeunes  La prot\u00e9ine de bl\u00e9 renforce la barri\u00e8re de la peau et lui donne de la souplesse  Les huiles d'agrumes, l'eucalyptus et le menthol rafra\u00eechissent, clarifient et affinent le grain de peau  Avec de l'eau de source de pleine lune, v\u00e9g\u00e9talienne et faite \u00e0 la main en Allemagne","og_url":"https:\/\/sk-naturkosmetik.de\/fr\/produkt\/beaute-creme-douce-pour-le-visage-pour-les-peaux-jeunes-et-impures\/","og_site_name":"SK Naturkosmetik","article_publisher":"https:\/\/www.facebook.com\/sksuggi","og_image":[{"width":1500,"height":1500,"url":"https:\/\/sk-naturkosmetik.de\/wp-content\/uploads\/2025\/12\/Schoenheit_02.jpg","type":"image\/jpeg"}],"twitter_card":"summary_large_image","schema":{"@context":"https:\/\/schema.org","@graph":[{"@type":"WebPage","@id":"https:\/\/sk-naturkosmetik.de\/fr\/produkt\/beaute-creme-douce-pour-le-visage-pour-les-peaux-jeunes-et-impures\/","url":"https:\/\/sk-naturkosmetik.de\/fr\/produkt\/beaute-creme-douce-pour-le-visage-pour-les-peaux-jeunes-et-impures\/","name":"BEAUT\u00c9 - Cr\u00e8me douce pour le visage pour les peaux jeunes et impures - SK Naturkosmetik","isPartOf":{"@id":"https:\/\/sk-naturkosmetik.de\/fr\/#website"},"primaryImageOfPage":{"@id":"https:\/\/sk-naturkosmetik.de\/fr\/produkt\/beaute-creme-douce-pour-le-visage-pour-les-peaux-jeunes-et-impures\/#primaryimage"},"image":{"@id":"https:\/\/sk-naturkosmetik.de\/fr\/produkt\/beaute-creme-douce-pour-le-visage-pour-les-peaux-jeunes-et-impures\/#primaryimage"},"thumbnailUrl":"https:\/\/sk-naturkosmetik.de\/wp-content\/uploads\/2025\/12\/Schoenheit_01.jpg","datePublished":"2026-01-10T07:18:26+00:00","breadcrumb":{"@id":"https:\/\/sk-naturkosmetik.de\/fr\/produkt\/beaute-creme-douce-pour-le-visage-pour-les-peaux-jeunes-et-impures\/#breadcrumb"},"inLanguage":"fr-FR","potentialAction":[{"@type":"ReadAction","target":["https:\/\/sk-naturkosmetik.de\/fr\/produkt\/beaute-creme-douce-pour-le-visage-pour-les-peaux-jeunes-et-impures\/"]}]},{"@type":"ImageObject","inLanguage":"fr-FR","@id":"https:\/\/sk-naturkosmetik.de\/fr\/produkt\/beaute-creme-douce-pour-le-visage-pour-les-peaux-jeunes-et-impures\/#primaryimage","url":"https:\/\/sk-naturkosmetik.de\/wp-content\/uploads\/2025\/12\/Schoenheit_01.jpg","contentUrl":"https:\/\/sk-naturkosmetik.de\/wp-content\/uploads\/2025\/12\/Schoenheit_01.jpg","width":1500,"height":1500,"caption":"sch\u00f6nheit gesichtscreme naturkosmetik unreine haut"},{"@type":"BreadcrumbList","@id":"https:\/\/sk-naturkosmetik.de\/fr\/produkt\/beaute-creme-douce-pour-le-visage-pour-les-peaux-jeunes-et-impures\/#breadcrumb","itemListElement":[{"@type":"ListItem","position":1,"name":"Start","item":"https:\/\/sk-naturkosmetik.de\/fr\/page-daccueil\/"},{"@type":"ListItem","position":2,"name":"Boutique","item":"https:\/\/sk-naturkosmetik.de\/fr\/boutique\/"},{"@type":"ListItem","position":3,"name":"BEAUT\u00c9 &#8211; Cr\u00e8me douce pour le visage pour les peaux jeunes et impures"}]},{"@type":"WebSite","@id":"https:\/\/sk-naturkosmetik.de\/fr\/#website","url":"https:\/\/sk-naturkosmetik.de\/fr\/","name":"SK Naturkosmetik","description":"Premium Naturkosmetik mit Naturkraft, die sichtbar wirkt.","publisher":{"@id":"https:\/\/sk-naturkosmetik.de\/fr\/#organization"},"potentialAction":[{"@type":"SearchAction","target":{"@type":"EntryPoint","urlTemplate":"https:\/\/sk-naturkosmetik.de\/fr\/?s={search_term_string}"},"query-input":{"@type":"PropertyValueSpecification","valueRequired":true,"valueName":"search_term_string"}}],"inLanguage":"fr-FR"},{"@type":"Organization","@id":"https:\/\/sk-naturkosmetik.de\/fr\/#organization","name":"SK Naturkosmetik","url":"https:\/\/sk-naturkosmetik.de\/fr\/","logo":{"@type":"ImageObject","inLanguage":"fr-FR","@id":"https:\/\/sk-naturkosmetik.de\/fr\/#\/schema\/logo\/image\/","url":"https:\/\/sk-naturkosmetik.de\/wp-content\/uploads\/2025\/12\/Logo_SK_final-freigestellt.png","contentUrl":"https:\/\/sk-naturkosmetik.de\/wp-content\/uploads\/2025\/12\/Logo_SK_final-freigestellt.png","width":814,"height":601,"caption":"SK Naturkosmetik"},"image":{"@id":"https:\/\/sk-naturkosmetik.de\/fr\/#\/schema\/logo\/image\/"},"sameAs":["https:\/\/www.facebook.com\/sksuggi","https:\/\/www.instagram.com\/susanne_kaussen\/"]}]}},"_links":{"self":[{"href":"https:\/\/sk-naturkosmetik.de\/fr\/wp-json\/wp\/v2\/product\/2113","targetHints":{"allow":["GET"]}}],"collection":[{"href":"https:\/\/sk-naturkosmetik.de\/fr\/wp-json\/wp\/v2\/product"}],"about":[{"href":"https:\/\/sk-naturkosmetik.de\/fr\/wp-json\/wp\/v2\/types\/product"}],"replies":[{"embeddable":true,"href":"https:\/\/sk-naturkosmetik.de\/fr\/wp-json\/wp\/v2\/comments?post=2113"}],"wp:featuredmedia":[{"embeddable":true,"href":"https:\/\/sk-naturkosmetik.de\/fr\/wp-json\/wp\/v2\/media\/2127"}],"wp:attachment":[{"href":"https:\/\/sk-naturkosmetik.de\/fr\/wp-json\/wp\/v2\/media?parent=2113"}],"wp:term":[{"taxonomy":"product_brand","embeddable":true,"href":"https:\/\/sk-naturkosmetik.de\/fr\/wp-json\/wp\/v2\/product_brand?post=2113"},{"taxonomy":"product_cat","embeddable":true,"href":"https:\/\/sk-naturkosmetik.de\/fr\/wp-json\/wp\/v2\/product_cat?post=2113"},{"taxonomy":"product_tag","embeddable":true,"href":"https:\/\/sk-naturkosmetik.de\/fr\/wp-json\/wp\/v2\/product_tag?post=2113"}],"curies":[{"name":"wp","href":"https:\/\/api.w.org\/{rel}","templated":true}]}}