{"id":2154,"date":"2026-01-09T19:02:40","date_gmt":"2026-01-09T18:02:40","guid":{"rendered":"https:\/\/sk-naturkosmetik.de\/produkt\/energie-creme-pour-le-visage-pour-tous-les-types-de-peau\/"},"modified":"2026-01-09T19:02:40","modified_gmt":"2026-01-09T18:02:40","slug":"energie-creme-pour-le-visage-pour-tous-les-types-de-peau","status":"publish","type":"product","link":"https:\/\/sk-naturkosmetik.de\/fr\/produkt\/energie-creme-pour-le-visage-pour-tous-les-types-de-peau\/","title":{"rendered":"ENERGIE &#8211; Cr\u00e8me pour le visage pour tous les types de peau"},"excerpt":{"rendered":"<ul>\n<li>Cr\u00e8me pour le visage Q10 pour les peaux exigeantes et fatigu\u00e9es<\/li>\n<li>Non com\u00e9dog\u00e8ne et convient \u00e9galement aux peaux impures ou jeunes<\/li>\n<li>P\u00e9n\u00e8tre rapidement, sans film gras, id\u00e9al comme base de maquillage<\/li>\n<li>Favorise la protection contre le vieillissement pr\u00e9matur\u00e9 de la peau et renforce la barri\u00e8re cutan\u00e9e<\/li>\n<li>Les phospholipides et l&rsquo;aloe vera hydratent et apaisent la peau<\/li>\n<li>Les vitamines A et E favorisent la r\u00e9g\u00e9n\u00e9ration et l&rsquo;\u00e9lasticit\u00e9<\/li>\n<li>Cosm\u00e9tique naturelle, v\u00e9g\u00e9talienne sans ingr\u00e9dients nocifs<\/li>\n<li>Fait \u00e0 la main en Allemagne avec de l&rsquo;eau de source de pleine lune<\/li>\n<\/ul>\n","protected":false},"featured_media":2333,"comment_status":"closed","ping_status":"closed","template":"","meta":{"_acf_changed":false,"_et_pb_use_builder":"","_et_pb_old_content":"","_et_gb_content_width":""},"product_brand":[],"product_cat":[118],"product_tag":[],"class_list":{"0":"post-2154","1":"product","2":"type-product","3":"status-publish","4":"has-post-thumbnail","6":"product_cat-cremes-de-soin","8":"first","9":"instock","10":"taxable","11":"shipping-taxable","12":"purchasable","13":"product-type-simple"},"acf":[],"yoast_head":"<!-- This site is optimized with the Yoast SEO plugin v27.1 - https:\/\/yoast.com\/product\/yoast-seo-wordpress\/ -->\n<title>ENERGIE - Cr\u00e8me pour le visage pour tous les types de peau - SK Naturkosmetik<\/title>\n<meta name=\"robots\" content=\"index, follow, max-snippet:-1, max-image-preview:large, max-video-preview:-1\" \/>\n<link rel=\"canonical\" href=\"https:\/\/sk-naturkosmetik.de\/fr\/produkt\/energie-creme-pour-le-visage-pour-tous-les-types-de-peau\/\" \/>\n<meta property=\"og:locale\" content=\"fr_FR\" \/>\n<meta property=\"og:type\" content=\"article\" \/>\n<meta property=\"og:title\" content=\"ENERGIE - Cr\u00e8me pour le visage pour tous les types de peau - SK Naturkosmetik\" \/>\n<meta property=\"og:description\" content=\"Cr\u00e8me pour le visage Q10 pour les peaux exigeantes et fatigu\u00e9es  Non com\u00e9dog\u00e8ne et convient \u00e9galement aux peaux impures ou jeunes  P\u00e9n\u00e8tre rapidement, sans film gras, id\u00e9al comme base de maquillage  Favorise la protection contre le vieillissement pr\u00e9matur\u00e9 de la peau et renforce la barri\u00e8re cutan\u00e9e  Les phospholipides et l&#039;aloe vera hydratent et apaisent la peau  Les vitamines A et E favorisent la r\u00e9g\u00e9n\u00e9ration et l&#039;\u00e9lasticit\u00e9  Cosm\u00e9tique naturelle, v\u00e9g\u00e9talienne sans ingr\u00e9dients nocifs  Fait \u00e0 la main en Allemagne avec de l&#039;eau de source de pleine lune\" \/>\n<meta property=\"og:url\" content=\"https:\/\/sk-naturkosmetik.de\/fr\/produkt\/energie-creme-pour-le-visage-pour-tous-les-types-de-peau\/\" \/>\n<meta property=\"og:site_name\" content=\"SK Naturkosmetik\" \/>\n<meta property=\"article:publisher\" content=\"https:\/\/www.facebook.com\/sksuggi\" \/>\n<meta property=\"og:image\" content=\"https:\/\/sk-naturkosmetik.de\/wp-content\/uploads\/2026\/03\/Energie_clean_01.jpg\" \/>\n\t<meta property=\"og:image:width\" content=\"1500\" \/>\n\t<meta property=\"og:image:height\" content=\"1500\" \/>\n\t<meta property=\"og:image:type\" content=\"image\/jpeg\" \/>\n<meta name=\"twitter:card\" content=\"summary_large_image\" \/>\n<script type=\"application\/ld+json\" class=\"yoast-schema-graph\">{\"@context\":\"https:\/\/schema.org\",\"@graph\":[{\"@type\":\"WebPage\",\"@id\":\"https:\/\/sk-naturkosmetik.de\/fr\/produkt\/energie-creme-pour-le-visage-pour-tous-les-types-de-peau\/\",\"url\":\"https:\/\/sk-naturkosmetik.de\/fr\/produkt\/energie-creme-pour-le-visage-pour-tous-les-types-de-peau\/\",\"name\":\"ENERGIE - Cr\u00e8me pour le visage pour tous les types de peau - SK Naturkosmetik\",\"isPartOf\":{\"@id\":\"https:\/\/sk-naturkosmetik.de\/fr\/#website\"},\"primaryImageOfPage\":{\"@id\":\"https:\/\/sk-naturkosmetik.de\/fr\/produkt\/energie-creme-pour-le-visage-pour-tous-les-types-de-peau\/#primaryimage\"},\"image\":{\"@id\":\"https:\/\/sk-naturkosmetik.de\/fr\/produkt\/energie-creme-pour-le-visage-pour-tous-les-types-de-peau\/#primaryimage\"},\"thumbnailUrl\":\"https:\/\/sk-naturkosmetik.de\/wp-content\/uploads\/2026\/03\/Energie_clean_01.jpg\",\"datePublished\":\"2026-01-09T18:02:40+00:00\",\"breadcrumb\":{\"@id\":\"https:\/\/sk-naturkosmetik.de\/fr\/produkt\/energie-creme-pour-le-visage-pour-tous-les-types-de-peau\/#breadcrumb\"},\"inLanguage\":\"fr-FR\",\"potentialAction\":[{\"@type\":\"ReadAction\",\"target\":[\"https:\/\/sk-naturkosmetik.de\/fr\/produkt\/energie-creme-pour-le-visage-pour-tous-les-types-de-peau\/\"]}]},{\"@type\":\"ImageObject\",\"inLanguage\":\"fr-FR\",\"@id\":\"https:\/\/sk-naturkosmetik.de\/fr\/produkt\/energie-creme-pour-le-visage-pour-tous-les-types-de-peau\/#primaryimage\",\"url\":\"https:\/\/sk-naturkosmetik.de\/wp-content\/uploads\/2026\/03\/Energie_clean_01.jpg\",\"contentUrl\":\"https:\/\/sk-naturkosmetik.de\/wp-content\/uploads\/2026\/03\/Energie_clean_01.jpg\",\"width\":1500,\"height\":1500,\"caption\":\"energie gesichtscreme naturkosmetik f\u00fcr alle hauttypen\"},{\"@type\":\"BreadcrumbList\",\"@id\":\"https:\/\/sk-naturkosmetik.de\/fr\/produkt\/energie-creme-pour-le-visage-pour-tous-les-types-de-peau\/#breadcrumb\",\"itemListElement\":[{\"@type\":\"ListItem\",\"position\":1,\"name\":\"Start\",\"item\":\"https:\/\/sk-naturkosmetik.de\/fr\/page-daccueil\/\"},{\"@type\":\"ListItem\",\"position\":2,\"name\":\"Boutique\",\"item\":\"https:\/\/sk-naturkosmetik.de\/fr\/boutique\/\"},{\"@type\":\"ListItem\",\"position\":3,\"name\":\"ENERGIE &#8211; Cr\u00e8me pour le visage pour tous les types de peau\"}]},{\"@type\":\"WebSite\",\"@id\":\"https:\/\/sk-naturkosmetik.de\/fr\/#website\",\"url\":\"https:\/\/sk-naturkosmetik.de\/fr\/\",\"name\":\"SK Naturkosmetik\",\"description\":\"Premium Naturkosmetik mit Naturkraft, die sichtbar wirkt.\",\"publisher\":{\"@id\":\"https:\/\/sk-naturkosmetik.de\/fr\/#organization\"},\"potentialAction\":[{\"@type\":\"SearchAction\",\"target\":{\"@type\":\"EntryPoint\",\"urlTemplate\":\"https:\/\/sk-naturkosmetik.de\/fr\/?s={search_term_string}\"},\"query-input\":{\"@type\":\"PropertyValueSpecification\",\"valueRequired\":true,\"valueName\":\"search_term_string\"}}],\"inLanguage\":\"fr-FR\"},{\"@type\":\"Organization\",\"@id\":\"https:\/\/sk-naturkosmetik.de\/fr\/#organization\",\"name\":\"SK Naturkosmetik\",\"url\":\"https:\/\/sk-naturkosmetik.de\/fr\/\",\"logo\":{\"@type\":\"ImageObject\",\"inLanguage\":\"fr-FR\",\"@id\":\"https:\/\/sk-naturkosmetik.de\/fr\/#\/schema\/logo\/image\/\",\"url\":\"https:\/\/sk-naturkosmetik.de\/wp-content\/uploads\/2025\/12\/Logo_SK_final-freigestellt.png\",\"contentUrl\":\"https:\/\/sk-naturkosmetik.de\/wp-content\/uploads\/2025\/12\/Logo_SK_final-freigestellt.png\",\"width\":814,\"height\":601,\"caption\":\"SK Naturkosmetik\"},\"image\":{\"@id\":\"https:\/\/sk-naturkosmetik.de\/fr\/#\/schema\/logo\/image\/\"},\"sameAs\":[\"https:\/\/www.facebook.com\/sksuggi\",\"https:\/\/www.instagram.com\/susanne_kaussen\/\"]}]}<\/script>\n<!-- \/ Yoast SEO plugin. -->","yoast_head_json":{"title":"ENERGIE - Cr\u00e8me pour le visage pour tous les types de peau - SK Naturkosmetik","robots":{"index":"index","follow":"follow","max-snippet":"max-snippet:-1","max-image-preview":"max-image-preview:large","max-video-preview":"max-video-preview:-1"},"canonical":"https:\/\/sk-naturkosmetik.de\/fr\/produkt\/energie-creme-pour-le-visage-pour-tous-les-types-de-peau\/","og_locale":"fr_FR","og_type":"article","og_title":"ENERGIE - Cr\u00e8me pour le visage pour tous les types de peau - SK Naturkosmetik","og_description":"Cr\u00e8me pour le visage Q10 pour les peaux exigeantes et fatigu\u00e9es  Non com\u00e9dog\u00e8ne et convient \u00e9galement aux peaux impures ou jeunes  P\u00e9n\u00e8tre rapidement, sans film gras, id\u00e9al comme base de maquillage  Favorise la protection contre le vieillissement pr\u00e9matur\u00e9 de la peau et renforce la barri\u00e8re cutan\u00e9e  Les phospholipides et l'aloe vera hydratent et apaisent la peau  Les vitamines A et E favorisent la r\u00e9g\u00e9n\u00e9ration et l'\u00e9lasticit\u00e9  Cosm\u00e9tique naturelle, v\u00e9g\u00e9talienne sans ingr\u00e9dients nocifs  Fait \u00e0 la main en Allemagne avec de l'eau de source de pleine lune","og_url":"https:\/\/sk-naturkosmetik.de\/fr\/produkt\/energie-creme-pour-le-visage-pour-tous-les-types-de-peau\/","og_site_name":"SK Naturkosmetik","article_publisher":"https:\/\/www.facebook.com\/sksuggi","og_image":[{"width":1500,"height":1500,"url":"https:\/\/sk-naturkosmetik.de\/wp-content\/uploads\/2026\/03\/Energie_clean_01.jpg","type":"image\/jpeg"}],"twitter_card":"summary_large_image","schema":{"@context":"https:\/\/schema.org","@graph":[{"@type":"WebPage","@id":"https:\/\/sk-naturkosmetik.de\/fr\/produkt\/energie-creme-pour-le-visage-pour-tous-les-types-de-peau\/","url":"https:\/\/sk-naturkosmetik.de\/fr\/produkt\/energie-creme-pour-le-visage-pour-tous-les-types-de-peau\/","name":"ENERGIE - Cr\u00e8me pour le visage pour tous les types de peau - SK Naturkosmetik","isPartOf":{"@id":"https:\/\/sk-naturkosmetik.de\/fr\/#website"},"primaryImageOfPage":{"@id":"https:\/\/sk-naturkosmetik.de\/fr\/produkt\/energie-creme-pour-le-visage-pour-tous-les-types-de-peau\/#primaryimage"},"image":{"@id":"https:\/\/sk-naturkosmetik.de\/fr\/produkt\/energie-creme-pour-le-visage-pour-tous-les-types-de-peau\/#primaryimage"},"thumbnailUrl":"https:\/\/sk-naturkosmetik.de\/wp-content\/uploads\/2026\/03\/Energie_clean_01.jpg","datePublished":"2026-01-09T18:02:40+00:00","breadcrumb":{"@id":"https:\/\/sk-naturkosmetik.de\/fr\/produkt\/energie-creme-pour-le-visage-pour-tous-les-types-de-peau\/#breadcrumb"},"inLanguage":"fr-FR","potentialAction":[{"@type":"ReadAction","target":["https:\/\/sk-naturkosmetik.de\/fr\/produkt\/energie-creme-pour-le-visage-pour-tous-les-types-de-peau\/"]}]},{"@type":"ImageObject","inLanguage":"fr-FR","@id":"https:\/\/sk-naturkosmetik.de\/fr\/produkt\/energie-creme-pour-le-visage-pour-tous-les-types-de-peau\/#primaryimage","url":"https:\/\/sk-naturkosmetik.de\/wp-content\/uploads\/2026\/03\/Energie_clean_01.jpg","contentUrl":"https:\/\/sk-naturkosmetik.de\/wp-content\/uploads\/2026\/03\/Energie_clean_01.jpg","width":1500,"height":1500,"caption":"energie gesichtscreme naturkosmetik f\u00fcr alle hauttypen"},{"@type":"BreadcrumbList","@id":"https:\/\/sk-naturkosmetik.de\/fr\/produkt\/energie-creme-pour-le-visage-pour-tous-les-types-de-peau\/#breadcrumb","itemListElement":[{"@type":"ListItem","position":1,"name":"Start","item":"https:\/\/sk-naturkosmetik.de\/fr\/page-daccueil\/"},{"@type":"ListItem","position":2,"name":"Boutique","item":"https:\/\/sk-naturkosmetik.de\/fr\/boutique\/"},{"@type":"ListItem","position":3,"name":"ENERGIE &#8211; Cr\u00e8me pour le visage pour tous les types de peau"}]},{"@type":"WebSite","@id":"https:\/\/sk-naturkosmetik.de\/fr\/#website","url":"https:\/\/sk-naturkosmetik.de\/fr\/","name":"SK Naturkosmetik","description":"Premium Naturkosmetik mit Naturkraft, die sichtbar wirkt.","publisher":{"@id":"https:\/\/sk-naturkosmetik.de\/fr\/#organization"},"potentialAction":[{"@type":"SearchAction","target":{"@type":"EntryPoint","urlTemplate":"https:\/\/sk-naturkosmetik.de\/fr\/?s={search_term_string}"},"query-input":{"@type":"PropertyValueSpecification","valueRequired":true,"valueName":"search_term_string"}}],"inLanguage":"fr-FR"},{"@type":"Organization","@id":"https:\/\/sk-naturkosmetik.de\/fr\/#organization","name":"SK Naturkosmetik","url":"https:\/\/sk-naturkosmetik.de\/fr\/","logo":{"@type":"ImageObject","inLanguage":"fr-FR","@id":"https:\/\/sk-naturkosmetik.de\/fr\/#\/schema\/logo\/image\/","url":"https:\/\/sk-naturkosmetik.de\/wp-content\/uploads\/2025\/12\/Logo_SK_final-freigestellt.png","contentUrl":"https:\/\/sk-naturkosmetik.de\/wp-content\/uploads\/2025\/12\/Logo_SK_final-freigestellt.png","width":814,"height":601,"caption":"SK Naturkosmetik"},"image":{"@id":"https:\/\/sk-naturkosmetik.de\/fr\/#\/schema\/logo\/image\/"},"sameAs":["https:\/\/www.facebook.com\/sksuggi","https:\/\/www.instagram.com\/susanne_kaussen\/"]}]}},"_links":{"self":[{"href":"https:\/\/sk-naturkosmetik.de\/fr\/wp-json\/wp\/v2\/product\/2154","targetHints":{"allow":["GET"]}}],"collection":[{"href":"https:\/\/sk-naturkosmetik.de\/fr\/wp-json\/wp\/v2\/product"}],"about":[{"href":"https:\/\/sk-naturkosmetik.de\/fr\/wp-json\/wp\/v2\/types\/product"}],"replies":[{"embeddable":true,"href":"https:\/\/sk-naturkosmetik.de\/fr\/wp-json\/wp\/v2\/comments?post=2154"}],"wp:featuredmedia":[{"embeddable":true,"href":"https:\/\/sk-naturkosmetik.de\/fr\/wp-json\/wp\/v2\/media\/2333"}],"wp:attachment":[{"href":"https:\/\/sk-naturkosmetik.de\/fr\/wp-json\/wp\/v2\/media?parent=2154"}],"wp:term":[{"taxonomy":"product_brand","embeddable":true,"href":"https:\/\/sk-naturkosmetik.de\/fr\/wp-json\/wp\/v2\/product_brand?post=2154"},{"taxonomy":"product_cat","embeddable":true,"href":"https:\/\/sk-naturkosmetik.de\/fr\/wp-json\/wp\/v2\/product_cat?post=2154"},{"taxonomy":"product_tag","embeddable":true,"href":"https:\/\/sk-naturkosmetik.de\/fr\/wp-json\/wp\/v2\/product_tag?post=2154"}],"curies":[{"name":"wp","href":"https:\/\/api.w.org\/{rel}","templated":true}]}}